{"id":5439,"date":"2023-04-13T09:32:29","date_gmt":"2023-04-13T09:32:29","guid":{"rendered":"https:\/\/www.jelenov-greben.si\/?page_id=5439"},"modified":"2023-08-02T09:25:17","modified_gmt":"2023-08-02T09:25:17","slug":"lesni-studio-cnc","status":"publish","type":"page","link":"https:\/\/www.jelenov-greben.si\/it\/lesni-studio-cnc\/","title":{"rendered":"Studio del legno CNC"},"content":{"rendered":"<div data-elementor-type=\"wp-page\" data-elementor-id=\"5439\" class=\"elementor elementor-5439\" data-elementor-post-type=\"page\">\n\t\t\t\t\t\t<section class=\"elementor-section elementor-top-section elementor-element elementor-element-21d5da7 elementor-section-boxed elementor-section-height-default elementor-section-height-default\" data-id=\"21d5da7\" data-element_type=\"section\" data-e-type=\"section\">\n\t\t\t\t\t\t<div class=\"elementor-container elementor-column-gap-default\">\n\t\t\t\t\t<div class=\"elementor-column elementor-col-100 elementor-top-column elementor-element elementor-element-3b72f7c\" data-id=\"3b72f7c\" data-element_type=\"column\" data-e-type=\"column\">\n\t\t\t<div class=\"elementor-widget-wrap elementor-element-populated\">\n\t\t\t\t\t\t<div class=\"elementor-element elementor-element-1eb258a elementor-widget elementor-widget-heading\" data-id=\"1eb258a\" data-element_type=\"widget\" data-e-type=\"widget\" data-widget_type=\"heading.default\">\n\t\t\t\t<div class=\"elementor-widget-container\">\n\t\t\t\t\t<h2 class=\"elementor-heading-title elementor-size-default\">Studio del legno CNC<\/h2>\t\t\t\t<\/div>\n\t\t\t\t<\/div>\n\t\t\t\t\t<\/div>\n\t\t<\/div>\n\t\t\t\t\t<\/div>\n\t\t<\/section>\n\t\t\t\t<section class=\"elementor-section elementor-top-section elementor-element elementor-element-d32ecaa elementor-section-boxed elementor-section-height-default elementor-section-height-default\" data-id=\"d32ecaa\" data-element_type=\"section\" data-e-type=\"section\">\n\t\t\t\t\t\t<div class=\"elementor-container elementor-column-gap-default\">\n\t\t\t\t\t<div class=\"elementor-column elementor-col-100 elementor-top-column elementor-element elementor-element-e0905a0\" data-id=\"e0905a0\" data-element_type=\"column\" data-e-type=\"column\">\n\t\t\t<div class=\"elementor-widget-wrap elementor-element-populated\">\n\t\t\t\t\t\t<div class=\"elementor-element elementor-element-5b619e1 elementor-widget elementor-widget-image\" data-id=\"5b619e1\" data-element_type=\"widget\" data-e-type=\"widget\" data-widget_type=\"image.default\">\n\t\t\t\t<div class=\"elementor-widget-container\">\n\t\t\t\t\t\t\t\t\t\t\t\t\t\t\t<img fetchpriority=\"high\" decoding=\"async\" width=\"768\" height=\"512\" src=\"https:\/\/www.jelenov-greben.si\/wp-content\/uploads\/2023\/02\/MLP_3367-768x512.jpg\" class=\"attachment-medium_large size-medium_large wp-image-5034\" alt=\"\" srcset=\"https:\/\/www.jelenov-greben.si\/wp-content\/uploads\/2023\/02\/MLP_3367-768x512.jpg 768w, https:\/\/www.jelenov-greben.si\/wp-content\/uploads\/2023\/02\/MLP_3367-300x200.jpg 300w, https:\/\/www.jelenov-greben.si\/wp-content\/uploads\/2023\/02\/MLP_3367-1024x683.jpg 1024w, https:\/\/www.jelenov-greben.si\/wp-content\/uploads\/2023\/02\/MLP_3367-1536x1024.jpg 1536w\" sizes=\"(max-width: 768px) 100vw, 768px\" \/>\t\t\t\t\t\t\t\t\t\t\t\t\t\t\t<\/div>\n\t\t\t\t<\/div>\n\t\t\t\t<div class=\"elementor-element elementor-element-06bede9 elementor-widget elementor-widget-text-editor\" data-id=\"06bede9\" data-element_type=\"widget\" data-e-type=\"widget\" data-widget_type=\"text-editor.default\">\n\t\t\t\t<div class=\"elementor-widget-container\">\n\t\t\t\t\t\t\t\t\t<h4>Il nostro laboratorio di falegnameria fa s\u00ec che i nostri vassoi da caff\u00e8 siano qualcosa di unico e speciale. La prima cosa che noti in officina \u00e8 la macchina CNC. A Jelenovo greben si incidono legno e materiali duri da anni e anni, quindi l&#039;acquisto di una macchina CNC \u00e8 stato un aggiornamento logico. Abbiamo portato i prodotti a un livello ancora pi\u00f9 alto e abbiamo iniziato a combinare il legno con materiali epossidici.\u00a0<\/h4><p>\u00a0<\/p><h4>Ben 90% prodotti in legno - scale, vetrine, armadi, ... sono realizzati proprio in questo laboratorio del legno.\u00a0<\/h4>\t\t\t\t\t\t\t\t<\/div>\n\t\t\t\t<\/div>\n\t\t\t\t\t<\/div>\n\t\t<\/div>\n\t\t\t\t\t<\/div>\n\t\t<\/section>\n\t\t\t\t<section class=\"elementor-section elementor-top-section elementor-element elementor-element-6adf837 elementor-section-boxed elementor-section-height-default elementor-section-height-default\" data-id=\"6adf837\" data-element_type=\"section\" data-e-type=\"section\">\n\t\t\t\t\t\t<div class=\"elementor-container elementor-column-gap-default\">\n\t\t\t\t\t<div class=\"elementor-column elementor-col-20 elementor-top-column elementor-element elementor-element-c045e29\" data-id=\"c045e29\" data-element_type=\"column\" data-e-type=\"column\">\n\t\t\t<div class=\"elementor-widget-wrap elementor-element-populated\">\n\t\t\t\t\t\t<div class=\"elementor-element elementor-element-834ccc9 elementor-widget elementor-widget-image\" data-id=\"834ccc9\" data-element_type=\"widget\" data-e-type=\"widget\" data-widget_type=\"image.default\">\n\t\t\t\t<div class=\"elementor-widget-container\">\n\t\t\t\t\t\t\t\t\t\t\t\t\t\t\t\t<a href=\"https:\/\/www.jelenov-greben.si\/it\/trgovina\/izdelek\/hrastov-lesdeska-za-rezanje-jelencek\/\">\n\t\t\t\t\t\t\t<img decoding=\"async\" src=\"https:\/\/www.jelenov-greben.si\/wp-content\/uploads\/2023\/04\/jelencek.png\" title=\"\" alt=\"\" loading=\"lazy\" \/>\t\t\t\t\t\t\t\t<\/a>\n\t\t\t\t\t\t\t\t\t\t\t\t\t\t\t<\/div>\n\t\t\t\t<\/div>\n\t\t\t\t\t<\/div>\n\t\t<\/div>\n\t\t\t\t<div class=\"elementor-column elementor-col-20 elementor-top-column elementor-element elementor-element-01e1ae7\" data-id=\"01e1ae7\" data-element_type=\"column\" data-e-type=\"column\">\n\t\t\t<div class=\"elementor-widget-wrap elementor-element-populated\">\n\t\t\t\t\t\t<div class=\"elementor-element elementor-element-991bcc0 elementor-widget elementor-widget-image\" data-id=\"991bcc0\" data-element_type=\"widget\" data-e-type=\"widget\" data-widget_type=\"image.default\">\n\t\t\t\t<div class=\"elementor-widget-container\">\n\t\t\t\t\t\t\t\t\t\t\t\t\t\t\t\t<a href=\"https:\/\/www.jelenov-greben.si\/it\/trgovina\/izdelek\/hrastov-lesdeska-za-rezanje-z-luknjo-ali-brez-dolzina-40-cm\/\">\n\t\t\t\t\t\t\t<img decoding=\"async\" src=\"https:\/\/www.jelenov-greben.si\/wp-content\/uploads\/2023\/04\/deska-za-rezanje.png\" title=\"\" alt=\"\" loading=\"lazy\" \/>\t\t\t\t\t\t\t\t<\/a>\n\t\t\t\t\t\t\t\t\t\t\t\t\t\t\t<\/div>\n\t\t\t\t<\/div>\n\t\t\t\t\t<\/div>\n\t\t<\/div>\n\t\t\t\t<div class=\"elementor-column elementor-col-20 elementor-top-column elementor-element elementor-element-4ab322e\" data-id=\"4ab322e\" data-element_type=\"column\" data-e-type=\"column\">\n\t\t\t<div class=\"elementor-widget-wrap elementor-element-populated\">\n\t\t\t\t\t\t<div class=\"elementor-element elementor-element-99c7371 elementor-widget elementor-widget-image\" data-id=\"99c7371\" data-element_type=\"widget\" data-e-type=\"widget\" data-widget_type=\"image.default\">\n\t\t\t\t<div class=\"elementor-widget-container\">\n\t\t\t\t\t\t\t\t\t\t\t\t\t\t\t\t<a href=\"https:\/\/www.jelenov-greben.si\/it\/trgovina\/izdelek\/hrastov-lesdeska-za-rezanje-z-luknjo-dolzina-50-cm\/\">\n\t\t\t\t\t\t\t<img decoding=\"async\" src=\"https:\/\/www.jelenov-greben.si\/wp-content\/uploads\/2023\/04\/epoxy-slovenija.png\" title=\"\" alt=\"\" loading=\"lazy\" \/>\t\t\t\t\t\t\t\t<\/a>\n\t\t\t\t\t\t\t\t\t\t\t\t\t\t\t<\/div>\n\t\t\t\t<\/div>\n\t\t\t\t\t<\/div>\n\t\t<\/div>\n\t\t\t\t<div class=\"elementor-column elementor-col-20 elementor-top-column elementor-element elementor-element-d409cb5\" data-id=\"d409cb5\" data-element_type=\"column\" data-e-type=\"column\">\n\t\t\t<div class=\"elementor-widget-wrap elementor-element-populated\">\n\t\t\t\t\t\t<div class=\"elementor-element elementor-element-5530c68 elementor-widget elementor-widget-image\" data-id=\"5530c68\" data-element_type=\"widget\" data-e-type=\"widget\" data-widget_type=\"image.default\">\n\t\t\t\t<div class=\"elementor-widget-container\">\n\t\t\t\t\t\t\t\t\t\t\t\t\t\t\t\t<a href=\"https:\/\/www.jelenov-greben.si\/it\/trgovina\/izdelek\/hrastov-lesdeska-za-rezanje-z-rocajem\/\">\n\t\t\t\t\t\t\t<img decoding=\"async\" src=\"https:\/\/www.jelenov-greben.si\/wp-content\/uploads\/2023\/04\/mandala.png\" title=\"\" alt=\"\" loading=\"lazy\" \/>\t\t\t\t\t\t\t\t<\/a>\n\t\t\t\t\t\t\t\t\t\t\t\t\t\t\t<\/div>\n\t\t\t\t<\/div>\n\t\t\t\t\t<\/div>\n\t\t<\/div>\n\t\t\t\t<div class=\"elementor-column elementor-col-20 elementor-top-column elementor-element elementor-element-4af5ecc\" data-id=\"4af5ecc\" data-element_type=\"column\" data-e-type=\"column\">\n\t\t\t<div class=\"elementor-widget-wrap elementor-element-populated\">\n\t\t\t\t\t\t<div class=\"elementor-element elementor-element-c2e8899 elementor-widget elementor-widget-image\" data-id=\"c2e8899\" data-element_type=\"widget\" data-e-type=\"widget\" data-widget_type=\"image.default\">\n\t\t\t\t<div class=\"elementor-widget-container\">\n\t\t\t\t\t\t\t\t\t\t\t\t\t\t\t\t<a href=\"https:\/\/www.jelenov-greben.si\/it\/trgovina\/izdelek\/epoxy-deska\/\">\n\t\t\t\t\t\t\t<img decoding=\"async\" src=\"https:\/\/www.jelenov-greben.si\/wp-content\/uploads\/2023\/04\/epoxy-deska-spletna.png\" title=\"\" alt=\"\" loading=\"lazy\" \/>\t\t\t\t\t\t\t\t<\/a>\n\t\t\t\t\t\t\t\t\t\t\t\t\t\t\t<\/div>\n\t\t\t\t<\/div>\n\t\t\t\t\t<\/div>\n\t\t<\/div>\n\t\t\t\t\t<\/div>\n\t\t<\/section>\n\t\t\t\t<\/div>","protected":false},"excerpt":{"rendered":"<p>Lesni studio CNC Na\u0161a mizarska delavnica,\u00a0 poskrbi, da so na\u0161i pladnji za kavo nekaj unikatnega in posebnega. V delavnici najprej opazite CNC stroj. Na Jelenovem grebenu se \u017ee leta in leta gravira na les in laster materiale, zato je bil nakup CNC stroja logi\u010dna nadgradnja. Izdelke smo ponesli na \u0161e vi\u0161ji nivo in za\u010deli s [&hellip;]<\/p>","protected":false},"author":1,"featured_media":0,"parent":0,"menu_order":0,"comment_status":"closed","ping_status":"closed","template":"","meta":{"_eb_attr":"","site-sidebar-layout":"no-sidebar","site-content-layout":"page-builder","ast-site-content-layout":"","site-content-style":"default","site-sidebar-style":"default","ast-global-header-display":"","ast-banner-title-visibility":"","ast-main-header-display":"","ast-hfb-above-header-display":"","ast-hfb-below-header-display":"","ast-hfb-mobile-header-display":"","site-post-title":"disabled","ast-breadcrumbs-content":"","ast-featured-img":"disabled","footer-sml-layout":"","theme-transparent-header-meta":"disabled","adv-header-id-meta":"","stick-header-meta":"","header-above-stick-meta":"","header-main-stick-meta":"","header-below-stick-meta":"","astra-migrate-meta-layouts":"default","ast-page-background-enabled":"default","ast-page-background-meta":{"desktop":{"background-color":"var(--ast-global-color-4)","background-image":"","background-repeat":"repeat","background-position":"center center","background-size":"auto","background-attachment":"scroll","background-type":"","background-media":"","overlay-type":"","overlay-color":"","overlay-opacity":"","overlay-gradient":""},"tablet":{"background-color":"","background-image":"","background-repeat":"repeat","background-position":"center center","background-size":"auto","background-attachment":"scroll","background-type":"","background-media":"","overlay-type":"","overlay-color":"","overlay-opacity":"","overlay-gradient":""},"mobile":{"background-color":"","background-image":"","background-repeat":"repeat","background-position":"center center","background-size":"auto","background-attachment":"scroll","background-type":"","background-media":"","overlay-type":"","overlay-color":"","overlay-opacity":"","overlay-gradient":""}},"ast-content-background-meta":{"desktop":{"background-color":"var(--ast-global-color-5)","background-image":"","background-repeat":"repeat","background-position":"center center","background-size":"auto","background-attachment":"scroll","background-type":"","background-media":"","overlay-type":"","overlay-color":"","overlay-opacity":"","overlay-gradient":""},"tablet":{"background-color":"var(--ast-global-color-5)","background-image":"","background-repeat":"repeat","background-position":"center center","background-size":"auto","background-attachment":"scroll","background-type":"","background-media":"","overlay-type":"","overlay-color":"","overlay-opacity":"","overlay-gradient":""},"mobile":{"background-color":"var(--ast-global-color-5)","background-image":"","background-repeat":"repeat","background-position":"center center","background-size":"auto","background-attachment":"scroll","background-type":"","background-media":"","overlay-type":"","overlay-color":"","overlay-opacity":"","overlay-gradient":""}},"footnotes":""},"class_list":["post-5439","page","type-page","status-publish","hentry"],"_links":{"self":[{"href":"https:\/\/www.jelenov-greben.si\/it\/wp-json\/wp\/v2\/pages\/5439","targetHints":{"allow":["GET"]}}],"collection":[{"href":"https:\/\/www.jelenov-greben.si\/it\/wp-json\/wp\/v2\/pages"}],"about":[{"href":"https:\/\/www.jelenov-greben.si\/it\/wp-json\/wp\/v2\/types\/page"}],"author":[{"embeddable":true,"href":"https:\/\/www.jelenov-greben.si\/it\/wp-json\/wp\/v2\/users\/1"}],"replies":[{"embeddable":true,"href":"https:\/\/www.jelenov-greben.si\/it\/wp-json\/wp\/v2\/comments?post=5439"}],"version-history":[{"count":0,"href":"https:\/\/www.jelenov-greben.si\/it\/wp-json\/wp\/v2\/pages\/5439\/revisions"}],"wp:attachment":[{"href":"https:\/\/www.jelenov-greben.si\/it\/wp-json\/wp\/v2\/media?parent=5439"}],"curies":[{"name":"wp","href":"https:\/\/api.w.org\/{rel}","templated":true}]}}