{"id":1406,"date":"2021-01-07T10:47:04","date_gmt":"2021-01-07T10:47:04","guid":{"rendered":"http:\/\/localhost\/wordpress\/?page_id=1406"},"modified":"2025-03-16T17:14:19","modified_gmt":"2025-03-16T17:14:19","slug":"pod-grebenom","status":"publish","type":"page","link":"https:\/\/www.jelenov-greben.si\/sl\/pod-grebenom\/","title":{"rendered":"Penzion Pod grebenom"},"content":{"rendered":"\t\t<div data-elementor-type=\"wp-page\" data-elementor-id=\"1406\" class=\"elementor elementor-1406\" data-elementor-post-type=\"page\">\n\t\t\t\t\t\t<section class=\"elementor-section elementor-top-section elementor-element elementor-element-78e0127 elementor-section-height-full enllaxend elementor-section-boxed elementor-section-height-default elementor-section-items-middle\" data-id=\"78e0127\" data-element_type=\"section\" data-e-type=\"section\" data-settings=\"{&quot;background_background&quot;:&quot;classic&quot;,&quot;animation&quot;:&quot;none&quot;}\">\n\t\t\t\t\t\t\t<div class=\"elementor-background-overlay\"><\/div>\n\t\t\t\t\t\t\t<div class=\"elementor-container elementor-column-gap-default\">\n\t\t\t\t\t<div class=\"elementor-column elementor-col-100 elementor-top-column elementor-element elementor-element-72bb0e8\" data-id=\"72bb0e8\" data-element_type=\"column\" data-e-type=\"column\">\n\t\t\t<div class=\"elementor-widget-wrap elementor-element-populated\">\n\t\t\t\t\t\t<div class=\"elementor-element elementor-element-945f1b3 elementor-widget elementor-widget-spacer\" data-id=\"945f1b3\" data-element_type=\"widget\" data-e-type=\"widget\" data-widget_type=\"spacer.default\">\n\t\t\t\t<div class=\"elementor-widget-container\">\n\t\t\t\t\t\t\t<div class=\"elementor-spacer\">\n\t\t\t<div class=\"elementor-spacer-inner\"><\/div>\n\t\t<\/div>\n\t\t\t\t\t\t<\/div>\n\t\t\t\t<\/div>\n\t\t\t\t<div class=\"elementor-element elementor-element-99d8fcf animated-slow elementor-invisible elementor-widget elementor-widget-heading\" data-id=\"99d8fcf\" data-element_type=\"widget\" data-e-type=\"widget\" data-settings=\"{&quot;_animation&quot;:&quot;fadeIn&quot;}\" data-widget_type=\"heading.default\">\n\t\t\t\t<div class=\"elementor-widget-container\">\n\t\t\t\t\t<h1 class=\"elementor-heading-title elementor-size-default\">\u010cAJNICA IN KAVARNA POD GREBENOM<\/h1>\t\t\t\t<\/div>\n\t\t\t\t<\/div>\n\t\t\t\t<div class=\"elementor-element elementor-element-dc1aefa elementor-widget elementor-widget-spacer\" data-id=\"dc1aefa\" data-element_type=\"widget\" data-e-type=\"widget\" data-widget_type=\"spacer.default\">\n\t\t\t\t<div class=\"elementor-widget-container\">\n\t\t\t\t\t\t\t<div class=\"elementor-spacer\">\n\t\t\t<div class=\"elementor-spacer-inner\"><\/div>\n\t\t<\/div>\n\t\t\t\t\t\t<\/div>\n\t\t\t\t<\/div>\n\t\t\t\t\t<\/div>\n\t\t<\/div>\n\t\t\t\t\t<\/div>\n\t\t<\/section>\n\t\t\t\t<section class=\"elementor-section elementor-top-section elementor-element elementor-element-fc70d0b elementor-section-boxed elementor-section-height-default elementor-section-height-default\" data-id=\"fc70d0b\" data-element_type=\"section\" data-e-type=\"section\">\n\t\t\t\t\t\t<div class=\"elementor-container elementor-column-gap-default\">\n\t\t\t\t\t<div class=\"elementor-column elementor-col-100 elementor-top-column elementor-element elementor-element-491445b\" data-id=\"491445b\" data-element_type=\"column\" data-e-type=\"column\">\n\t\t\t<div class=\"elementor-widget-wrap elementor-element-populated\">\n\t\t\t\t\t\t<div class=\"elementor-element elementor-element-0b1fac7 elementor-widget elementor-widget-spacer\" data-id=\"0b1fac7\" data-element_type=\"widget\" data-e-type=\"widget\" data-widget_type=\"spacer.default\">\n\t\t\t\t<div class=\"elementor-widget-container\">\n\t\t\t\t\t\t\t<div class=\"elementor-spacer\">\n\t\t\t<div class=\"elementor-spacer-inner\"><\/div>\n\t\t<\/div>\n\t\t\t\t\t\t<\/div>\n\t\t\t\t<\/div>\n\t\t\t\t\t<\/div>\n\t\t<\/div>\n\t\t\t\t\t<\/div>\n\t\t<\/section>\n\t\t\t\t<section class=\"elementor-section elementor-top-section elementor-element elementor-element-61cb5d5 elementor-section-boxed elementor-section-height-default elementor-section-height-default\" data-id=\"61cb5d5\" data-element_type=\"section\" data-e-type=\"section\">\n\t\t\t\t\t\t<div class=\"elementor-container elementor-column-gap-default\">\n\t\t\t\t\t<div class=\"elementor-column elementor-col-100 elementor-top-column elementor-element elementor-element-02224c7\" data-id=\"02224c7\" data-element_type=\"column\" data-e-type=\"column\">\n\t\t\t<div class=\"elementor-widget-wrap elementor-element-populated\">\n\t\t\t\t\t\t<div class=\"elementor-element elementor-element-a7c9438 elementor-widget elementor-widget-heading\" data-id=\"a7c9438\" data-element_type=\"widget\" data-e-type=\"widget\" data-widget_type=\"heading.default\">\n\t\t\t\t<div class=\"elementor-widget-container\">\n\t\t\t\t\t<h1 class=\"elementor-heading-title elementor-size-default\">BUTI\u010cNA \u010cAJNICA V OSR\u010cJU OLIMJA<\/h1>\t\t\t\t<\/div>\n\t\t\t\t<\/div>\n\t\t\t\t\t<\/div>\n\t\t<\/div>\n\t\t\t\t\t<\/div>\n\t\t<\/section>\n\t\t\t\t<section class=\"elementor-section elementor-top-section elementor-element elementor-element-1d1df57 elementor-section-boxed elementor-section-height-default elementor-section-height-default\" data-id=\"1d1df57\" data-element_type=\"section\" data-e-type=\"section\" data-settings=\"{&quot;background_background&quot;:&quot;gradient&quot;}\">\n\t\t\t\t\t\t<div class=\"elementor-container elementor-column-gap-default\">\n\t\t\t\t\t<div class=\"elementor-column elementor-col-100 elementor-top-column elementor-element elementor-element-5f9f04e animated-slow elementor-hidden-phone\" data-id=\"5f9f04e\" data-element_type=\"column\" data-e-type=\"column\" data-settings=\"{&quot;animation&quot;:&quot;none&quot;}\">\n\t\t\t<div class=\"elementor-widget-wrap elementor-element-populated\">\n\t\t\t\t\t\t<div class=\"elementor-element elementor-element-e9ca3e1 elementor-widget elementor-widget-text-editor\" data-id=\"e9ca3e1\" data-element_type=\"widget\" data-e-type=\"widget\" data-widget_type=\"text-editor.default\">\n\t\t\t\t<div class=\"elementor-widget-container\">\n\t\t\t\t\t\t\t\t\t<p>Le nekaj metrov od Gosti\u0161\u010da Jelenov greben, nasproti samostana Olimje se nahaja \u010dajnica Pod grebenom, kjer nudimo doma\u010de \u010daje iz samostana Olimje in doma\u010dega zeli\u0161\u010dnega vrta.<\/p><p>V \u010dajnici imamo prav poseben koti\u010dek, kjer si lahko sami pripravite skodelico \u010daja z omamnim vonjem in okusom.\u00a0<span style=\"font-size: 20px; color: var( --e-global-color-6c790ba );\">Nudimo vam doma\u010de sladice, pester izbor doma\u010dih sokov in \u017eganic, ki jih pridelujemo sami.\u00a0<\/span><\/p>\t\t\t\t\t\t\t\t<\/div>\n\t\t\t\t<\/div>\n\t\t\t\t\t<\/div>\n\t\t<\/div>\n\t\t\t\t\t<\/div>\n\t\t<\/section>\n\t\t\t\t<section class=\"elementor-section elementor-top-section elementor-element elementor-element-13c2775 elementor-section-boxed elementor-section-height-default elementor-section-height-default\" data-id=\"13c2775\" data-element_type=\"section\" data-e-type=\"section\">\n\t\t\t\t\t\t<div class=\"elementor-container elementor-column-gap-default\">\n\t\t\t\t\t<div class=\"elementor-column elementor-col-100 elementor-top-column elementor-element elementor-element-d7d6e0c\" data-id=\"d7d6e0c\" data-element_type=\"column\" data-e-type=\"column\">\n\t\t\t<div class=\"elementor-widget-wrap elementor-element-populated\">\n\t\t\t\t\t\t<div class=\"elementor-element elementor-element-2c70ee5 elementor-widget elementor-widget-gallery\" data-id=\"2c70ee5\" data-element_type=\"widget\" data-e-type=\"widget\" data-settings=\"{&quot;gallery_layout&quot;:&quot;masonry&quot;,&quot;columns_tablet&quot;:4,&quot;columns_mobile&quot;:2,&quot;gap&quot;:{&quot;unit&quot;:&quot;px&quot;,&quot;size&quot;:11,&quot;sizes&quot;:[]},&quot;gap_tablet&quot;:{&quot;unit&quot;:&quot;px&quot;,&quot;size&quot;:8,&quot;sizes&quot;:[]},&quot;lazyload&quot;:&quot;yes&quot;,&quot;columns&quot;:4,&quot;gap_mobile&quot;:{&quot;unit&quot;:&quot;px&quot;,&quot;size&quot;:10,&quot;sizes&quot;:[]},&quot;link_to&quot;:&quot;file&quot;,&quot;content_hover_animation&quot;:&quot;fade-in&quot;}\" data-widget_type=\"gallery.default\">\n\t\t\t\t<div class=\"elementor-widget-container\">\n\t\t\t\t\t\t\t<div class=\"elementor-gallery__container\">\n\t\t\t\t\t\t\t<a class=\"e-gallery-item elementor-gallery-item elementor-animated-content\" href=\"https:\/\/www.jelenov-greben.si\/wp-content\/uploads\/2025\/03\/20240813_132228-scaled.jpg\" data-elementor-open-lightbox=\"yes\" data-elementor-lightbox-slideshow=\"2c70ee5\" data-elementor-lightbox-title=\"20240813_132228\" data-e-action-hash=\"#elementor-action%3Aaction%3Dlightbox%26settings%3DeyJpZCI6ODk5OCwidXJsIjoiaHR0cHM6XC9cL3d3dy5qZWxlbm92LWdyZWJlbi5zaVwvd3AtY29udGVudFwvdXBsb2Fkc1wvMjAyNVwvMDNcLzIwMjQwODEzXzEzMjIyOC1zY2FsZWQuanBnIiwic2xpZGVzaG93IjoiMmM3MGVlNSJ9\">\n\t\t\t\t\t<div class=\"e-gallery-image elementor-gallery-item__image\" data-thumbnail=\"https:\/\/www.jelenov-greben.si\/wp-content\/uploads\/2025\/03\/20240813_132228-768x1364.jpg\" data-width=\"768\" data-height=\"1364\" aria-label=\"\" role=\"img\" ><\/div>\n\t\t\t\t\t\t\t\t\t\t\t\t\t\t<\/a>\n\t\t\t\t\t\t\t<a class=\"e-gallery-item elementor-gallery-item elementor-animated-content\" href=\"https:\/\/www.jelenov-greben.si\/wp-content\/uploads\/2023\/10\/384518859_1035598617478243_2432760729605147221_n.jpg\" data-elementor-open-lightbox=\"yes\" data-elementor-lightbox-slideshow=\"2c70ee5\" data-elementor-lightbox-title=\"384518859_1035598617478243_2432760729605147221_n\" data-e-action-hash=\"#elementor-action%3Aaction%3Dlightbox%26settings%3DeyJpZCI6NjQzMywidXJsIjoiaHR0cHM6XC9cL3d3dy5qZWxlbm92LWdyZWJlbi5zaVwvd3AtY29udGVudFwvdXBsb2Fkc1wvMjAyM1wvMTBcLzM4NDUxODg1OV8xMDM1NTk4NjE3NDc4MjQzXzI0MzI3NjA3Mjk2MDUxNDcyMjFfbi5qcGciLCJzbGlkZXNob3ciOiIyYzcwZWU1In0%3D\">\n\t\t\t\t\t<div class=\"e-gallery-image elementor-gallery-item__image\" data-thumbnail=\"https:\/\/www.jelenov-greben.si\/wp-content\/uploads\/2023\/10\/384518859_1035598617478243_2432760729605147221_n-768x1364.jpg\" data-width=\"768\" data-height=\"1364\" aria-label=\"\" role=\"img\" ><\/div>\n\t\t\t\t\t\t\t\t\t\t\t\t\t\t<\/a>\n\t\t\t\t\t\t\t<a class=\"e-gallery-item elementor-gallery-item elementor-animated-content\" href=\"https:\/\/www.jelenov-greben.si\/wp-content\/uploads\/2023\/10\/384516247_3597258913826153_6115617170207457151_n.jpg\" data-elementor-open-lightbox=\"yes\" data-elementor-lightbox-slideshow=\"2c70ee5\" data-elementor-lightbox-title=\"384516247_3597258913826153_6115617170207457151_n\" data-e-action-hash=\"#elementor-action%3Aaction%3Dlightbox%26settings%3DeyJpZCI6NjQzNywidXJsIjoiaHR0cHM6XC9cL3d3dy5qZWxlbm92LWdyZWJlbi5zaVwvd3AtY29udGVudFwvdXBsb2Fkc1wvMjAyM1wvMTBcLzM4NDUxNjI0N18zNTk3MjU4OTEzODI2MTUzXzYxMTU2MTcxNzAyMDc0NTcxNTFfbi5qcGciLCJzbGlkZXNob3ciOiIyYzcwZWU1In0%3D\">\n\t\t\t\t\t<div class=\"e-gallery-image elementor-gallery-item__image\" data-thumbnail=\"https:\/\/www.jelenov-greben.si\/wp-content\/uploads\/2023\/10\/384516247_3597258913826153_6115617170207457151_n-768x1364.jpg\" data-width=\"768\" data-height=\"1364\" aria-label=\"\" role=\"img\" ><\/div>\n\t\t\t\t\t\t\t\t\t\t\t\t\t\t<\/a>\n\t\t\t\t\t\t\t<a class=\"e-gallery-item elementor-gallery-item elementor-animated-content\" href=\"https:\/\/www.jelenov-greben.si\/wp-content\/uploads\/2023\/10\/384513881_1071090930978014_3480391175073609944_n.jpg\" data-elementor-open-lightbox=\"yes\" data-elementor-lightbox-slideshow=\"2c70ee5\" data-elementor-lightbox-title=\"384513881_1071090930978014_3480391175073609944_n\" data-e-action-hash=\"#elementor-action%3Aaction%3Dlightbox%26settings%3DeyJpZCI6NjQzNSwidXJsIjoiaHR0cHM6XC9cL3d3dy5qZWxlbm92LWdyZWJlbi5zaVwvd3AtY29udGVudFwvdXBsb2Fkc1wvMjAyM1wvMTBcLzM4NDUxMzg4MV8xMDcxMDkwOTMwOTc4MDE0XzM0ODAzOTExNzUwNzM2MDk5NDRfbi5qcGciLCJzbGlkZXNob3ciOiIyYzcwZWU1In0%3D\">\n\t\t\t\t\t<div class=\"e-gallery-image elementor-gallery-item__image\" data-thumbnail=\"https:\/\/www.jelenov-greben.si\/wp-content\/uploads\/2023\/10\/384513881_1071090930978014_3480391175073609944_n-768x1364.jpg\" data-width=\"768\" data-height=\"1364\" aria-label=\"\" role=\"img\" ><\/div>\n\t\t\t\t\t\t\t\t\t\t\t\t\t\t<\/a>\n\t\t\t\t\t\t\t<a class=\"e-gallery-item elementor-gallery-item elementor-animated-content\" href=\"https:\/\/www.jelenov-greben.si\/wp-content\/uploads\/2025\/03\/IMG_9348-scaled.jpeg\" data-elementor-open-lightbox=\"yes\" data-elementor-lightbox-slideshow=\"2c70ee5\" data-elementor-lightbox-title=\"IMG_9348\" data-e-action-hash=\"#elementor-action%3Aaction%3Dlightbox%26settings%3DeyJpZCI6ODk5NSwidXJsIjoiaHR0cHM6XC9cL3d3dy5qZWxlbm92LWdyZWJlbi5zaVwvd3AtY29udGVudFwvdXBsb2Fkc1wvMjAyNVwvMDNcL0lNR185MzQ4LXNjYWxlZC5qcGVnIiwic2xpZGVzaG93IjoiMmM3MGVlNSJ9\">\n\t\t\t\t\t<div class=\"e-gallery-image elementor-gallery-item__image\" data-thumbnail=\"https:\/\/www.jelenov-greben.si\/wp-content\/uploads\/2025\/03\/IMG_9348-768x1024.jpeg\" data-width=\"768\" data-height=\"1024\" aria-label=\"\" role=\"img\" ><\/div>\n\t\t\t\t\t\t\t\t\t\t\t\t\t\t<\/a>\n\t\t\t\t\t\t\t<a class=\"e-gallery-item elementor-gallery-item elementor-animated-content\" href=\"https:\/\/www.jelenov-greben.si\/wp-content\/uploads\/2023\/10\/384517301_281985461303687_6159371500328774768_n.jpg\" data-elementor-open-lightbox=\"yes\" data-elementor-lightbox-slideshow=\"2c70ee5\" data-elementor-lightbox-title=\"384517301_281985461303687_6159371500328774768_n\" data-e-action-hash=\"#elementor-action%3Aaction%3Dlightbox%26settings%3DeyJpZCI6NjQzMSwidXJsIjoiaHR0cHM6XC9cL3d3dy5qZWxlbm92LWdyZWJlbi5zaVwvd3AtY29udGVudFwvdXBsb2Fkc1wvMjAyM1wvMTBcLzM4NDUxNzMwMV8yODE5ODU0NjEzMDM2ODdfNjE1OTM3MTUwMDMyODc3NDc2OF9uLmpwZyIsInNsaWRlc2hvdyI6IjJjNzBlZTUifQ%3D%3D\">\n\t\t\t\t\t<div class=\"e-gallery-image elementor-gallery-item__image\" data-thumbnail=\"https:\/\/www.jelenov-greben.si\/wp-content\/uploads\/2023\/10\/384517301_281985461303687_6159371500328774768_n-768x1364.jpg\" data-width=\"768\" data-height=\"1364\" aria-label=\"\" role=\"img\" ><\/div>\n\t\t\t\t\t\t\t\t\t\t\t\t\t\t<\/a>\n\t\t\t\t\t\t\t<a class=\"e-gallery-item elementor-gallery-item elementor-animated-content\" href=\"https:\/\/www.jelenov-greben.si\/wp-content\/uploads\/2023\/10\/384513919_1231809147811726_57953857136811465_n.jpg\" data-elementor-open-lightbox=\"yes\" data-elementor-lightbox-slideshow=\"2c70ee5\" data-elementor-lightbox-title=\"384513919_1231809147811726_57953857136811465_n\" data-e-action-hash=\"#elementor-action%3Aaction%3Dlightbox%26settings%3DeyJpZCI6NjQzOCwidXJsIjoiaHR0cHM6XC9cL3d3dy5qZWxlbm92LWdyZWJlbi5zaVwvd3AtY29udGVudFwvdXBsb2Fkc1wvMjAyM1wvMTBcLzM4NDUxMzkxOV8xMjMxODA5MTQ3ODExNzI2XzU3OTUzODU3MTM2ODExNDY1X24uanBnIiwic2xpZGVzaG93IjoiMmM3MGVlNSJ9\">\n\t\t\t\t\t<div class=\"e-gallery-image elementor-gallery-item__image\" data-thumbnail=\"https:\/\/www.jelenov-greben.si\/wp-content\/uploads\/2023\/10\/384513919_1231809147811726_57953857136811465_n-768x1364.jpg\" data-width=\"768\" data-height=\"1364\" aria-label=\"\" role=\"img\" ><\/div>\n\t\t\t\t\t\t\t\t\t\t\t\t\t\t<\/a>\n\t\t\t\t\t\t\t<a class=\"e-gallery-item elementor-gallery-item elementor-animated-content\" href=\"https:\/\/www.jelenov-greben.si\/wp-content\/uploads\/2025\/03\/IMG_9384-scaled.jpeg\" data-elementor-open-lightbox=\"yes\" data-elementor-lightbox-slideshow=\"2c70ee5\" data-elementor-lightbox-title=\"IMG_9384\" data-e-action-hash=\"#elementor-action%3Aaction%3Dlightbox%26settings%3DeyJpZCI6ODk5NiwidXJsIjoiaHR0cHM6XC9cL3d3dy5qZWxlbm92LWdyZWJlbi5zaVwvd3AtY29udGVudFwvdXBsb2Fkc1wvMjAyNVwvMDNcL0lNR185Mzg0LXNjYWxlZC5qcGVnIiwic2xpZGVzaG93IjoiMmM3MGVlNSJ9\">\n\t\t\t\t\t<div class=\"e-gallery-image elementor-gallery-item__image\" data-thumbnail=\"https:\/\/www.jelenov-greben.si\/wp-content\/uploads\/2025\/03\/IMG_9384-768x576.jpeg\" data-width=\"768\" data-height=\"576\" aria-label=\"\" role=\"img\" ><\/div>\n\t\t\t\t\t\t\t\t\t\t\t\t\t\t<\/a>\n\t\t\t\t\t<\/div>\n\t\t\t\t\t<\/div>\n\t\t\t\t<\/div>\n\t\t\t\t\t<\/div>\n\t\t<\/div>\n\t\t\t\t\t<\/div>\n\t\t<\/section>\n\t\t\t\t<section class=\"elementor-section elementor-top-section elementor-element elementor-element-a543084 elementor-section-boxed elementor-section-height-default elementor-section-height-default\" data-id=\"a543084\" data-element_type=\"section\" data-e-type=\"section\">\n\t\t\t\t\t\t<div class=\"elementor-container elementor-column-gap-default\">\n\t\t\t\t\t<div class=\"elementor-column elementor-col-100 elementor-top-column elementor-element elementor-element-51da419\" data-id=\"51da419\" data-element_type=\"column\" data-e-type=\"column\">\n\t\t\t<div class=\"elementor-widget-wrap elementor-element-populated\">\n\t\t\t\t\t\t<div class=\"elementor-element elementor-element-086f3f8 elementor-widget elementor-widget-heading\" data-id=\"086f3f8\" data-element_type=\"widget\" data-e-type=\"widget\" data-widget_type=\"heading.default\">\n\t\t\t\t<div class=\"elementor-widget-container\">\n\t\t\t\t\t<h2 class=\"elementor-heading-title elementor-size-default\">PRENO\u010cI\u0160\u010cA<\/h2>\t\t\t\t<\/div>\n\t\t\t\t<\/div>\n\t\t\t\t\t<\/div>\n\t\t<\/div>\n\t\t\t\t\t<\/div>\n\t\t<\/section>\n\t\t\t\t<section class=\"elementor-section elementor-top-section elementor-element elementor-element-c837f78 elementor-section-boxed elementor-section-height-default elementor-section-height-default\" data-id=\"c837f78\" data-element_type=\"section\" data-e-type=\"section\">\n\t\t\t\t\t\t<div class=\"elementor-container elementor-column-gap-default\">\n\t\t\t\t\t<div class=\"elementor-column elementor-col-100 elementor-top-column elementor-element elementor-element-cb417a4\" data-id=\"cb417a4\" data-element_type=\"column\" data-e-type=\"column\">\n\t\t\t<div class=\"elementor-widget-wrap elementor-element-populated\">\n\t\t\t\t\t\t<div class=\"elementor-element elementor-element-6871058 elementor-widget elementor-widget-text-editor\" data-id=\"6871058\" data-element_type=\"widget\" data-e-type=\"widget\" data-widget_type=\"text-editor.default\">\n\t\t\t\t<div class=\"elementor-widget-container\">\n\t\t\t\t\t\t\t\t\t<p>V penzionu Pod grebenom je na voljo 5 dvoposteljnih sob.\u00a0<\/p><p>Vse sobe imajo zakonsko le\u017ei\u0161\u010de in kopalnico s tu\u0161em, WC-jem in su\u0161ilnikom za lase.\u00a0<\/p><p>2 sobi gledata na posestvo Jelenov greben, dve na cerkev s samostanom v Olimju in ena na sosednjo kmetijo.\u00a0<\/p><p><strong>NO\u010cITVE LAHKO REZERVIRATE TUKAJ:\u00a0<\/strong><\/p>\t\t\t\t\t\t\t\t<\/div>\n\t\t\t\t<\/div>\n\t\t\t\t<div class=\"elementor-element elementor-element-37e9945 elementor-align-center elementor-widget elementor-widget-button\" data-id=\"37e9945\" data-element_type=\"widget\" data-e-type=\"widget\" data-widget_type=\"button.default\">\n\t\t\t\t<div class=\"elementor-widget-container\">\n\t\t\t\t\t\t\t\t\t<div class=\"elementor-button-wrapper\">\n\t\t\t\t\t<a class=\"elementor-button elementor-button-link elementor-size-sm\" href=\"https:\/\/www.jelenov-greben.si\/sl\/nastanitve\/sobe-jelen-2\/\">\n\t\t\t\t\t\t<span class=\"elementor-button-content-wrapper\">\n\t\t\t\t\t\t\t\t\t<span class=\"elementor-button-text\">REZERVACIJA SOB <\/span>\n\t\t\t\t\t<\/span>\n\t\t\t\t\t<\/a>\n\t\t\t\t<\/div>\n\t\t\t\t\t\t\t\t<\/div>\n\t\t\t\t<\/div>\n\t\t\t\t\t<\/div>\n\t\t<\/div>\n\t\t\t\t\t<\/div>\n\t\t<\/section>\n\t\t\t\t<\/div>\n\t\t","protected":false},"excerpt":{"rendered":"<p>\u010cAJNICA IN KAVARNA POD GREBENOM BUTI\u010cNA \u010cAJNICA V OSR\u010cJU OLIMJA Le nekaj metrov od Gosti\u0161\u010da Jelenov greben, nasproti samostana Olimje se nahaja \u010dajnica Pod grebenom, kjer nudimo doma\u010de \u010daje iz samostana Olimje in doma\u010dega zeli\u0161\u010dnega vrta. V \u010dajnici imamo prav poseben koti\u010dek, kjer si lahko sami pripravite skodelico \u010daja z omamnim vonjem in okusom.\u00a0Nudimo vam [&hellip;]<\/p>\n","protected":false},"author":1,"featured_media":0,"parent":0,"menu_order":0,"comment_status":"closed","ping_status":"closed","template":"","meta":{"_eb_attr":"","site-sidebar-layout":"no-sidebar","site-content-layout":"page-builder","ast-site-content-layout":"","site-content-style":"default","site-sidebar-style":"default","ast-global-header-display":"","ast-banner-title-visibility":"","ast-main-header-display":"","ast-hfb-above-header-display":"","ast-hfb-below-header-display":"","ast-hfb-mobile-header-display":"","site-post-title":"disabled","ast-breadcrumbs-content":"","ast-featured-img":"disabled","footer-sml-layout":"","theme-transparent-header-meta":"enabled","adv-header-id-meta":"","stick-header-meta":"","header-above-stick-meta":"","header-main-stick-meta":"","header-below-stick-meta":"","astra-migrate-meta-layouts":"default","ast-page-background-enabled":"default","ast-page-background-meta":{"desktop":{"background-color":"var(--ast-global-color-4)","background-image":"","background-repeat":"repeat","background-position":"center center","background-size":"auto","background-attachment":"scroll","background-type":"","background-media":"","overlay-type":"","overlay-color":"","overlay-opacity":"","overlay-gradient":""},"tablet":{"background-color":"","background-image":"","background-repeat":"repeat","background-position":"center center","background-size":"auto","background-attachment":"scroll","background-type":"","background-media":"","overlay-type":"","overlay-color":"","overlay-opacity":"","overlay-gradient":""},"mobile":{"background-color":"","background-image":"","background-repeat":"repeat","background-position":"center center","background-size":"auto","background-attachment":"scroll","background-type":"","background-media":"","overlay-type":"","overlay-color":"","overlay-opacity":"","overlay-gradient":""}},"ast-content-background-meta":{"desktop":{"background-color":"var(--ast-global-color-5)","background-image":"","background-repeat":"repeat","background-position":"center center","background-size":"auto","background-attachment":"scroll","background-type":"","background-media":"","overlay-type":"","overlay-color":"","overlay-opacity":"","overlay-gradient":""},"tablet":{"background-color":"var(--ast-global-color-5)","background-image":"","background-repeat":"repeat","background-position":"center center","background-size":"auto","background-attachment":"scroll","background-type":"","background-media":"","overlay-type":"","overlay-color":"","overlay-opacity":"","overlay-gradient":""},"mobile":{"background-color":"var(--ast-global-color-5)","background-image":"","background-repeat":"repeat","background-position":"center center","background-size":"auto","background-attachment":"scroll","background-type":"","background-media":"","overlay-type":"","overlay-color":"","overlay-opacity":"","overlay-gradient":""}},"footnotes":""},"class_list":["post-1406","page","type-page","status-publish","hentry"],"_links":{"self":[{"href":"https:\/\/www.jelenov-greben.si\/sl\/wp-json\/wp\/v2\/pages\/1406","targetHints":{"allow":["GET"]}}],"collection":[{"href":"https:\/\/www.jelenov-greben.si\/sl\/wp-json\/wp\/v2\/pages"}],"about":[{"href":"https:\/\/www.jelenov-greben.si\/sl\/wp-json\/wp\/v2\/types\/page"}],"author":[{"embeddable":true,"href":"https:\/\/www.jelenov-greben.si\/sl\/wp-json\/wp\/v2\/users\/1"}],"replies":[{"embeddable":true,"href":"https:\/\/www.jelenov-greben.si\/sl\/wp-json\/wp\/v2\/comments?post=1406"}],"version-history":[{"count":28,"href":"https:\/\/www.jelenov-greben.si\/sl\/wp-json\/wp\/v2\/pages\/1406\/revisions"}],"predecessor-version":[{"id":9370,"href":"https:\/\/www.jelenov-greben.si\/sl\/wp-json\/wp\/v2\/pages\/1406\/revisions\/9370"}],"wp:attachment":[{"href":"https:\/\/www.jelenov-greben.si\/sl\/wp-json\/wp\/v2\/media?parent=1406"}],"curies":[{"name":"wp","href":"https:\/\/api.w.org\/{rel}","templated":true}]}}