{"id":1435,"date":"2021-01-07T11:14:17","date_gmt":"2021-01-07T11:14:17","guid":{"rendered":"http:\/\/localhost\/wordpress\/?page_id=1435"},"modified":"2026-02-20T10:51:17","modified_gmt":"2026-02-20T10:51:17","slug":"vinoteka","status":"publish","type":"page","link":"https:\/\/www.jelenov-greben.si\/sl\/vinoteka\/","title":{"rendered":"Vinoteka \u00bbStar&#8217; ata\u00ab"},"content":{"rendered":"\t\t<div data-elementor-type=\"wp-page\" data-elementor-id=\"1435\" class=\"elementor elementor-1435\" data-elementor-post-type=\"page\">\n\t\t\t\t\t\t<section class=\"elementor-section elementor-top-section elementor-element elementor-element-c9a1147 elementor-section-height-min-height enllaxend elementor-section-full_width elementor-section-height-default elementor-section-items-middle\" data-id=\"c9a1147\" data-element_type=\"section\" data-e-type=\"section\" data-settings=\"{&quot;background_background&quot;:&quot;classic&quot;,&quot;animation&quot;:&quot;none&quot;}\">\n\t\t\t\t\t\t\t<div class=\"elementor-background-overlay\"><\/div>\n\t\t\t\t\t\t\t<div class=\"elementor-container elementor-column-gap-default\">\n\t\t\t\t\t<div class=\"elementor-column elementor-col-100 elementor-top-column elementor-element elementor-element-c832dbe\" data-id=\"c832dbe\" data-element_type=\"column\" data-e-type=\"column\">\n\t\t\t<div class=\"elementor-widget-wrap elementor-element-populated\">\n\t\t\t\t\t\t<div class=\"elementor-element elementor-element-365fec6 elementor-widget elementor-widget-spacer\" data-id=\"365fec6\" data-element_type=\"widget\" data-e-type=\"widget\" data-widget_type=\"spacer.default\">\n\t\t\t\t<div class=\"elementor-widget-container\">\n\t\t\t\t\t\t\t<div class=\"elementor-spacer\">\n\t\t\t<div class=\"elementor-spacer-inner\"><\/div>\n\t\t<\/div>\n\t\t\t\t\t\t<\/div>\n\t\t\t\t<\/div>\n\t\t\t\t<div class=\"elementor-element elementor-element-15ade9d animated-slow elementor-invisible elementor-widget elementor-widget-heading\" data-id=\"15ade9d\" data-element_type=\"widget\" data-e-type=\"widget\" data-settings=\"{&quot;_animation&quot;:&quot;fadeIn&quot;}\" data-widget_type=\"heading.default\">\n\t\t\t\t<div class=\"elementor-widget-container\">\n\t\t\t\t\t<h1 class=\"elementor-heading-title elementor-size-default\">VINOTEKA ''Star ata''<\/h1>\t\t\t\t<\/div>\n\t\t\t\t<\/div>\n\t\t\t\t<div class=\"elementor-element elementor-element-24b5fa0 elementor-widget elementor-widget-spacer\" data-id=\"24b5fa0\" data-element_type=\"widget\" data-e-type=\"widget\" data-widget_type=\"spacer.default\">\n\t\t\t\t<div class=\"elementor-widget-container\">\n\t\t\t\t\t\t\t<div class=\"elementor-spacer\">\n\t\t\t<div class=\"elementor-spacer-inner\"><\/div>\n\t\t<\/div>\n\t\t\t\t\t\t<\/div>\n\t\t\t\t<\/div>\n\t\t\t\t\t<\/div>\n\t\t<\/div>\n\t\t\t\t\t<\/div>\n\t\t<\/section>\n\t\t<div class=\"elementor-element elementor-element-ff2964c e-flex e-con-boxed e-con e-parent\" data-id=\"ff2964c\" data-element_type=\"container\" data-e-type=\"container\">\n\t\t\t\t\t<div class=\"e-con-inner\">\n\t\t\t\t<div class=\"elementor-element elementor-element-36109f3 elementor-widget elementor-widget-spacer\" data-id=\"36109f3\" data-element_type=\"widget\" data-e-type=\"widget\" data-widget_type=\"spacer.default\">\n\t\t\t\t<div class=\"elementor-widget-container\">\n\t\t\t\t\t\t\t<div class=\"elementor-spacer\">\n\t\t\t<div class=\"elementor-spacer-inner\"><\/div>\n\t\t<\/div>\n\t\t\t\t\t\t<\/div>\n\t\t\t\t<\/div>\n\t\t\t\t\t<\/div>\n\t\t\t\t<\/div>\n\t\t\t\t<section class=\"elementor-section elementor-top-section elementor-element elementor-element-efadf88 elementor-section-boxed elementor-section-height-default elementor-section-height-default\" data-id=\"efadf88\" data-element_type=\"section\" data-e-type=\"section\">\n\t\t\t\t\t\t<div class=\"elementor-container elementor-column-gap-default\">\n\t\t\t\t\t<div class=\"elementor-column elementor-col-100 elementor-top-column elementor-element elementor-element-1642906\" data-id=\"1642906\" data-element_type=\"column\" data-e-type=\"column\">\n\t\t\t<div class=\"elementor-widget-wrap elementor-element-populated\">\n\t\t\t\t\t\t<div class=\"elementor-element elementor-element-d59d890 elementor-widget elementor-widget-heading\" data-id=\"d59d890\" data-element_type=\"widget\" data-e-type=\"widget\" data-widget_type=\"heading.default\">\n\t\t\t\t<div class=\"elementor-widget-container\">\n\t\t\t\t\t<h2 class=\"elementor-heading-title elementor-size-default\">OD KOD IME? <\/h2>\t\t\t\t<\/div>\n\t\t\t\t<\/div>\n\t\t\t\t<div class=\"elementor-element elementor-element-aa77116 elementor-widget elementor-widget-text-editor\" data-id=\"aa77116\" data-element_type=\"widget\" data-e-type=\"widget\" data-widget_type=\"text-editor.default\">\n\t\t\t\t<div class=\"elementor-widget-container\">\n\t\t\t\t\t\t\t\t\t<p>Vinoteka je posve\u010dena na\u0161emu staremu dedu Ivanu Amonu, ki je s svojo strastjo do pridelave \u017elahtnega vina zaznamoval na\u0161 prostor. V znak hvale\u017enosti smo vinoteko poimenovali po njem \u00a0<strong>Star&#8217; ata<\/strong>. Ime nosi spomin na \u010dloveka, ki nas je nau\u010dil ceniti tradicijo, trdo delo, naravo v kateri \u017eivimo, ter dal navdih, da to dedi\u0161\u010dino prena\u0161amo naprej.<\/p><p>V na\u0161i vinoteki ponujamo vina ve\u010d kot 20 priznanih slovenskih vinarjev, ki so prejemniki \u0161tevilnih nagrad tako doma kot v tujini. Skrbno izbran izbor vin odra\u017ea bogastvo slovenskih vinorodnih okoli\u0161ev, vrhunsko kakovost in predanost.\u00a0<\/p><p>Vinarji, ki jih najdete pri nas:\u00a0<\/p><p>Steyer, Mramor,\u00a0 Prus, Slap\u0161ak, Pra -vino, Bati\u010d, Erzeti\u010d, Lisjak,\u00a0 \u0160toka, \u0160\u010durek, Edi Sim\u010di\u010d, Kristan\u010di\u010d, Jakon\u010di\u010d, Sanctum, Isteni\u010d in drugi.<\/p>\t\t\t\t\t\t\t\t<\/div>\n\t\t\t\t<\/div>\n\t\t\t\t\t<\/div>\n\t\t<\/div>\n\t\t\t\t\t<\/div>\n\t\t<\/section>\n\t\t<div class=\"elementor-element elementor-element-2309b31 e-grid e-con-boxed e-con e-parent\" data-id=\"2309b31\" data-element_type=\"container\" data-e-type=\"container\">\n\t\t\t\t\t<div class=\"e-con-inner\">\n\t\t\t\t<div class=\"elementor-element elementor-element-7b7bcb0 elementor-widget elementor-widget-image\" data-id=\"7b7bcb0\" data-element_type=\"widget\" data-e-type=\"widget\" data-widget_type=\"image.default\">\n\t\t\t\t<div class=\"elementor-widget-container\">\n\t\t\t\t\t\t\t\t\t\t\t\t\t\t\t<img fetchpriority=\"high\" decoding=\"async\" width=\"1024\" height=\"683\" src=\"https:\/\/www.jelenov-greben.si\/wp-content\/uploads\/2025\/02\/Poroka-32-1024x683.jpg\" class=\"attachment-large size-large wp-image-8670\" alt=\"\" srcset=\"https:\/\/www.jelenov-greben.si\/wp-content\/uploads\/2025\/02\/Poroka-32-1024x683.jpg 1024w, https:\/\/www.jelenov-greben.si\/wp-content\/uploads\/2025\/02\/Poroka-32-1536x1024.jpg 1536w, https:\/\/www.jelenov-greben.si\/wp-content\/uploads\/2025\/02\/Poroka-32-2048x1365.jpg 2048w, https:\/\/www.jelenov-greben.si\/wp-content\/uploads\/2025\/02\/Poroka-32-scaled-e1770970487379-18x12.jpg 18w\" sizes=\"(max-width: 1024px) 100vw, 1024px\" \/>\t\t\t\t\t\t\t\t\t\t\t\t\t\t\t<\/div>\n\t\t\t\t<\/div>\n\t\t\t\t<div class=\"elementor-element elementor-element-30d031e elementor-widget elementor-widget-image\" data-id=\"30d031e\" data-element_type=\"widget\" data-e-type=\"widget\" data-widget_type=\"image.default\">\n\t\t\t\t<div class=\"elementor-widget-container\">\n\t\t\t\t\t\t\t\t\t\t\t\t\t\t\t<img decoding=\"async\" width=\"768\" height=\"507\" src=\"https:\/\/www.jelenov-greben.si\/wp-content\/uploads\/2024\/11\/jelenov_greben_web-55-1-scaled-e1770970509572-768x507.jpg\" class=\"attachment-medium_large size-medium_large wp-image-8286\" alt=\"\" srcset=\"https:\/\/www.jelenov-greben.si\/wp-content\/uploads\/2024\/11\/jelenov_greben_web-55-1-scaled-e1770970509572-768x507.jpg 768w, https:\/\/www.jelenov-greben.si\/wp-content\/uploads\/2024\/11\/jelenov_greben_web-55-1-scaled-e1770970509572-300x198.jpg 300w, https:\/\/www.jelenov-greben.si\/wp-content\/uploads\/2024\/11\/jelenov_greben_web-55-1-scaled-e1770970509572-18x12.jpg 18w, https:\/\/www.jelenov-greben.si\/wp-content\/uploads\/2024\/11\/jelenov_greben_web-55-1-scaled-e1770970509572.jpg 1000w\" sizes=\"(max-width: 768px) 100vw, 768px\" \/>\t\t\t\t\t\t\t\t\t\t\t\t\t\t\t<\/div>\n\t\t\t\t<\/div>\n\t\t\t\t<div class=\"elementor-element elementor-element-3b11a9d elementor-widget elementor-widget-image\" data-id=\"3b11a9d\" data-element_type=\"widget\" data-e-type=\"widget\" data-widget_type=\"image.default\">\n\t\t\t\t<div class=\"elementor-widget-container\">\n\t\t\t\t\t\t\t\t\t\t\t\t\t\t\t<img decoding=\"async\" width=\"1024\" height=\"684\" src=\"https:\/\/www.jelenov-greben.si\/wp-content\/uploads\/2021\/05\/17-1024x684.jpg\" class=\"attachment-large size-large wp-image-3609\" alt=\"\" srcset=\"https:\/\/www.jelenov-greben.si\/wp-content\/uploads\/2021\/05\/17-1024x684.jpg 1024w, https:\/\/www.jelenov-greben.si\/wp-content\/uploads\/2021\/05\/17-e1770970778410-18x12.jpg 18w\" sizes=\"(max-width: 1024px) 100vw, 1024px\" \/>\t\t\t\t\t\t\t\t\t\t\t\t\t\t\t<\/div>\n\t\t\t\t<\/div>\n\t\t\t\t<div class=\"elementor-element elementor-element-a5cc518 elementor-widget elementor-widget-image\" data-id=\"a5cc518\" data-element_type=\"widget\" data-e-type=\"widget\" data-widget_type=\"image.default\">\n\t\t\t\t<div class=\"elementor-widget-container\">\n\t\t\t\t\t\t\t\t\t\t\t\t\t\t\t<img loading=\"lazy\" decoding=\"async\" width=\"1024\" height=\"745\" src=\"https:\/\/www.jelenov-greben.si\/wp-content\/uploads\/2023\/10\/20231008_115550-scaled-e1770900240310-1024x745.jpg\" class=\"attachment-large size-large wp-image-6504\" alt=\"\" srcset=\"https:\/\/www.jelenov-greben.si\/wp-content\/uploads\/2023\/10\/20231008_115550-scaled-e1770900240310-1024x745.jpg 1024w, https:\/\/www.jelenov-greben.si\/wp-content\/uploads\/2023\/10\/20231008_115550-scaled-e1770900240310-1536x1118.jpg 1536w\" sizes=\"(max-width: 1024px) 100vw, 1024px\" \/>\t\t\t\t\t\t\t\t\t\t\t\t\t\t\t<\/div>\n\t\t\t\t<\/div>\n\t\t\t\t\t<\/div>\n\t\t\t\t<\/div>\n\t\t\t\t<section class=\"elementor-section elementor-top-section elementor-element elementor-element-38b1b2e elementor-section-boxed elementor-section-height-default elementor-section-height-default\" data-id=\"38b1b2e\" data-element_type=\"section\" data-e-type=\"section\">\n\t\t\t\t\t\t<div class=\"elementor-container elementor-column-gap-default\">\n\t\t\t\t\t<div class=\"elementor-column elementor-col-100 elementor-top-column elementor-element elementor-element-37233d1\" data-id=\"37233d1\" data-element_type=\"column\" data-e-type=\"column\">\n\t\t\t<div class=\"elementor-widget-wrap elementor-element-populated\">\n\t\t\t\t\t\t<div class=\"elementor-element elementor-element-78eb5a8 elementor-widget elementor-widget-gallery\" data-id=\"78eb5a8\" data-element_type=\"widget\" data-e-type=\"widget\" data-settings=\"{&quot;gallery_layout&quot;:&quot;justified&quot;,&quot;ideal_row_height&quot;:{&quot;unit&quot;:&quot;px&quot;,&quot;size&quot;:255,&quot;sizes&quot;:[]},&quot;lazyload&quot;:&quot;yes&quot;,&quot;ideal_row_height_tablet&quot;:{&quot;unit&quot;:&quot;px&quot;,&quot;size&quot;:150,&quot;sizes&quot;:[]},&quot;ideal_row_height_mobile&quot;:{&quot;unit&quot;:&quot;px&quot;,&quot;size&quot;:150,&quot;sizes&quot;:[]},&quot;gap&quot;:{&quot;unit&quot;:&quot;px&quot;,&quot;size&quot;:10,&quot;sizes&quot;:[]},&quot;gap_tablet&quot;:{&quot;unit&quot;:&quot;px&quot;,&quot;size&quot;:10,&quot;sizes&quot;:[]},&quot;gap_mobile&quot;:{&quot;unit&quot;:&quot;px&quot;,&quot;size&quot;:10,&quot;sizes&quot;:[]},&quot;overlay_background&quot;:&quot;yes&quot;,&quot;content_hover_animation&quot;:&quot;fade-in&quot;}\" data-widget_type=\"gallery.default\">\n\t\t\t\t<div class=\"elementor-widget-container\">\n\t\t\t\t\t\t\t<div class=\"elementor-gallery__container\">\n\t\t\t\t\t\t\t<div class=\"e-gallery-item elementor-gallery-item elementor-animated-content\">\n\t\t\t\t\t<div class=\"e-gallery-image elementor-gallery-item__image\" data-thumbnail=\"https:\/\/www.jelenov-greben.si\/wp-content\/uploads\/2021\/05\/Vinoteka-291x300.jpg\" data-width=\"291\" data-height=\"300\" aria-label=\"\" role=\"img\" ><\/div>\n\t\t\t\t\t\t\t\t\t\t\t<div class=\"elementor-gallery-item__overlay\"><\/div>\n\t\t\t\t\t\t\t\t\t\t\t\t\t\t<\/div>\n\t\t\t\t\t\t\t<div class=\"e-gallery-item elementor-gallery-item elementor-animated-content\">\n\t\t\t\t\t<div class=\"e-gallery-image elementor-gallery-item__image\" data-thumbnail=\"https:\/\/www.jelenov-greben.si\/wp-content\/uploads\/2024\/11\/IMG_6203-scaled-e1770970412114-300x240.jpg\" data-width=\"300\" data-height=\"240\" aria-label=\"\" role=\"img\" ><\/div>\n\t\t\t\t\t\t\t\t\t\t\t<div class=\"elementor-gallery-item__overlay\"><\/div>\n\t\t\t\t\t\t\t\t\t\t\t\t\t\t<\/div>\n\t\t\t\t\t\t\t<div class=\"e-gallery-item elementor-gallery-item elementor-animated-content\">\n\t\t\t\t\t<div class=\"e-gallery-image elementor-gallery-item__image\" data-thumbnail=\"https:\/\/www.jelenov-greben.si\/wp-content\/uploads\/2023\/10\/20231008_115711-scaled-e1696937158557-191x300.jpg\" data-width=\"191\" data-height=\"300\" aria-label=\"\" role=\"img\" ><\/div>\n\t\t\t\t\t\t\t\t\t\t\t<div class=\"elementor-gallery-item__overlay\"><\/div>\n\t\t\t\t\t\t\t\t\t\t\t\t\t\t<\/div>\n\t\t\t\t\t\t\t<div class=\"e-gallery-item elementor-gallery-item elementor-animated-content\">\n\t\t\t\t\t<div class=\"e-gallery-image elementor-gallery-item__image\" data-thumbnail=\"https:\/\/www.jelenov-greben.si\/wp-content\/uploads\/2024\/11\/jelenov_greben_web-55-200x300.jpg\" data-width=\"200\" data-height=\"300\" aria-label=\"\" role=\"img\" ><\/div>\n\t\t\t\t\t\t\t\t\t\t\t<div class=\"elementor-gallery-item__overlay\"><\/div>\n\t\t\t\t\t\t\t\t\t\t\t\t\t\t<\/div>\n\t\t\t\t\t\t\t<div class=\"e-gallery-item elementor-gallery-item elementor-animated-content\">\n\t\t\t\t\t<div class=\"e-gallery-image elementor-gallery-item__image\" data-thumbnail=\"https:\/\/www.jelenov-greben.si\/wp-content\/uploads\/2023\/10\/20231008_115550-scaled-e1770970575754-300x198.jpg\" data-width=\"300\" data-height=\"198\" aria-label=\"\" role=\"img\" ><\/div>\n\t\t\t\t\t\t\t\t\t\t\t<div class=\"elementor-gallery-item__overlay\"><\/div>\n\t\t\t\t\t\t\t\t\t\t\t\t\t\t<\/div>\n\t\t\t\t\t\t\t<div class=\"e-gallery-item elementor-gallery-item elementor-animated-content\">\n\t\t\t\t\t<div class=\"e-gallery-image elementor-gallery-item__image\" data-thumbnail=\"https:\/\/www.jelenov-greben.si\/wp-content\/uploads\/2023\/09\/330623850_735018238222095_6567224774831136207_n-e1770970642170-300x198.jpg\" data-width=\"300\" data-height=\"198\" aria-label=\"\" role=\"img\" ><\/div>\n\t\t\t\t\t\t\t\t\t\t\t<div class=\"elementor-gallery-item__overlay\"><\/div>\n\t\t\t\t\t\t\t\t\t\t\t\t\t\t<\/div>\n\t\t\t\t\t\t\t<div class=\"e-gallery-item elementor-gallery-item elementor-animated-content\">\n\t\t\t\t\t<div class=\"e-gallery-image elementor-gallery-item__image\" data-thumbnail=\"https:\/\/www.jelenov-greben.si\/wp-content\/uploads\/2024\/11\/jelenov_greben_web-48-200x300.jpg\" data-width=\"200\" data-height=\"300\" aria-label=\"\" role=\"img\" ><\/div>\n\t\t\t\t\t\t\t\t\t\t\t<div class=\"elementor-gallery-item__overlay\"><\/div>\n\t\t\t\t\t\t\t\t\t\t\t\t\t\t<\/div>\n\t\t\t\t\t\t\t<div class=\"e-gallery-item elementor-gallery-item elementor-animated-content\">\n\t\t\t\t\t<div class=\"e-gallery-image elementor-gallery-item__image\" data-thumbnail=\"https:\/\/www.jelenov-greben.si\/wp-content\/uploads\/2021\/05\/17-e1770970778410-300x180.jpg\" data-width=\"300\" data-height=\"180\" aria-label=\"\" role=\"img\" ><\/div>\n\t\t\t\t\t\t\t\t\t\t\t<div class=\"elementor-gallery-item__overlay\"><\/div>\n\t\t\t\t\t\t\t\t\t\t\t\t\t\t<\/div>\n\t\t\t\t\t<\/div>\n\t\t\t\t\t<\/div>\n\t\t\t\t<\/div>\n\t\t\t\t<div class=\"elementor-element elementor-element-b0e8d83 elementor-widget elementor-widget-heading\" data-id=\"b0e8d83\" data-element_type=\"widget\" data-e-type=\"widget\" data-widget_type=\"heading.default\">\n\t\t\t\t<div class=\"elementor-widget-container\">\n\t\t\t\t\t<h2 class=\"elementor-heading-title elementor-size-default\">DEGUSTACIJA VIN <\/h2>\t\t\t\t<\/div>\n\t\t\t\t<\/div>\n\t\t\t\t<div class=\"elementor-element elementor-element-d4f0d2a elementor-widget elementor-widget-text-editor\" data-id=\"d4f0d2a\" data-element_type=\"widget\" data-e-type=\"widget\" data-widget_type=\"text-editor.default\">\n\t\t\t\t<div class=\"elementor-widget-container\">\n\t\t\t\t\t\t\t\t\t<p data-start=\"89\" data-end=\"336\">V na\u0161i vinoteki vam po predhodnem dogovoru pripravimo degustacijo vin za ve\u010dje skupine.\u00a0\u00a0<\/p><p data-start=\"338\" data-end=\"569\">Na voljo imamo tri razli\u010dne degustacije, oblikovane glede na vinorodno regijo. Vsaka degustacija predstavlja izbrana vina posamezne regije, njene tipi\u010dne sorte ter posebnosti, ki jih ustvarjajo podnebje, tla in tradicija pridelave.<\/p><p data-start=\"338\" data-end=\"569\">Degustacije so odli\u010dna izbira za zaklju\u010dene dru\u017ebe, poslovna sre\u010danja, praznovanja ali prijetno dru\u017eenje ob kozarcu vrhunskega vina.<\/p>\t\t\t\t\t\t\t\t<\/div>\n\t\t\t\t<\/div>\n\t\t\t\t\t<\/div>\n\t\t<\/div>\n\t\t\t\t\t<\/div>\n\t\t<\/section>\n\t\t\t\t<section class=\"elementor-section elementor-top-section elementor-element elementor-element-df4f49e elementor-section-boxed elementor-section-height-default elementor-section-height-default\" data-id=\"df4f49e\" data-element_type=\"section\" data-e-type=\"section\">\n\t\t\t\t\t\t<div class=\"elementor-container elementor-column-gap-default\">\n\t\t\t\t\t<div class=\"elementor-column elementor-col-100 elementor-top-column elementor-element elementor-element-6d352eb\" data-id=\"6d352eb\" data-element_type=\"column\" data-e-type=\"column\">\n\t\t\t<div class=\"elementor-widget-wrap elementor-element-populated\">\n\t\t\t\t\t\t<div class=\"elementor-element elementor-element-4939172 elementor-widget elementor-widget-text-editor\" data-id=\"4939172\" data-element_type=\"widget\" data-e-type=\"widget\" data-widget_type=\"text-editor.default\">\n\t\t\t\t<div class=\"elementor-widget-container\">\n\t\t\t\t\t\t\t\t\t<p>Za rezervacijo termina in dodatne informacije nas kontaktirajte\u00a0 z veseljem vam pripravimo nepozabno vinsko do\u017eivetje.\u00a0<\/p>\t\t\t\t\t\t\t\t<\/div>\n\t\t\t\t<\/div>\n\t\t\t\t\t<\/div>\n\t\t<\/div>\n\t\t\t\t\t<\/div>\n\t\t<\/section>\n\t\t\t\t<section class=\"elementor-section elementor-top-section elementor-element elementor-element-69803ca elementor-section-boxed elementor-section-height-default elementor-section-height-default\" data-id=\"69803ca\" data-element_type=\"section\" data-e-type=\"section\">\n\t\t\t\t\t\t<div class=\"elementor-container elementor-column-gap-default\">\n\t\t\t\t\t<div class=\"elementor-column elementor-col-50 elementor-top-column elementor-element elementor-element-dc9485c\" data-id=\"dc9485c\" data-element_type=\"column\" data-e-type=\"column\">\n\t\t\t<div class=\"elementor-widget-wrap elementor-element-populated\">\n\t\t\t\t\t\t<div class=\"elementor-element elementor-element-d0bb0cd elementor-widget elementor-widget-heading\" data-id=\"d0bb0cd\" data-element_type=\"widget\" data-e-type=\"widget\" data-widget_type=\"heading.default\">\n\t\t\t\t<div class=\"elementor-widget-container\">\n\t\t\t\t\t<h2 class=\"elementor-heading-title elementor-size-default\">ODPIRALNI \u010cAS VINOTEKE<\/h2>\t\t\t\t<\/div>\n\t\t\t\t<\/div>\n\t\t\t\t<div class=\"elementor-element elementor-element-276f390 elementor-view-default elementor-widget elementor-widget-icon\" data-id=\"276f390\" data-element_type=\"widget\" data-e-type=\"widget\" data-widget_type=\"icon.default\">\n\t\t\t\t<div class=\"elementor-widget-container\">\n\t\t\t\t\t\t\t<div class=\"elementor-icon-wrapper\">\n\t\t\t<div class=\"elementor-icon\">\n\t\t\t<i aria-hidden=\"true\" class=\"far fa-clock\"><\/i>\t\t\t<\/div>\n\t\t<\/div>\n\t\t\t\t\t\t<\/div>\n\t\t\t\t<\/div>\n\t\t\t\t<div class=\"elementor-element elementor-element-561806a elementor-widget elementor-widget-text-editor\" data-id=\"561806a\" data-element_type=\"widget\" data-e-type=\"widget\" data-widget_type=\"text-editor.default\">\n\t\t\t\t<div class=\"elementor-widget-container\">\n\t\t\t\t\t\t\t\t\t<p>po predhodnem dogovoru\u00a0<\/p>\t\t\t\t\t\t\t\t<\/div>\n\t\t\t\t<\/div>\n\t\t\t\t<div class=\"elementor-element elementor-element-047a119 elementor-widget elementor-widget-heading\" data-id=\"047a119\" data-element_type=\"widget\" data-e-type=\"widget\" data-widget_type=\"heading.default\">\n\t\t\t\t<div class=\"elementor-widget-container\">\n\t\t\t\t\t<h2 class=\"elementor-heading-title elementor-size-default\">REZERVACIJE<\/h2>\t\t\t\t<\/div>\n\t\t\t\t<\/div>\n\t\t\t\t<div class=\"elementor-element elementor-element-2496d82 elementor-view-default elementor-widget elementor-widget-icon\" data-id=\"2496d82\" data-element_type=\"widget\" data-e-type=\"widget\" data-widget_type=\"icon.default\">\n\t\t\t\t<div class=\"elementor-widget-container\">\n\t\t\t\t\t\t\t<div class=\"elementor-icon-wrapper\">\n\t\t\t<div class=\"elementor-icon\">\n\t\t\t<i aria-hidden=\"true\" class=\"far fa-envelope\"><\/i>\t\t\t<\/div>\n\t\t<\/div>\n\t\t\t\t\t\t<\/div>\n\t\t\t\t<\/div>\n\t\t\t\t<div class=\"elementor-element elementor-element-f6106a8 elementor-widget elementor-widget-text-editor\" data-id=\"f6106a8\" data-element_type=\"widget\" data-e-type=\"widget\" data-widget_type=\"text-editor.default\">\n\t\t\t\t<div class=\"elementor-widget-container\">\n\t\t\t\t\t\t\t\t\t<p>tel.: 00386 (0)3 5829 046<\/p><p>e-mail: info@jelenov-greben.si<\/p>\t\t\t\t\t\t\t\t<\/div>\n\t\t\t\t<\/div>\n\t\t\t\t\t<\/div>\n\t\t<\/div>\n\t\t\t\t<div class=\"elementor-column elementor-col-50 elementor-top-column elementor-element elementor-element-94b18af\" data-id=\"94b18af\" data-element_type=\"column\" data-e-type=\"column\">\n\t\t\t<div class=\"elementor-widget-wrap elementor-element-populated\">\n\t\t\t\t\t\t<div class=\"elementor-element elementor-element-3c1e7df elementor-widget__width-initial elementor-widget elementor-widget-image\" data-id=\"3c1e7df\" data-element_type=\"widget\" data-e-type=\"widget\" data-widget_type=\"image.default\">\n\t\t\t\t<div class=\"elementor-widget-container\">\n\t\t\t\t\t\t\t\t\t\t\t\t\t\t\t<img loading=\"lazy\" decoding=\"async\" width=\"768\" height=\"1086\" src=\"https:\/\/www.jelenov-greben.si\/wp-content\/uploads\/2023\/08\/degustacija-vin-768x1086.png\" class=\"attachment-medium_large size-medium_large wp-image-5771\" alt=\"\" srcset=\"https:\/\/www.jelenov-greben.si\/wp-content\/uploads\/2023\/08\/degustacija-vin-768x1086.png 768w, https:\/\/www.jelenov-greben.si\/wp-content\/uploads\/2023\/08\/degustacija-vin-212x300.png 212w, https:\/\/www.jelenov-greben.si\/wp-content\/uploads\/2023\/08\/degustacija-vin-724x1024.png 724w, https:\/\/www.jelenov-greben.si\/wp-content\/uploads\/2023\/08\/degustacija-vin-1086x1536.png 1086w, https:\/\/www.jelenov-greben.si\/wp-content\/uploads\/2023\/08\/degustacija-vin.png 1414w\" sizes=\"(max-width: 768px) 100vw, 768px\" \/>\t\t\t\t\t\t\t\t\t\t\t\t\t\t\t<\/div>\n\t\t\t\t<\/div>\n\t\t\t\t\t<\/div>\n\t\t<\/div>\n\t\t\t\t\t<\/div>\n\t\t<\/section>\n\t\t\t\t<\/div>\n\t\t","protected":false},"excerpt":{"rendered":"<p>VINOTEKA &#8221;Star ata&#8221; OD KOD IME? Vinoteka je posve\u010dena na\u0161emu staremu dedu Ivanu Amonu, ki je s svojo strastjo do pridelave \u017elahtnega vina zaznamoval na\u0161 prostor. V znak hvale\u017enosti smo vinoteko poimenovali po njem \u00a0Star&#8217; ata. Ime nosi spomin na \u010dloveka, ki nas je nau\u010dil ceniti tradicijo, trdo delo, naravo v kateri \u017eivimo, ter dal [&hellip;]<\/p>\n","protected":false},"author":1,"featured_media":0,"parent":0,"menu_order":0,"comment_status":"closed","ping_status":"closed","template":"","meta":{"_eb_attr":"","site-sidebar-layout":"no-sidebar","site-content-layout":"page-builder","ast-site-content-layout":"","site-content-style":"default","site-sidebar-style":"default","ast-global-header-display":"","ast-banner-title-visibility":"","ast-main-header-display":"","ast-hfb-above-header-display":"","ast-hfb-below-header-display":"","ast-hfb-mobile-header-display":"","site-post-title":"disabled","ast-breadcrumbs-content":"","ast-featured-img":"disabled","footer-sml-layout":"","theme-transparent-header-meta":"enabled","adv-header-id-meta":"","stick-header-meta":"","header-above-stick-meta":"","header-main-stick-meta":"","header-below-stick-meta":"","astra-migrate-meta-layouts":"default","ast-page-background-enabled":"default","ast-page-background-meta":{"desktop":{"background-color":"var(--ast-global-color-4)","background-image":"","background-repeat":"repeat","background-position":"center center","background-size":"auto","background-attachment":"scroll","background-type":"","background-media":"","overlay-type":"","overlay-color":"","overlay-opacity":"","overlay-gradient":""},"tablet":{"background-color":"","background-image":"","background-repeat":"repeat","background-position":"center center","background-size":"auto","background-attachment":"scroll","background-type":"","background-media":"","overlay-type":"","overlay-color":"","overlay-opacity":"","overlay-gradient":""},"mobile":{"background-color":"","background-image":"","background-repeat":"repeat","background-position":"center center","background-size":"auto","background-attachment":"scroll","background-type":"","background-media":"","overlay-type":"","overlay-color":"","overlay-opacity":"","overlay-gradient":""}},"ast-content-background-meta":{"desktop":{"background-color":"var(--ast-global-color-5)","background-image":"","background-repeat":"repeat","background-position":"center center","background-size":"auto","background-attachment":"scroll","background-type":"","background-media":"","overlay-type":"","overlay-color":"","overlay-opacity":"","overlay-gradient":""},"tablet":{"background-color":"var(--ast-global-color-5)","background-image":"","background-repeat":"repeat","background-position":"center center","background-size":"auto","background-attachment":"scroll","background-type":"","background-media":"","overlay-type":"","overlay-color":"","overlay-opacity":"","overlay-gradient":""},"mobile":{"background-color":"var(--ast-global-color-5)","background-image":"","background-repeat":"repeat","background-position":"center center","background-size":"auto","background-attachment":"scroll","background-type":"","background-media":"","overlay-type":"","overlay-color":"","overlay-opacity":"","overlay-gradient":""}},"footnotes":""},"class_list":["post-1435","page","type-page","status-publish","hentry"],"_links":{"self":[{"href":"https:\/\/www.jelenov-greben.si\/sl\/wp-json\/wp\/v2\/pages\/1435","targetHints":{"allow":["GET"]}}],"collection":[{"href":"https:\/\/www.jelenov-greben.si\/sl\/wp-json\/wp\/v2\/pages"}],"about":[{"href":"https:\/\/www.jelenov-greben.si\/sl\/wp-json\/wp\/v2\/types\/page"}],"author":[{"embeddable":true,"href":"https:\/\/www.jelenov-greben.si\/sl\/wp-json\/wp\/v2\/users\/1"}],"replies":[{"embeddable":true,"href":"https:\/\/www.jelenov-greben.si\/sl\/wp-json\/wp\/v2\/comments?post=1435"}],"version-history":[{"count":73,"href":"https:\/\/www.jelenov-greben.si\/sl\/wp-json\/wp\/v2\/pages\/1435\/revisions"}],"predecessor-version":[{"id":11229,"href":"https:\/\/www.jelenov-greben.si\/sl\/wp-json\/wp\/v2\/pages\/1435\/revisions\/11229"}],"wp:attachment":[{"href":"https:\/\/www.jelenov-greben.si\/sl\/wp-json\/wp\/v2\/media?parent=1435"}],"curies":[{"name":"wp","href":"https:\/\/api.w.org\/{rel}","templated":true}]}}