{"id":30915,"date":"2023-01-12T11:40:30","date_gmt":"2023-01-12T10:40:30","guid":{"rendered":"https:\/\/www.jelenov-greben.si\/trgovina\/izdelek\/kostanjev-med-veliko-pakiranje-890g\/"},"modified":"2025-03-18T13:50:46","modified_gmt":"2025-03-18T12:50:46","slug":"kostanjev-med-veliko-pakiranje-890g","status":"publish","type":"product","link":"https:\/\/www.jelenov-greben.si\/trgovina\/en\/product\/kostanjev-med-veliko-pakiranje-890g\/","title":{"rendered":"KOSTANJEV MED 890g"},"content":{"rendered":"","protected":false},"excerpt":{"rendered":"<p>Kostanjev med je izrazito mo\u010dnega okusa in je zna\u010dilne temnej\u0161e barve. Odlikuje ga visoka vsebnost fenolov, ki jih uvr\u0161\u010damo med antioksidante, le-ti pa ugodno vplivajo na na\u0161e zdravje.<\/p>","protected":false},"featured_media":33142,"template":"","meta":[],"product_brand":[],"product_cat":[202],"product_tag":[],"class_list":{"0":"post-30915","1":"product","2":"type-product","3":"status-publish","4":"has-post-thumbnail","6":"product_cat-med","9":"first","10":"instock","11":"shipping-taxable","12":"purchasable","13":"product-type-simple"},"_links":{"self":[{"href":"https:\/\/www.jelenov-greben.si\/trgovina\/en\/wp-json\/wp\/v2\/product\/30915","targetHints":{"allow":["GET"]}}],"collection":[{"href":"https:\/\/www.jelenov-greben.si\/trgovina\/en\/wp-json\/wp\/v2\/product"}],"about":[{"href":"https:\/\/www.jelenov-greben.si\/trgovina\/en\/wp-json\/wp\/v2\/types\/product"}],"wp:featuredmedia":[{"embeddable":true,"href":"https:\/\/www.jelenov-greben.si\/trgovina\/en\/wp-json\/wp\/v2\/media\/33142"}],"wp:attachment":[{"href":"https:\/\/www.jelenov-greben.si\/trgovina\/en\/wp-json\/wp\/v2\/media?parent=30915"}],"wp:term":[{"taxonomy":"product_brand","embeddable":true,"href":"https:\/\/www.jelenov-greben.si\/trgovina\/en\/wp-json\/wp\/v2\/product_brand?post=30915"},{"taxonomy":"product_cat","embeddable":true,"href":"https:\/\/www.jelenov-greben.si\/trgovina\/en\/wp-json\/wp\/v2\/product_cat?post=30915"},{"taxonomy":"product_tag","embeddable":true,"href":"https:\/\/www.jelenov-greben.si\/trgovina\/en\/wp-json\/wp\/v2\/product_tag?post=30915"}],"curies":[{"name":"wp","href":"https:\/\/api.w.org\/{rel}","templated":true}]}}