{"id":30916,"date":"2023-01-12T11:40:30","date_gmt":"2023-01-12T11:40:30","guid":{"rendered":"https:\/\/www.jelenov-greben.si\/trgovina\/izdelek\/lipov-med-majhno-pakiranje-245g\/"},"modified":"2025-03-18T13:51:34","modified_gmt":"2025-03-18T12:51:34","slug":"lipov-med-majhno-pakiranje-245g","status":"publish","type":"product","link":"https:\/\/www.jelenov-greben.si\/trgovina\/en\/product\/lipov-med-majhno-pakiranje-245g\/","title":{"rendered":"LIPOV MED 245g"},"content":{"rendered":"<p><span data-sheets-value=\"{&quot;1&quot;:2,&quot;2&quot;:&quot;Lipov med je v teko\u010dem stanju svetlo rumene barve, z zna\u010dilnim vonjem in okusom, ki spominja na lipovo cvetje s pridihom mete. Je idealen med za sladkanje \u010dajev, ker nima izrazitega okusa in se hitro raztopi. Tako kot ostali medi, tudi lipov med pomaga pri prehladu in izka\u0161ljevanju, spro\u0161\u010danju in uravnavanju krvnega pritiska. Izmed vseh medov je lipov med najbolj baktericiden med. Deluje antisepti\u010dno in pomirjujo\u010de. &quot;}\" data-sheets-userformat=\"{&quot;2&quot;:14337,&quot;3&quot;:{&quot;1&quot;:0,&quot;3&quot;:1},&quot;14&quot;:{&quot;1&quot;:2,&quot;2&quot;:0},&quot;15&quot;:&quot;Arial&quot;,&quot;16&quot;:11}\">Lipov med je v teko\u010dem stanju svetlo rumene barve, z zna\u010dilnim vonjem in okusom, ki spominja na lipovo cvetje s pridihom mete. Je idealen med za sladkanje \u010dajev, ker nima izrazitega okusa in se hitro raztopi. Tako kot ostali medi, tudi lipov med pomaga pri prehladu in izka\u0161ljevanju, spro\u0161\u010danju in uravnavanju krvnega pritiska. Izmed vseh medov je lipov med najbolj baktericiden med. Deluje antisepti\u010dno in pomirjujo\u010de. <\/span><\/p>","protected":false},"excerpt":{"rendered":"<p>Lipov med je v teko\u010dem stanju svetlo rumene barve, z zna\u010dilnim vonjem in okusom, ki spominja na lipovo cvetje s pridihom mete. Je idealen med za sladkanje \u010dajev, ker nima izrazitega okusa in se hitro raztopi. Tako kot ostali medi, tudi lipov med pomaga pri prehladu in izka\u0161ljevanju, spro\u0161\u010danju in uravnavanju krvnega pritiska. Izmed vseh [&hellip;]<\/p>","protected":false},"featured_media":31689,"template":"","meta":[],"product_brand":[],"product_cat":[202],"product_tag":[],"class_list":{"0":"post-30916","1":"product","2":"type-product","3":"status-publish","4":"has-post-thumbnail","6":"product_cat-med","9":"first","10":"instock","11":"shipping-taxable","12":"purchasable","13":"product-type-simple"},"_links":{"self":[{"href":"https:\/\/www.jelenov-greben.si\/trgovina\/en\/wp-json\/wp\/v2\/product\/30916","targetHints":{"allow":["GET"]}}],"collection":[{"href":"https:\/\/www.jelenov-greben.si\/trgovina\/en\/wp-json\/wp\/v2\/product"}],"about":[{"href":"https:\/\/www.jelenov-greben.si\/trgovina\/en\/wp-json\/wp\/v2\/types\/product"}],"wp:featuredmedia":[{"embeddable":true,"href":"https:\/\/www.jelenov-greben.si\/trgovina\/en\/wp-json\/wp\/v2\/media\/31689"}],"wp:attachment":[{"href":"https:\/\/www.jelenov-greben.si\/trgovina\/en\/wp-json\/wp\/v2\/media?parent=30916"}],"wp:term":[{"taxonomy":"product_brand","embeddable":true,"href":"https:\/\/www.jelenov-greben.si\/trgovina\/en\/wp-json\/wp\/v2\/product_brand?post=30916"},{"taxonomy":"product_cat","embeddable":true,"href":"https:\/\/www.jelenov-greben.si\/trgovina\/en\/wp-json\/wp\/v2\/product_cat?post=30916"},{"taxonomy":"product_tag","embeddable":true,"href":"https:\/\/www.jelenov-greben.si\/trgovina\/en\/wp-json\/wp\/v2\/product_tag?post=30916"}],"curies":[{"name":"wp","href":"https:\/\/api.w.org\/{rel}","templated":true}]}}