{"id":30919,"date":"2023-01-12T11:40:31","date_gmt":"2023-01-12T11:40:31","guid":{"rendered":"https:\/\/www.jelenov-greben.si\/trgovina\/izdelek\/gozdni-med-veliko-pakiranje-890-g\/"},"modified":"2025-03-18T13:48:36","modified_gmt":"2025-03-18T12:48:36","slug":"gozdni-med-veliko-pakiranje-890-g","status":"publish","type":"product","link":"https:\/\/www.jelenov-greben.si\/trgovina\/en\/product\/gozdni-med-veliko-pakiranje-890-g\/","title":{"rendered":"GOZDNI MED  890 g"},"content":{"rendered":"","protected":false},"excerpt":{"rendered":"<p>Gozdni med v sebi zdru\u017euje najbolj\u0161e, kar se skriva v gozdu. V gozdnem medu boste zaznali aromo po smoli, orehih, le\u0161nikih, zeli\u0161\u010dih in suhem sadju.<\/p>","protected":false},"featured_media":33142,"template":"","meta":[],"product_brand":[],"product_cat":[202],"product_tag":[],"class_list":{"0":"post-30919","1":"product","2":"type-product","3":"status-publish","4":"has-post-thumbnail","6":"product_cat-med","9":"first","10":"instock","11":"shipping-taxable","12":"purchasable","13":"product-type-simple"},"_links":{"self":[{"href":"https:\/\/www.jelenov-greben.si\/trgovina\/en\/wp-json\/wp\/v2\/product\/30919","targetHints":{"allow":["GET"]}}],"collection":[{"href":"https:\/\/www.jelenov-greben.si\/trgovina\/en\/wp-json\/wp\/v2\/product"}],"about":[{"href":"https:\/\/www.jelenov-greben.si\/trgovina\/en\/wp-json\/wp\/v2\/types\/product"}],"wp:featuredmedia":[{"embeddable":true,"href":"https:\/\/www.jelenov-greben.si\/trgovina\/en\/wp-json\/wp\/v2\/media\/33142"}],"wp:attachment":[{"href":"https:\/\/www.jelenov-greben.si\/trgovina\/en\/wp-json\/wp\/v2\/media?parent=30919"}],"wp:term":[{"taxonomy":"product_brand","embeddable":true,"href":"https:\/\/www.jelenov-greben.si\/trgovina\/en\/wp-json\/wp\/v2\/product_brand?post=30919"},{"taxonomy":"product_cat","embeddable":true,"href":"https:\/\/www.jelenov-greben.si\/trgovina\/en\/wp-json\/wp\/v2\/product_cat?post=30919"},{"taxonomy":"product_tag","embeddable":true,"href":"https:\/\/www.jelenov-greben.si\/trgovina\/en\/wp-json\/wp\/v2\/product_tag?post=30919"}],"curies":[{"name":"wp","href":"https:\/\/api.w.org\/{rel}","templated":true}]}}