{"id":30920,"date":"2023-01-12T11:40:31","date_gmt":"2023-01-12T10:40:31","guid":{"rendered":"https:\/\/www.jelenov-greben.si\/trgovina\/izdelek\/med-enojcek-akacijev-med-106g\/"},"modified":"2025-03-18T13:49:34","modified_gmt":"2025-03-18T12:49:34","slug":"med-enojcek-akacijev-med-106g","status":"publish","type":"product","link":"https:\/\/www.jelenov-greben.si\/trgovina\/en\/product\/med-enojcek-akacijev-med-106g\/","title":{"rendered":"MED ENOJ\u010cEK 106g"},"content":{"rendered":"<p>Slovenski med, pakiran v embala\u017ei iz valovite lepenke z leseno \u017eli\u010dko.<\/p>","protected":false},"excerpt":{"rendered":"<p>Med v ljubki embala\u017ei z leseno \u017eli\u010dko.<\/p>\n<p>V opombe napi\u0161ite kateri okus \u017eelite:<\/p>\n<ul>\n<li>Lipov med<\/li>\n<li>gozdni med<\/li>\n<li>cvetli\u010dni med<\/li>\n<li>kostanjev med<\/li>\n<li>akacijev med<\/li>\n<\/ul>","protected":false},"featured_media":32052,"template":"","meta":[],"product_brand":[],"product_cat":[202],"product_tag":[],"class_list":{"0":"post-30920","1":"product","2":"type-product","3":"status-publish","4":"has-post-thumbnail","6":"product_cat-med","9":"first","10":"instock","11":"shipping-taxable","12":"purchasable","13":"product-type-simple"},"_links":{"self":[{"href":"https:\/\/www.jelenov-greben.si\/trgovina\/en\/wp-json\/wp\/v2\/product\/30920","targetHints":{"allow":["GET"]}}],"collection":[{"href":"https:\/\/www.jelenov-greben.si\/trgovina\/en\/wp-json\/wp\/v2\/product"}],"about":[{"href":"https:\/\/www.jelenov-greben.si\/trgovina\/en\/wp-json\/wp\/v2\/types\/product"}],"wp:featuredmedia":[{"embeddable":true,"href":"https:\/\/www.jelenov-greben.si\/trgovina\/en\/wp-json\/wp\/v2\/media\/32052"}],"wp:attachment":[{"href":"https:\/\/www.jelenov-greben.si\/trgovina\/en\/wp-json\/wp\/v2\/media?parent=30920"}],"wp:term":[{"taxonomy":"product_brand","embeddable":true,"href":"https:\/\/www.jelenov-greben.si\/trgovina\/en\/wp-json\/wp\/v2\/product_brand?post=30920"},{"taxonomy":"product_cat","embeddable":true,"href":"https:\/\/www.jelenov-greben.si\/trgovina\/en\/wp-json\/wp\/v2\/product_cat?post=30920"},{"taxonomy":"product_tag","embeddable":true,"href":"https:\/\/www.jelenov-greben.si\/trgovina\/en\/wp-json\/wp\/v2\/product_tag?post=30920"}],"curies":[{"name":"wp","href":"https:\/\/api.w.org\/{rel}","templated":true}]}}