{"id":30939,"date":"2023-01-12T11:40:32","date_gmt":"2023-01-12T11:40:32","guid":{"rendered":"https:\/\/www.jelenov-greben.si\/trgovina\/izdelek\/med-trojcek-velik-akacijev-med-med-z-orehi-med-z-lesniki-3245g\/"},"modified":"2025-03-18T13:47:12","modified_gmt":"2025-03-18T12:47:12","slug":"med-trojcek-velik-akacijev-med-med-z-orehi-med-z-lesniki-3245g","status":"publish","type":"product","link":"https:\/\/www.jelenov-greben.si\/trgovina\/en\/product\/med-trojcek-velik-akacijev-med-med-z-orehi-med-z-lesniki-3245g\/","title":{"rendered":"MED TROJ\u010cEK 3*245g"},"content":{"rendered":"<p>Slovenski med, pakiran v embala\u017ei iz valovite lepenke z leseno \u017eli\u010dko.<\/p>","protected":false},"excerpt":{"rendered":"<p>Slovenski med, pakiran v embala\u017ei iz valovite lepenke z leseno \u017eli\u010dko.<\/p>","protected":false},"featured_media":31957,"template":"","meta":[],"product_brand":[],"product_cat":[202],"product_tag":[],"class_list":{"0":"post-30939","1":"product","2":"type-product","3":"status-publish","4":"has-post-thumbnail","6":"product_cat-med","9":"first","10":"instock","11":"shipping-taxable","12":"purchasable","13":"product-type-simple"},"_links":{"self":[{"href":"https:\/\/www.jelenov-greben.si\/trgovina\/en\/wp-json\/wp\/v2\/product\/30939","targetHints":{"allow":["GET"]}}],"collection":[{"href":"https:\/\/www.jelenov-greben.si\/trgovina\/en\/wp-json\/wp\/v2\/product"}],"about":[{"href":"https:\/\/www.jelenov-greben.si\/trgovina\/en\/wp-json\/wp\/v2\/types\/product"}],"wp:featuredmedia":[{"embeddable":true,"href":"https:\/\/www.jelenov-greben.si\/trgovina\/en\/wp-json\/wp\/v2\/media\/31957"}],"wp:attachment":[{"href":"https:\/\/www.jelenov-greben.si\/trgovina\/en\/wp-json\/wp\/v2\/media?parent=30939"}],"wp:term":[{"taxonomy":"product_brand","embeddable":true,"href":"https:\/\/www.jelenov-greben.si\/trgovina\/en\/wp-json\/wp\/v2\/product_brand?post=30939"},{"taxonomy":"product_cat","embeddable":true,"href":"https:\/\/www.jelenov-greben.si\/trgovina\/en\/wp-json\/wp\/v2\/product_cat?post=30939"},{"taxonomy":"product_tag","embeddable":true,"href":"https:\/\/www.jelenov-greben.si\/trgovina\/en\/wp-json\/wp\/v2\/product_tag?post=30939"}],"curies":[{"name":"wp","href":"https:\/\/api.w.org\/{rel}","templated":true}]}}