{"id":30944,"date":"2023-01-12T11:40:33","date_gmt":"2023-01-12T10:40:33","guid":{"rendered":"https:\/\/www.jelenov-greben.si\/trgovina\/izdelek\/med-z-oreski-akacijev-med-z-lesniki-245g\/"},"modified":"2026-03-05T09:11:09","modified_gmt":"2026-03-05T08:11:09","slug":"med-z-oreski-akacijev-med-z-lesniki-245g","status":"publish","type":"product","link":"https:\/\/www.jelenov-greben.si\/trgovina\/en\/product\/med-z-oreski-akacijev-med-z-lesniki-245g\/","title":{"rendered":"MED Z LE\u0160NIKI 212ml"},"content":{"rendered":"<p><span data-sheets-value=\"{&quot;1&quot;:2,&quot;2&quot;:&quot;Me\u0161anica doma\u010dih le\u0161nikov in akacijevega medu je kombinacija, ki bo razvajala va\u0161e brbon\u010dice. Z vsako zajeto \u017elico boste u\u017eivali v novem okusu, med pa bo poskrbel tudi za dodatno mero vitaminov in mineralov, saj velja kot doma\u010de sredstvo za krepitev imunskega sistema. Odli\u010dno se poda k jogurtom, sladoledu, sadnim kupam,&quot;}\" data-sheets-userformat=\"{&quot;2&quot;:513,&quot;3&quot;:{&quot;1&quot;:0},&quot;12&quot;:0}\">Me\u0161anica doma\u010dih le\u0161nikov in akacijevega medu je kombinacija, ki bo razvajala va\u0161e borbon\u010dice. Z vsako zajeto \u017elico boste u\u017eivali v novem okusu, med pa bo poskrbel tudi za dodatno mero vitaminov in mineralov, saj velja kot doma\u010de sredstvo za krepitev imunskega sistema. Odli\u010dno se poda k jogurtom, sladoledu, granoli ali na kruh.<\/span><\/p>","protected":false},"excerpt":{"rendered":"<p><strong>Me\u0161anica doma\u010dih le\u0161nikov in akacijevega medu<\/strong><\/p>\n<p>vsebina: med &#8211; 100ml plod &#8211; 110g<\/p>\n<p>&nbsp;<\/p>","protected":false},"featured_media":34454,"template":"","meta":[],"product_brand":[],"product_cat":[202],"product_tag":[],"class_list":{"0":"post-30944","1":"product","2":"type-product","3":"status-publish","4":"has-post-thumbnail","6":"product_cat-med","9":"first","10":"instock","11":"shipping-taxable","12":"purchasable","13":"product-type-simple"},"_links":{"self":[{"href":"https:\/\/www.jelenov-greben.si\/trgovina\/en\/wp-json\/wp\/v2\/product\/30944","targetHints":{"allow":["GET"]}}],"collection":[{"href":"https:\/\/www.jelenov-greben.si\/trgovina\/en\/wp-json\/wp\/v2\/product"}],"about":[{"href":"https:\/\/www.jelenov-greben.si\/trgovina\/en\/wp-json\/wp\/v2\/types\/product"}],"wp:featuredmedia":[{"embeddable":true,"href":"https:\/\/www.jelenov-greben.si\/trgovina\/en\/wp-json\/wp\/v2\/media\/34454"}],"wp:attachment":[{"href":"https:\/\/www.jelenov-greben.si\/trgovina\/en\/wp-json\/wp\/v2\/media?parent=30944"}],"wp:term":[{"taxonomy":"product_brand","embeddable":true,"href":"https:\/\/www.jelenov-greben.si\/trgovina\/en\/wp-json\/wp\/v2\/product_brand?post=30944"},{"taxonomy":"product_cat","embeddable":true,"href":"https:\/\/www.jelenov-greben.si\/trgovina\/en\/wp-json\/wp\/v2\/product_cat?post=30944"},{"taxonomy":"product_tag","embeddable":true,"href":"https:\/\/www.jelenov-greben.si\/trgovina\/en\/wp-json\/wp\/v2\/product_tag?post=30944"}],"curies":[{"name":"wp","href":"https:\/\/api.w.org\/{rel}","templated":true}]}}