{"id":30961,"date":"2023-01-12T11:40:34","date_gmt":"2023-01-12T11:40:34","guid":{"rendered":"https:\/\/www.jelenov-greben.si\/trgovina\/izdelek\/domace-marmelade-jabolcna-marmelada-245-g\/"},"modified":"2026-03-14T08:58:21","modified_gmt":"2026-03-14T07:58:21","slug":"domace-marmelade-jabolcna-marmelada-245-g","status":"publish","type":"product","link":"https:\/\/www.jelenov-greben.si\/trgovina\/en\/product\/domace-marmelade-jabolcna-marmelada-245-g\/","title":{"rendered":"DOMA\u010cA JABOL\u010cNA MARMELADA 245 g"},"content":{"rendered":"<p><span data-sheets-value=\"{&quot;1&quot;:2,&quot;2&quot;:&quot;Marmelada iz doma\u010dih jabolk. Na voljo v kozarcih po\\n 106 ml in 245 ml.&quot;}\" data-sheets-userformat=\"{&quot;2&quot;:2561,&quot;3&quot;:{&quot;1&quot;:0},&quot;12&quot;:0,&quot;14&quot;:{&quot;1&quot;:2,&quot;2&quot;:16711680}}\">Marmelada iz doma\u010dih jabolk.\u00a0<\/span><\/p>\n<p><span data-sheets-value=\"{&quot;1&quot;:2,&quot;2&quot;:&quot;Marmelade, sploh doma\u010de, popestrijo marsikatero jutro oziroma zajtrk v krogu najbli\u017ejih. Lahko se uporablja kot nadev v pecivih, ruladah in tortah, kot namaz za pala\u010dinke, dodatek k omakam,\u2026&quot;}\" data-sheets-userformat=\"{&quot;2&quot;:6723,&quot;3&quot;:{&quot;1&quot;:0},&quot;4&quot;:{&quot;1&quot;:2,&quot;2&quot;:16777215},&quot;9&quot;:0,&quot;12&quot;:0,&quot;14&quot;:{&quot;1&quot;:2,&quot;2&quot;:16711680},&quot;15&quot;:&quot;docs-Calibri&quot;}\">Marmelade, sploh doma\u010de, popestrijo marsikatero jutro oziroma zajtrk v krogu najbli\u017ejih. Lahko se uporablja kot nadev v pecivih, ruladah in tortah, kot namaz za pala\u010dinke, dodatek k omakam,\u2026<\/span><\/p>","protected":false},"excerpt":{"rendered":"<p>Marmelada iz doma\u010dih jabolk.\u00a0 Marmelade, sploh doma\u010de, popestrijo marsikatero jutro oziroma zajtrk v krogu najbli\u017ejih. Lahko se uporablja kot nadev v pecivih, ruladah in tortah, kot namaz za pala\u010dinke, dodatek k omakam,\u2026<\/p>","protected":false},"featured_media":30882,"template":"","meta":[],"product_brand":[],"product_cat":[181],"product_tag":[],"class_list":{"0":"post-30961","1":"product","2":"type-product","3":"status-publish","4":"has-post-thumbnail","6":"product_cat-marmelade","9":"first","10":"instock","11":"shipping-taxable","12":"purchasable","13":"product-type-simple"},"_links":{"self":[{"href":"https:\/\/www.jelenov-greben.si\/trgovina\/en\/wp-json\/wp\/v2\/product\/30961","targetHints":{"allow":["GET"]}}],"collection":[{"href":"https:\/\/www.jelenov-greben.si\/trgovina\/en\/wp-json\/wp\/v2\/product"}],"about":[{"href":"https:\/\/www.jelenov-greben.si\/trgovina\/en\/wp-json\/wp\/v2\/types\/product"}],"wp:featuredmedia":[{"embeddable":true,"href":"https:\/\/www.jelenov-greben.si\/trgovina\/en\/wp-json\/wp\/v2\/media\/30882"}],"wp:attachment":[{"href":"https:\/\/www.jelenov-greben.si\/trgovina\/en\/wp-json\/wp\/v2\/media?parent=30961"}],"wp:term":[{"taxonomy":"product_brand","embeddable":true,"href":"https:\/\/www.jelenov-greben.si\/trgovina\/en\/wp-json\/wp\/v2\/product_brand?post=30961"},{"taxonomy":"product_cat","embeddable":true,"href":"https:\/\/www.jelenov-greben.si\/trgovina\/en\/wp-json\/wp\/v2\/product_cat?post=30961"},{"taxonomy":"product_tag","embeddable":true,"href":"https:\/\/www.jelenov-greben.si\/trgovina\/en\/wp-json\/wp\/v2\/product_tag?post=30961"}],"curies":[{"name":"wp","href":"https:\/\/api.w.org\/{rel}","templated":true}]}}