{"id":30972,"date":"2023-01-12T11:40:36","date_gmt":"2023-01-12T10:40:36","guid":{"rendered":"https:\/\/www.jelenov-greben.si\/trgovina\/izdelek\/marmelada-enojcek-jagodna-marmelada-106g\/"},"modified":"2026-03-05T09:25:13","modified_gmt":"2026-03-05T08:25:13","slug":"marmelada-enojcek-jagodna-marmelada-106g","status":"publish","type":"product","link":"https:\/\/www.jelenov-greben.si\/trgovina\/en\/product\/marmelada-enojcek-jagodna-marmelada-106g\/","title":{"rendered":"MARMELADA ENOJ\u010cEK 106g"},"content":{"rendered":"<p>Marmelada z leseno \u017eli\u010dko v valoviti lepenki.<\/p>","protected":false},"excerpt":{"rendered":"<p>Marmelada z leseno \u017eli\u010dko v valoviti lepenki.<\/p>\n<p>V opombe napi\u0161ite kateri okus bi \u017eeleli, izbirate lahko med<\/p>\n<p>Bu\u010dno, borovni\u010devo, brusni\u010dno, jabol\u010dno, gozdni sade\u017ei, jagodno, vi\u0161njevo marmelado<\/p>\n<p>vsebina: 106g<\/p>","protected":false},"featured_media":33136,"template":"","meta":[],"product_brand":[],"product_cat":[181],"product_tag":[],"class_list":{"0":"post-30972","1":"product","2":"type-product","3":"status-publish","4":"has-post-thumbnail","6":"product_cat-marmelade","9":"first","10":"instock","11":"shipping-taxable","12":"purchasable","13":"product-type-variable"},"_links":{"self":[{"href":"https:\/\/www.jelenov-greben.si\/trgovina\/en\/wp-json\/wp\/v2\/product\/30972","targetHints":{"allow":["GET"]}}],"collection":[{"href":"https:\/\/www.jelenov-greben.si\/trgovina\/en\/wp-json\/wp\/v2\/product"}],"about":[{"href":"https:\/\/www.jelenov-greben.si\/trgovina\/en\/wp-json\/wp\/v2\/types\/product"}],"wp:featuredmedia":[{"embeddable":true,"href":"https:\/\/www.jelenov-greben.si\/trgovina\/en\/wp-json\/wp\/v2\/media\/33136"}],"wp:attachment":[{"href":"https:\/\/www.jelenov-greben.si\/trgovina\/en\/wp-json\/wp\/v2\/media?parent=30972"}],"wp:term":[{"taxonomy":"product_brand","embeddable":true,"href":"https:\/\/www.jelenov-greben.si\/trgovina\/en\/wp-json\/wp\/v2\/product_brand?post=30972"},{"taxonomy":"product_cat","embeddable":true,"href":"https:\/\/www.jelenov-greben.si\/trgovina\/en\/wp-json\/wp\/v2\/product_cat?post=30972"},{"taxonomy":"product_tag","embeddable":true,"href":"https:\/\/www.jelenov-greben.si\/trgovina\/en\/wp-json\/wp\/v2\/product_tag?post=30972"}],"curies":[{"name":"wp","href":"https:\/\/api.w.org\/{rel}","templated":true}]}}