{"id":30992,"date":"2023-01-12T11:40:37","date_gmt":"2023-01-12T10:40:37","guid":{"rendered":"https:\/\/www.jelenov-greben.si\/trgovina\/izdelek\/posebni-okusi-marmeladjagodna-marmelada-z-rozmarinom-212g\/"},"modified":"2024-05-16T10:59:22","modified_gmt":"2024-05-16T09:59:22","slug":"posebni-okusi-marmeladjagodna-marmelada-z-rozmarinom-212g","status":"publish","type":"product","link":"https:\/\/www.jelenov-greben.si\/trgovina\/en\/product\/posebni-okusi-marmeladjagodna-marmelada-z-rozmarinom-212g\/","title":{"rendered":"JAGODNA MARMELADA Z RO\u017dMARINOM"},"content":{"rendered":"","protected":false},"excerpt":{"rendered":"<p>\u010cudovita kombinacija, ki bo zagotovo navdu\u0161ila vse sladokusce.<\/p>\n<p>&nbsp;<\/p>","protected":false},"featured_media":33132,"template":"","meta":[],"product_brand":[],"product_cat":[181],"product_tag":[],"class_list":{"0":"post-30992","1":"product","2":"type-product","3":"status-publish","4":"has-post-thumbnail","6":"product_cat-marmelade","9":"first","10":"instock","11":"shipping-taxable","12":"purchasable","13":"product-type-simple"},"_links":{"self":[{"href":"https:\/\/www.jelenov-greben.si\/trgovina\/en\/wp-json\/wp\/v2\/product\/30992","targetHints":{"allow":["GET"]}}],"collection":[{"href":"https:\/\/www.jelenov-greben.si\/trgovina\/en\/wp-json\/wp\/v2\/product"}],"about":[{"href":"https:\/\/www.jelenov-greben.si\/trgovina\/en\/wp-json\/wp\/v2\/types\/product"}],"wp:featuredmedia":[{"embeddable":true,"href":"https:\/\/www.jelenov-greben.si\/trgovina\/en\/wp-json\/wp\/v2\/media\/33132"}],"wp:attachment":[{"href":"https:\/\/www.jelenov-greben.si\/trgovina\/en\/wp-json\/wp\/v2\/media?parent=30992"}],"wp:term":[{"taxonomy":"product_brand","embeddable":true,"href":"https:\/\/www.jelenov-greben.si\/trgovina\/en\/wp-json\/wp\/v2\/product_brand?post=30992"},{"taxonomy":"product_cat","embeddable":true,"href":"https:\/\/www.jelenov-greben.si\/trgovina\/en\/wp-json\/wp\/v2\/product_cat?post=30992"},{"taxonomy":"product_tag","embeddable":true,"href":"https:\/\/www.jelenov-greben.si\/trgovina\/en\/wp-json\/wp\/v2\/product_tag?post=30992"}],"curies":[{"name":"wp","href":"https:\/\/api.w.org\/{rel}","templated":true}]}}