{"id":30998,"date":"2023-01-12T11:40:38","date_gmt":"2023-01-12T11:40:38","guid":{"rendered":"https:\/\/www.jelenov-greben.si\/trgovina\/izdelek\/mesano-suho-sadje-oreski-150g\/"},"modified":"2026-03-05T09:21:39","modified_gmt":"2026-03-05T08:21:39","slug":"mesano-suho-sadje-oreski-150g","status":"publish","type":"product","link":"https:\/\/www.jelenov-greben.si\/trgovina\/en\/product\/mesano-suho-sadje-oreski-150g\/","title":{"rendered":"SUHO SADJE IN ORE\u0160\u010cKI 150g"},"content":{"rendered":"<p><span data-sheets-value=\"{&quot;1&quot;:2,&quot;2&quot;:&quot;Su\u0161eno sadje, ki vsebuje marelice, slive, hru\u0161ke,jabolka,orehe in le\u0161nike&quot;}\" data-sheets-userformat=\"{&quot;2&quot;:513,&quot;3&quot;:{&quot;1&quot;:0},&quot;12&quot;:0}\">Su\u0161eno sadje, ki vsebuje marelice, slive, hru\u0161ke,jabolka,orehe in le\u0161nike<\/span><\/p>","protected":false},"excerpt":{"rendered":"<p>Su\u0161eno sadje, ki vsebuje marelice, slive, hru\u0161ke,jabolka,orehe in le\u0161nike<\/p>","protected":false},"featured_media":33120,"template":"","meta":[],"product_brand":[],"product_cat":[229],"product_tag":[],"class_list":{"0":"post-30998","1":"product","2":"type-product","3":"status-publish","4":"has-post-thumbnail","6":"product_cat-suho-sadje-ali-oreski","9":"first","10":"instock","11":"shipping-taxable","12":"purchasable","13":"product-type-simple"},"_links":{"self":[{"href":"https:\/\/www.jelenov-greben.si\/trgovina\/en\/wp-json\/wp\/v2\/product\/30998","targetHints":{"allow":["GET"]}}],"collection":[{"href":"https:\/\/www.jelenov-greben.si\/trgovina\/en\/wp-json\/wp\/v2\/product"}],"about":[{"href":"https:\/\/www.jelenov-greben.si\/trgovina\/en\/wp-json\/wp\/v2\/types\/product"}],"wp:featuredmedia":[{"embeddable":true,"href":"https:\/\/www.jelenov-greben.si\/trgovina\/en\/wp-json\/wp\/v2\/media\/33120"}],"wp:attachment":[{"href":"https:\/\/www.jelenov-greben.si\/trgovina\/en\/wp-json\/wp\/v2\/media?parent=30998"}],"wp:term":[{"taxonomy":"product_brand","embeddable":true,"href":"https:\/\/www.jelenov-greben.si\/trgovina\/en\/wp-json\/wp\/v2\/product_brand?post=30998"},{"taxonomy":"product_cat","embeddable":true,"href":"https:\/\/www.jelenov-greben.si\/trgovina\/en\/wp-json\/wp\/v2\/product_cat?post=30998"},{"taxonomy":"product_tag","embeddable":true,"href":"https:\/\/www.jelenov-greben.si\/trgovina\/en\/wp-json\/wp\/v2\/product_tag?post=30998"}],"curies":[{"name":"wp","href":"https:\/\/api.w.org\/{rel}","templated":true}]}}