{"id":31070,"date":"2023-01-12T11:40:45","date_gmt":"2023-01-12T10:40:45","guid":{"rendered":"https:\/\/www.jelenov-greben.si\/trgovina\/izdelek\/lesene-skatle-z-gravuro-natur-3-400-x280x100-mm\/"},"modified":"2025-10-25T22:08:04","modified_gmt":"2025-10-25T21:08:04","slug":"lesene-skatle-z-gravuro-natur-3-400-x280x100-mm","status":"publish","type":"product","link":"https:\/\/www.jelenov-greben.si\/trgovina\/en\/product\/lesene-skatle-z-gravuro-natur-3-400-x280x100-mm\/","title":{"rendered":"LESENA \u0160KATLA Z GRAVURO Natur 3"},"content":{"rendered":"<p>Ponujamo lesene skrinjice z zaklopko z mo\u017enostjo va\u0161e gravure ali logotipa.<\/p>\n<p>dimenzije: 400 x280x100 mm<\/p>","protected":false},"excerpt":{"rendered":"<p>Ponujamo lesene skrinjice z zaklopko z mo\u017enostjo va\u0161e gravure ali logotipa. dimenzije: 400 x280x100 mm<\/p>","protected":false},"featured_media":32016,"template":"","meta":[],"product_brand":[],"product_cat":[187],"product_tag":[],"class_list":{"0":"post-31070","1":"product","2":"type-product","3":"status-publish","4":"has-post-thumbnail","6":"product_cat-darilne-skatle","9":"first","10":"instock","11":"shipping-taxable","12":"purchasable","13":"product-type-simple"},"_links":{"self":[{"href":"https:\/\/www.jelenov-greben.si\/trgovina\/en\/wp-json\/wp\/v2\/product\/31070","targetHints":{"allow":["GET"]}}],"collection":[{"href":"https:\/\/www.jelenov-greben.si\/trgovina\/en\/wp-json\/wp\/v2\/product"}],"about":[{"href":"https:\/\/www.jelenov-greben.si\/trgovina\/en\/wp-json\/wp\/v2\/types\/product"}],"wp:featuredmedia":[{"embeddable":true,"href":"https:\/\/www.jelenov-greben.si\/trgovina\/en\/wp-json\/wp\/v2\/media\/32016"}],"wp:attachment":[{"href":"https:\/\/www.jelenov-greben.si\/trgovina\/en\/wp-json\/wp\/v2\/media?parent=31070"}],"wp:term":[{"taxonomy":"product_brand","embeddable":true,"href":"https:\/\/www.jelenov-greben.si\/trgovina\/en\/wp-json\/wp\/v2\/product_brand?post=31070"},{"taxonomy":"product_cat","embeddable":true,"href":"https:\/\/www.jelenov-greben.si\/trgovina\/en\/wp-json\/wp\/v2\/product_cat?post=31070"},{"taxonomy":"product_tag","embeddable":true,"href":"https:\/\/www.jelenov-greben.si\/trgovina\/en\/wp-json\/wp\/v2\/product_tag?post=31070"}],"curies":[{"name":"wp","href":"https:\/\/api.w.org\/{rel}","templated":true}]}}