{"id":31080,"date":"2023-01-12T11:40:46","date_gmt":"2023-01-12T10:40:46","guid":{"rendered":"https:\/\/www.jelenov-greben.si\/trgovina\/izdelek\/hrastov-lesdeska-za-rezanje-jelencek\/"},"modified":"2026-04-03T07:13:45","modified_gmt":"2026-04-03T06:13:45","slug":"hrastov-lesdeska-za-rezanje-jelencek","status":"publish","type":"product","link":"https:\/\/www.jelenov-greben.si\/trgovina\/en\/product\/hrastov-lesdeska-za-rezanje-jelencek\/","title":{"rendered":"KUHINJSKA DESKA &#8221;JELEN&#8221;"},"content":{"rendered":"<p><strong>Darilo za dedka\/ darilo za o\u010deta \/ poslovna darila \/ darilo za rojstni dan \/ darilo za posebne prilo\u017enosti \/ darilo za poroko \/ poro\u010dno darilo \/ darilo \/ darilo za star\u0161e \/ darilo za poslovne partnerje \/ \/ made in Slovenia \/ Slovenija \/ darilo \/ masivne deke \/ lesene deske \/kuhinjske deske \/kuhinja \/ jedilna deska<\/strong><\/p>","protected":false},"excerpt":{"rendered":"<p>Masivna deska z rogovi<\/p>\n<p>dimenzija (mere z ro\u010dajem): 20 x 37 cm<\/p>\n<ul>\n<li>na desko je mo\u017eno dodati gravuro po \u017eelji z dopla\u010dilom.<\/li>\n<\/ul>","protected":false},"featured_media":35354,"template":"","meta":[],"product_brand":[],"product_cat":[199],"product_tag":[],"class_list":{"0":"post-31080","1":"product","2":"type-product","3":"status-publish","4":"has-post-thumbnail","6":"product_cat-masivne-deske","9":"first","10":"instock","11":"shipping-taxable","12":"purchasable","13":"product-type-simple"},"_links":{"self":[{"href":"https:\/\/www.jelenov-greben.si\/trgovina\/en\/wp-json\/wp\/v2\/product\/31080","targetHints":{"allow":["GET"]}}],"collection":[{"href":"https:\/\/www.jelenov-greben.si\/trgovina\/en\/wp-json\/wp\/v2\/product"}],"about":[{"href":"https:\/\/www.jelenov-greben.si\/trgovina\/en\/wp-json\/wp\/v2\/types\/product"}],"wp:featuredmedia":[{"embeddable":true,"href":"https:\/\/www.jelenov-greben.si\/trgovina\/en\/wp-json\/wp\/v2\/media\/35354"}],"wp:attachment":[{"href":"https:\/\/www.jelenov-greben.si\/trgovina\/en\/wp-json\/wp\/v2\/media?parent=31080"}],"wp:term":[{"taxonomy":"product_brand","embeddable":true,"href":"https:\/\/www.jelenov-greben.si\/trgovina\/en\/wp-json\/wp\/v2\/product_brand?post=31080"},{"taxonomy":"product_cat","embeddable":true,"href":"https:\/\/www.jelenov-greben.si\/trgovina\/en\/wp-json\/wp\/v2\/product_cat?post=31080"},{"taxonomy":"product_tag","embeddable":true,"href":"https:\/\/www.jelenov-greben.si\/trgovina\/en\/wp-json\/wp\/v2\/product_tag?post=31080"}],"curies":[{"name":"wp","href":"https:\/\/api.w.org\/{rel}","templated":true}]}}