{"id":31084,"date":"2023-01-12T11:40:46","date_gmt":"2023-01-12T10:40:46","guid":{"rendered":"https:\/\/www.jelenov-greben.si\/trgovina\/izdelek\/hrastov-lesdeska-za-rezanje-z-rocajem\/"},"modified":"2024-01-19T11:13:38","modified_gmt":"2024-01-19T10:13:38","slug":"hrastov-lesdeska-za-rezanje-z-rocajem","status":"publish","type":"product","link":"https:\/\/www.jelenov-greben.si\/trgovina\/en\/product\/hrastov-lesdeska-za-rezanje-z-rocajem\/","title":{"rendered":"EPOXY DESKA SVET"},"content":{"rendered":"<p><strong>Darilo za dedka\/ darilo za o\u010deta \/ poslovna darila \/ darilo za rojstni dan \/ darilo za posebne prilo\u017enosti \/ darilo za poroko \/ poro\u010dno darilo \/ darilo \/ darilo za star\u0161e \/ darilo za poslovne partnerje \/ \/ made in Slovenia \/ Slovenija \/ darilo \/ Masivna deska z epoxy smolo | epoxy deska | masivna deska | izdelano v Sloveniji |\u00a0 darilna deska |<\/strong><\/p>","protected":false},"excerpt":{"rendered":"<p>Hrastova deska z epoxy smolo v obliki sveta<\/p>\n<ul>\n<li>po naro\u010dilu vam izdelamo epoxy desko v drugi barvi<\/li>\n<li>pribli\u017een \u010das izdelave je 14dni.<\/li>\n<li>na desko je mo\u017eno dodati gravuro po \u017eelji z dopla\u010dilom.<\/li>\n<\/ul>\n<p>za ve\u010d info. nas kontaktirajte na\u00a0<a href=\"https:\/\/www.google.com\/search?client=avast-a-1&amp;q=turisti%C4%8Dni+center+piki&amp;oq=turisti%C4%8Dni+center+piki&amp;aqs=avast..69i57j69i61.4313j0j4&amp;ie=UTF-8#\" data-dtype=\"d3ph\" data-local-attribute=\"d3ph\" data-ved=\"2ahUKEwitkMyGvoj9AhVQNOwKHVJQDLMQkAgoAHoECFgQAw\"><span aria-label=\"Pokli\u010di telefonsko \u0161tevilko 065 551 022\">065 551 022<\/span><\/a>\u00a0ali na mail\u00a0<b>ptc@jelenov-greben.si<\/b><\/p>","protected":false},"featured_media":33081,"template":"","meta":[],"product_brand":[],"product_cat":[199],"product_tag":[],"class_list":{"0":"post-31084","1":"product","2":"type-product","3":"status-publish","4":"has-post-thumbnail","6":"product_cat-masivne-deske","9":"first","10":"instock","11":"shipping-taxable","12":"purchasable","13":"product-type-simple"},"_links":{"self":[{"href":"https:\/\/www.jelenov-greben.si\/trgovina\/en\/wp-json\/wp\/v2\/product\/31084","targetHints":{"allow":["GET"]}}],"collection":[{"href":"https:\/\/www.jelenov-greben.si\/trgovina\/en\/wp-json\/wp\/v2\/product"}],"about":[{"href":"https:\/\/www.jelenov-greben.si\/trgovina\/en\/wp-json\/wp\/v2\/types\/product"}],"wp:featuredmedia":[{"embeddable":true,"href":"https:\/\/www.jelenov-greben.si\/trgovina\/en\/wp-json\/wp\/v2\/media\/33081"}],"wp:attachment":[{"href":"https:\/\/www.jelenov-greben.si\/trgovina\/en\/wp-json\/wp\/v2\/media?parent=31084"}],"wp:term":[{"taxonomy":"product_brand","embeddable":true,"href":"https:\/\/www.jelenov-greben.si\/trgovina\/en\/wp-json\/wp\/v2\/product_brand?post=31084"},{"taxonomy":"product_cat","embeddable":true,"href":"https:\/\/www.jelenov-greben.si\/trgovina\/en\/wp-json\/wp\/v2\/product_cat?post=31084"},{"taxonomy":"product_tag","embeddable":true,"href":"https:\/\/www.jelenov-greben.si\/trgovina\/en\/wp-json\/wp\/v2\/product_tag?post=31084"}],"curies":[{"name":"wp","href":"https:\/\/api.w.org\/{rel}","templated":true}]}}