{"id":31091,"date":"2023-01-12T11:40:47","date_gmt":"2023-01-12T10:40:47","guid":{"rendered":"https:\/\/www.jelenov-greben.si\/trgovina\/izdelek\/sirdimljen-kravji-sir\/"},"modified":"2026-01-16T11:24:20","modified_gmt":"2026-01-16T10:24:20","slug":"sirdimljen-kravji-sir","status":"publish","type":"product","link":"https:\/\/www.jelenov-greben.si\/trgovina\/en\/product\/sirdimljen-kravji-sir\/","title":{"rendered":"JELENJA SALAMA 500g"},"content":{"rendered":"<p><strong>Povpre\u010dna hranilna vrednost na 100g: M<\/strong>a\u0161\u010dobe: 28g od tega nasi\u010dene ma\u0161\u010dobe 12g | Ogljikovi hidrati: 6,1g od tega od tega sladkorji 0,1g | Beljakovine: 25g,\u00a0Sol: 3,7g<\/p>\n<p>Darilo za dedka\/ darilo za mamo\/ darilo za babico\/ darilo za o\u010deta \/ poslovna darila \/ darilo za rojstni dan \/ darilo za posebne prilo\u017enosti \/ darilo za poroko \/ poro\u010dno darilo \/ darilo \/ darilo za star\u0161e \/ darilo za poslovne partnerje \/ darilo za zlato poroko \/ darilo za abrahama\/\u00a0made in Slovenia \/ Slovenija \/ darilo \/<\/p>","protected":false},"excerpt":{"rendered":"<p>Doma\u010da jelenja salama<\/p>\n<p><strong>sestavine:<\/strong> Jelenje meso, svinjsko meso, svinjska ma\u0161\u010doba, \u010desen, vezivo, sol, poper.<\/p>\n<p><strong>vsebina:<\/strong>\u00a0cca 500g +\/- 20g<\/p>","protected":false},"featured_media":34026,"template":"","meta":[],"product_brand":[],"product_cat":[230],"product_tag":[],"class_list":{"0":"post-31091","1":"product","2":"type-product","3":"status-publish","4":"has-post-thumbnail","6":"product_cat-suhe-mesnine-in-siri","9":"first","10":"instock","11":"shipping-taxable","12":"purchasable","13":"product-type-simple"},"_links":{"self":[{"href":"https:\/\/www.jelenov-greben.si\/trgovina\/en\/wp-json\/wp\/v2\/product\/31091","targetHints":{"allow":["GET"]}}],"collection":[{"href":"https:\/\/www.jelenov-greben.si\/trgovina\/en\/wp-json\/wp\/v2\/product"}],"about":[{"href":"https:\/\/www.jelenov-greben.si\/trgovina\/en\/wp-json\/wp\/v2\/types\/product"}],"wp:featuredmedia":[{"embeddable":true,"href":"https:\/\/www.jelenov-greben.si\/trgovina\/en\/wp-json\/wp\/v2\/media\/34026"}],"wp:attachment":[{"href":"https:\/\/www.jelenov-greben.si\/trgovina\/en\/wp-json\/wp\/v2\/media?parent=31091"}],"wp:term":[{"taxonomy":"product_brand","embeddable":true,"href":"https:\/\/www.jelenov-greben.si\/trgovina\/en\/wp-json\/wp\/v2\/product_brand?post=31091"},{"taxonomy":"product_cat","embeddable":true,"href":"https:\/\/www.jelenov-greben.si\/trgovina\/en\/wp-json\/wp\/v2\/product_cat?post=31091"},{"taxonomy":"product_tag","embeddable":true,"href":"https:\/\/www.jelenov-greben.si\/trgovina\/en\/wp-json\/wp\/v2\/product_tag?post=31091"}],"curies":[{"name":"wp","href":"https:\/\/api.w.org\/{rel}","templated":true}]}}