{"id":32308,"date":"2023-04-06T10:17:23","date_gmt":"2023-04-06T09:17:23","guid":{"rendered":"https:\/\/www.jelenov-greben.si\/trgovina\/?post_type=product&#038;p=32308"},"modified":"2026-02-27T13:43:51","modified_gmt":"2026-02-27T12:43:51","slug":"razpokancki-150g","status":"publish","type":"product","link":"https:\/\/www.jelenov-greben.si\/trgovina\/en\/product\/razpokancki-150g\/","title":{"rendered":"RAZPOKAN\u010cKI 120g"},"content":{"rendered":"","protected":false},"excerpt":{"rendered":"<p>Doma\u010di razpokan\u010dki so sladka pregreha ob kavici ali \u010daju<\/p>\n<p>vsebina: 120g<\/p>\n<p>&nbsp;<\/p>","protected":false},"featured_media":32309,"template":"","meta":[],"product_brand":[],"product_cat":[218],"product_tag":[],"class_list":{"0":"post-32308","1":"product","2":"type-product","3":"status-publish","4":"has-post-thumbnail","6":"product_cat-piskoti","9":"first","10":"instock","11":"shipping-taxable","12":"purchasable","13":"product-type-simple"},"_links":{"self":[{"href":"https:\/\/www.jelenov-greben.si\/trgovina\/en\/wp-json\/wp\/v2\/product\/32308","targetHints":{"allow":["GET"]}}],"collection":[{"href":"https:\/\/www.jelenov-greben.si\/trgovina\/en\/wp-json\/wp\/v2\/product"}],"about":[{"href":"https:\/\/www.jelenov-greben.si\/trgovina\/en\/wp-json\/wp\/v2\/types\/product"}],"wp:featuredmedia":[{"embeddable":true,"href":"https:\/\/www.jelenov-greben.si\/trgovina\/en\/wp-json\/wp\/v2\/media\/32309"}],"wp:attachment":[{"href":"https:\/\/www.jelenov-greben.si\/trgovina\/en\/wp-json\/wp\/v2\/media?parent=32308"}],"wp:term":[{"taxonomy":"product_brand","embeddable":true,"href":"https:\/\/www.jelenov-greben.si\/trgovina\/en\/wp-json\/wp\/v2\/product_brand?post=32308"},{"taxonomy":"product_cat","embeddable":true,"href":"https:\/\/www.jelenov-greben.si\/trgovina\/en\/wp-json\/wp\/v2\/product_cat?post=32308"},{"taxonomy":"product_tag","embeddable":true,"href":"https:\/\/www.jelenov-greben.si\/trgovina\/en\/wp-json\/wp\/v2\/product_tag?post=32308"}],"curies":[{"name":"wp","href":"https:\/\/api.w.org\/{rel}","templated":true}]}}