{"id":32312,"date":"2023-04-07T14:03:06","date_gmt":"2023-04-07T13:03:06","guid":{"rendered":"https:\/\/www.jelenov-greben.si\/trgovina\/?post_type=product&#038;p=32312"},"modified":"2026-03-05T09:19:54","modified_gmt":"2026-03-05T08:19:54","slug":"domaca-granola","status":"publish","type":"product","link":"https:\/\/www.jelenov-greben.si\/trgovina\/en\/product\/domaca-granola\/","title":{"rendered":"DOMA\u010cA GRANOLA"},"content":{"rendered":"","protected":false},"excerpt":{"rendered":"<p>Doma\u010da granola za popoln zajtrk ali posladek.<\/p>\n<p>Vsebuje: Ovseni kosmi\u010di, son\u010dni\u010dna semena, le\u0161niki, mandlji, kokosovo olje, kaplice mle\u010dne \u010dokolade, suhe marelice, bu\u010dna semena, sezam, med sol, vanililjev ekstrakt, cimet<\/p>\n<p>vsebina: 280g<\/p>","protected":false},"featured_media":34025,"template":"","meta":[],"product_brand":[],"product_cat":[218,229],"product_tag":[],"class_list":{"0":"post-32312","1":"product","2":"type-product","3":"status-publish","4":"has-post-thumbnail","6":"product_cat-piskoti","7":"product_cat-suho-sadje-ali-oreski","10":"first","11":"instock","12":"shipping-taxable","13":"purchasable","14":"product-type-simple"},"_links":{"self":[{"href":"https:\/\/www.jelenov-greben.si\/trgovina\/en\/wp-json\/wp\/v2\/product\/32312","targetHints":{"allow":["GET"]}}],"collection":[{"href":"https:\/\/www.jelenov-greben.si\/trgovina\/en\/wp-json\/wp\/v2\/product"}],"about":[{"href":"https:\/\/www.jelenov-greben.si\/trgovina\/en\/wp-json\/wp\/v2\/types\/product"}],"wp:featuredmedia":[{"embeddable":true,"href":"https:\/\/www.jelenov-greben.si\/trgovina\/en\/wp-json\/wp\/v2\/media\/34025"}],"wp:attachment":[{"href":"https:\/\/www.jelenov-greben.si\/trgovina\/en\/wp-json\/wp\/v2\/media?parent=32312"}],"wp:term":[{"taxonomy":"product_brand","embeddable":true,"href":"https:\/\/www.jelenov-greben.si\/trgovina\/en\/wp-json\/wp\/v2\/product_brand?post=32312"},{"taxonomy":"product_cat","embeddable":true,"href":"https:\/\/www.jelenov-greben.si\/trgovina\/en\/wp-json\/wp\/v2\/product_cat?post=32312"},{"taxonomy":"product_tag","embeddable":true,"href":"https:\/\/www.jelenov-greben.si\/trgovina\/en\/wp-json\/wp\/v2\/product_tag?post=32312"}],"curies":[{"name":"wp","href":"https:\/\/api.w.org\/{rel}","templated":true}]}}