{"id":32536,"date":"2023-07-13T11:44:07","date_gmt":"2023-07-13T10:44:07","guid":{"rendered":"https:\/\/www.jelenov-greben.si\/trgovina\/?post_type=product&#038;p=32536"},"modified":"2023-09-12T13:24:11","modified_gmt":"2023-09-12T12:24:11","slug":"leseni-porocni-napisi","status":"publish","type":"product","link":"https:\/\/www.jelenov-greben.si\/trgovina\/en\/product\/leseni-porocni-napisi\/","title":{"rendered":"LESENI PORO\u010cNI NAPISI"},"content":{"rendered":"<p>poro\u010dne gravure \/ tabla dobrodo\u0161lice \/ lesena tabla za svate \/ lesene gravure \/ poroka<\/p>","protected":false},"excerpt":{"rendered":"<p>Leseni samostoje\u010di napisi za poroko po va\u0161ih \u017eeljah cena na komad.<\/p>\n<p>Za napise po va\u0161ih \u017eeljah nam pi\u0161ite na mail ptc@jelenov-greben.si<\/p>\n<p>&nbsp;<\/p>","protected":false},"featured_media":32537,"template":"","meta":[],"product_brand":[],"product_cat":[259],"product_tag":[],"class_list":{"0":"post-32536","1":"product","2":"type-product","3":"status-publish","4":"has-post-thumbnail","6":"product_cat-porocne-gravure","9":"first","10":"instock","11":"shipping-taxable","12":"purchasable","13":"product-type-simple"},"_links":{"self":[{"href":"https:\/\/www.jelenov-greben.si\/trgovina\/en\/wp-json\/wp\/v2\/product\/32536","targetHints":{"allow":["GET"]}}],"collection":[{"href":"https:\/\/www.jelenov-greben.si\/trgovina\/en\/wp-json\/wp\/v2\/product"}],"about":[{"href":"https:\/\/www.jelenov-greben.si\/trgovina\/en\/wp-json\/wp\/v2\/types\/product"}],"wp:featuredmedia":[{"embeddable":true,"href":"https:\/\/www.jelenov-greben.si\/trgovina\/en\/wp-json\/wp\/v2\/media\/32537"}],"wp:attachment":[{"href":"https:\/\/www.jelenov-greben.si\/trgovina\/en\/wp-json\/wp\/v2\/media?parent=32536"}],"wp:term":[{"taxonomy":"product_brand","embeddable":true,"href":"https:\/\/www.jelenov-greben.si\/trgovina\/en\/wp-json\/wp\/v2\/product_brand?post=32536"},{"taxonomy":"product_cat","embeddable":true,"href":"https:\/\/www.jelenov-greben.si\/trgovina\/en\/wp-json\/wp\/v2\/product_cat?post=32536"},{"taxonomy":"product_tag","embeddable":true,"href":"https:\/\/www.jelenov-greben.si\/trgovina\/en\/wp-json\/wp\/v2\/product_tag?post=32536"}],"curies":[{"name":"wp","href":"https:\/\/api.w.org\/{rel}","templated":true}]}}