{"id":32580,"date":"2023-09-12T13:01:32","date_gmt":"2023-09-12T12:01:32","guid":{"rendered":"https:\/\/www.jelenov-greben.si\/trgovina\/?post_type=product&#038;p=32580"},"modified":"2026-04-03T06:51:25","modified_gmt":"2026-04-03T05:51:25","slug":"masivna-deska-eleganca","status":"publish","type":"product","link":"https:\/\/www.jelenov-greben.si\/trgovina\/en\/product\/masivna-deska-eleganca\/","title":{"rendered":"KUHINJSKA DESKA &#8221;ELEGANCA&#8221;"},"content":{"rendered":"<p><strong>Darilo za dedka\/ darilo za o\u010deta \/ poslovna darila \/ darilo za rojstni dan \/ darilo za posebne prilo\u017enosti \/ darilo za poroko \/ poro\u010dno darilo \/ darilo \/ darilo za star\u0161e \/ darilo za poslovne partnerje\/<\/strong><strong> made in Slovenia \/ Slovenija \/ darilo \/ masivne deske<\/strong><\/p>\n<p>&nbsp;<\/p>","protected":false},"excerpt":{"rendered":"<p>Masivna deska iz hrastovega lesa z ro\u010dajem<\/p>\n<p>dimenzije\u00a0(mere z ro\u010dajem):\u00a0 45 x 13 cm<\/p>\n<ul>\n<li>na desko je mo\u017eno dodati gravuro po \u017eelji z dopla\u010dilom.<\/li>\n<li>za ve\u010d info. nas kontaktirajte na\u00a0<a href=\"https:\/\/www.google.com\/search?client=avast-a-1&amp;q=turisti%C4%8Dni+center+piki&amp;oq=turisti%C4%8Dni+center+piki&amp;aqs=avast..69i57j69i61.4313j0j4&amp;ie=UTF-8#\" data-dtype=\"d3ph\" data-local-attribute=\"d3ph\" data-ved=\"2ahUKEwitkMyGvoj9AhVQNOwKHVJQDLMQkAgoAHoECFgQAw\"><span aria-label=\"Pokli\u010di telefonsko \u0161tevilko 065 551 022\">065 551 022<\/span><\/a>\u00a0ali na mail\u00a0<b>ptc@jelenov-greben.si<\/b><\/li>\n<\/ul>\n<p>&nbsp;<\/p>\n<p>&nbsp;<\/p>","protected":false},"featured_media":35353,"template":"","meta":[],"product_brand":[],"product_cat":[199],"product_tag":[],"class_list":{"0":"post-32580","1":"product","2":"type-product","3":"status-publish","4":"has-post-thumbnail","6":"product_cat-masivne-deske","9":"first","10":"instock","11":"shipping-taxable","12":"purchasable","13":"product-type-simple"},"_links":{"self":[{"href":"https:\/\/www.jelenov-greben.si\/trgovina\/en\/wp-json\/wp\/v2\/product\/32580","targetHints":{"allow":["GET"]}}],"collection":[{"href":"https:\/\/www.jelenov-greben.si\/trgovina\/en\/wp-json\/wp\/v2\/product"}],"about":[{"href":"https:\/\/www.jelenov-greben.si\/trgovina\/en\/wp-json\/wp\/v2\/types\/product"}],"wp:featuredmedia":[{"embeddable":true,"href":"https:\/\/www.jelenov-greben.si\/trgovina\/en\/wp-json\/wp\/v2\/media\/35353"}],"wp:attachment":[{"href":"https:\/\/www.jelenov-greben.si\/trgovina\/en\/wp-json\/wp\/v2\/media?parent=32580"}],"wp:term":[{"taxonomy":"product_brand","embeddable":true,"href":"https:\/\/www.jelenov-greben.si\/trgovina\/en\/wp-json\/wp\/v2\/product_brand?post=32580"},{"taxonomy":"product_cat","embeddable":true,"href":"https:\/\/www.jelenov-greben.si\/trgovina\/en\/wp-json\/wp\/v2\/product_cat?post=32580"},{"taxonomy":"product_tag","embeddable":true,"href":"https:\/\/www.jelenov-greben.si\/trgovina\/en\/wp-json\/wp\/v2\/product_tag?post=32580"}],"curies":[{"name":"wp","href":"https:\/\/api.w.org\/{rel}","templated":true}]}}