{"id":32594,"date":"2023-09-13T12:57:32","date_gmt":"2023-09-13T11:57:32","guid":{"rendered":"https:\/\/www.jelenov-greben.si\/trgovina\/?post_type=product&#038;p=32594"},"modified":"2026-02-27T13:45:19","modified_gmt":"2026-02-27T12:45:19","slug":"lesena-pticja-hiska-sestavi-si-sam","status":"publish","type":"product","link":"https:\/\/www.jelenov-greben.si\/trgovina\/en\/product\/lesena-pticja-hiska-sestavi-si-sam\/","title":{"rendered":"LESENA PTI\u010cJA HI\u0160KA &#8221;SESTAVI SI SAM&#8221;"},"content":{"rendered":"<p>darilo za ustvarjanje \/ ustvarjalni paket\u00a0 \/ diy\u00a0 \/ darilo za otroka \/ darilo za bo\u017ei\u010d \/ darilo\u00a0 \/ lesena sestavljanka \/ lesena pti\u010dja hi\u0161ka<\/p>","protected":false},"excerpt":{"rendered":"<p>V paketu dobite izrezane dele in na\u010drt po katerem sami sestavite pti\u010djo hi\u0161ico za okras.<\/p>\n<p>Veliko zabave pri ustvarjanju.<\/p>\n<p>Lesena pti\u010dja hi\u0161ica ni primerno za otroke mlaj\u0161e od 3 let saj vsebuje manj\u0161e delce.<\/p>","protected":false},"featured_media":32595,"template":"","meta":[],"product_brand":[],"product_cat":[238],"product_tag":[],"class_list":{"0":"post-32594","1":"product","2":"type-product","3":"status-publish","4":"has-post-thumbnail","6":"product_cat-lasersko-graviranje","9":"first","10":"instock","11":"shipping-taxable","12":"purchasable","13":"product-type-simple"},"_links":{"self":[{"href":"https:\/\/www.jelenov-greben.si\/trgovina\/en\/wp-json\/wp\/v2\/product\/32594","targetHints":{"allow":["GET"]}}],"collection":[{"href":"https:\/\/www.jelenov-greben.si\/trgovina\/en\/wp-json\/wp\/v2\/product"}],"about":[{"href":"https:\/\/www.jelenov-greben.si\/trgovina\/en\/wp-json\/wp\/v2\/types\/product"}],"wp:featuredmedia":[{"embeddable":true,"href":"https:\/\/www.jelenov-greben.si\/trgovina\/en\/wp-json\/wp\/v2\/media\/32595"}],"wp:attachment":[{"href":"https:\/\/www.jelenov-greben.si\/trgovina\/en\/wp-json\/wp\/v2\/media?parent=32594"}],"wp:term":[{"taxonomy":"product_brand","embeddable":true,"href":"https:\/\/www.jelenov-greben.si\/trgovina\/en\/wp-json\/wp\/v2\/product_brand?post=32594"},{"taxonomy":"product_cat","embeddable":true,"href":"https:\/\/www.jelenov-greben.si\/trgovina\/en\/wp-json\/wp\/v2\/product_cat?post=32594"},{"taxonomy":"product_tag","embeddable":true,"href":"https:\/\/www.jelenov-greben.si\/trgovina\/en\/wp-json\/wp\/v2\/product_tag?post=32594"}],"curies":[{"name":"wp","href":"https:\/\/api.w.org\/{rel}","templated":true}]}}