{"id":32619,"date":"2023-09-13T13:48:10","date_gmt":"2023-09-13T12:48:10","guid":{"rendered":"https:\/\/www.jelenov-greben.si\/trgovina\/?post_type=product&#038;p=32619"},"modified":"2023-09-13T13:49:17","modified_gmt":"2023-09-13T12:49:17","slug":"lesen-krog-druzina","status":"publish","type":"product","link":"https:\/\/www.jelenov-greben.si\/trgovina\/en\/product\/lesen-krog-druzina\/","title":{"rendered":"LESEN KROG DRU\u017dINA"},"content":{"rendered":"<p><strong>Darilo za dedka\/ darilo za mamo\/ darilo za babico\/ darilo za o\u010deta \/\u00a0 darilo za rojstni dan \/ darilo za posebne prilo\u017enosti \/ darilo za poroko \/ poro\u010dno darilo \/ darilo \/ darilo za star\u0161e \/ darilo za zlato poroko \/ darilo za abrahama\u00a0<\/strong><\/p>","protected":false},"excerpt":{"rendered":"<p>Lesen krog z imenom dru\u017eine bo popestril va\u0161 dom ali je lahko odli\u010dno darilo za prijatelje.\u00a0V polje za besedilo vpi\u0161ite \u017eeljen priimek.<\/p>\n<p>premer kroga je 28cm<\/p>","protected":false},"featured_media":32620,"template":"","meta":[],"product_brand":[],"product_cat":[238],"product_tag":[],"class_list":{"0":"post-32619","1":"product","2":"type-product","3":"status-publish","4":"has-post-thumbnail","6":"product_cat-lasersko-graviranje","8":"wcpa_has_options","10":"first","11":"instock","12":"shipping-taxable","13":"purchasable","14":"product-type-simple"},"_links":{"self":[{"href":"https:\/\/www.jelenov-greben.si\/trgovina\/en\/wp-json\/wp\/v2\/product\/32619","targetHints":{"allow":["GET"]}}],"collection":[{"href":"https:\/\/www.jelenov-greben.si\/trgovina\/en\/wp-json\/wp\/v2\/product"}],"about":[{"href":"https:\/\/www.jelenov-greben.si\/trgovina\/en\/wp-json\/wp\/v2\/types\/product"}],"wp:featuredmedia":[{"embeddable":true,"href":"https:\/\/www.jelenov-greben.si\/trgovina\/en\/wp-json\/wp\/v2\/media\/32620"}],"wp:attachment":[{"href":"https:\/\/www.jelenov-greben.si\/trgovina\/en\/wp-json\/wp\/v2\/media?parent=32619"}],"wp:term":[{"taxonomy":"product_brand","embeddable":true,"href":"https:\/\/www.jelenov-greben.si\/trgovina\/en\/wp-json\/wp\/v2\/product_brand?post=32619"},{"taxonomy":"product_cat","embeddable":true,"href":"https:\/\/www.jelenov-greben.si\/trgovina\/en\/wp-json\/wp\/v2\/product_cat?post=32619"},{"taxonomy":"product_tag","embeddable":true,"href":"https:\/\/www.jelenov-greben.si\/trgovina\/en\/wp-json\/wp\/v2\/product_tag?post=32619"}],"curies":[{"name":"wp","href":"https:\/\/api.w.org\/{rel}","templated":true}]}}