{"id":33077,"date":"2024-01-19T10:52:34","date_gmt":"2024-01-19T09:52:34","guid":{"rendered":"https:\/\/www.jelenov-greben.si\/trgovina\/?post_type=product&#038;p=33077"},"modified":"2026-04-03T09:31:48","modified_gmt":"2026-04-03T08:31:48","slug":"epoxy-deska-perla","status":"publish","type":"product","link":"https:\/\/www.jelenov-greben.si\/trgovina\/en\/product\/epoxy-deska-perla\/","title":{"rendered":"EPOXY DESKA PERLA"},"content":{"rendered":"<p><strong>Darilo za dedka\/ darilo za babico\/ kuhinjska deska\/ epoxy deska\/ epoxy\/ epoksi deska \/epoksi\/ darilo za mamo\/ darilo za o\u010deta \/ poslovna darila \/ darilo za rojstni dan \/ darilo za posebne prilo\u017enosti \/ darilo za poroko \/ poro\u010dno darilo \/ darilo \/ darilo za star\u0161e \/ darilo za poslovne partnerje \/ \/ made in Slovenia \/ Slovenija \/ darilo \/ darilo za abrahama\u00a0<\/strong><\/p>","protected":false},"excerpt":{"rendered":"<p>Epoxy deska iz masivnega hrastovega lesa z detajli v mat prozorni barvi.<\/p>\n<p>Mo\u017eno izbire druge barve (rde\u010da, modra, zelena, \u010drna, bela.)<\/p>\n<p>Izdelek je po naro\u010dilu \u010das izdelave cca. 14 dni.<\/p>\n<p>Unikaten izdelek izdelan v Sloveniji.<\/p>","protected":false},"featured_media":33078,"template":"","meta":[],"product_brand":[],"product_cat":[199],"product_tag":[],"class_list":{"0":"post-33077","1":"product","2":"type-product","3":"status-publish","4":"has-post-thumbnail","6":"product_cat-masivne-deske","9":"first","10":"outofstock","11":"shipping-taxable","12":"purchasable","13":"product-type-simple"},"_links":{"self":[{"href":"https:\/\/www.jelenov-greben.si\/trgovina\/en\/wp-json\/wp\/v2\/product\/33077","targetHints":{"allow":["GET"]}}],"collection":[{"href":"https:\/\/www.jelenov-greben.si\/trgovina\/en\/wp-json\/wp\/v2\/product"}],"about":[{"href":"https:\/\/www.jelenov-greben.si\/trgovina\/en\/wp-json\/wp\/v2\/types\/product"}],"wp:featuredmedia":[{"embeddable":true,"href":"https:\/\/www.jelenov-greben.si\/trgovina\/en\/wp-json\/wp\/v2\/media\/33078"}],"wp:attachment":[{"href":"https:\/\/www.jelenov-greben.si\/trgovina\/en\/wp-json\/wp\/v2\/media?parent=33077"}],"wp:term":[{"taxonomy":"product_brand","embeddable":true,"href":"https:\/\/www.jelenov-greben.si\/trgovina\/en\/wp-json\/wp\/v2\/product_brand?post=33077"},{"taxonomy":"product_cat","embeddable":true,"href":"https:\/\/www.jelenov-greben.si\/trgovina\/en\/wp-json\/wp\/v2\/product_cat?post=33077"},{"taxonomy":"product_tag","embeddable":true,"href":"https:\/\/www.jelenov-greben.si\/trgovina\/en\/wp-json\/wp\/v2\/product_tag?post=33077"}],"curies":[{"name":"wp","href":"https:\/\/api.w.org\/{rel}","templated":true}]}}