{"id":33149,"date":"2024-01-31T10:42:19","date_gmt":"2024-01-31T09:42:19","guid":{"rendered":"https:\/\/www.jelenov-greben.si\/trgovina\/?post_type=product&#038;p=33149"},"modified":"2026-03-05T09:18:34","modified_gmt":"2026-03-05T08:18:34","slug":"domace-bucnice-z-baziliko","status":"publish","type":"product","link":"https:\/\/www.jelenov-greben.si\/trgovina\/en\/product\/domace-bucnice-z-baziliko\/","title":{"rendered":"DOMA\u010cE BU\u010cNICE Z BAZILIKO"},"content":{"rendered":"<p>bu\u010dnice \/bu\u010dna semena \/ slane bu\u010dnice \/ bu\u010dnice s \u010dilijem \/ bu\u010da \/ bu\u010dno olje<\/p>","protected":false},"excerpt":{"rendered":"<p>odli\u010dna kombinacija, ki bo zagotovo vas navdu\u0161ila<\/p>\n<p>vsebina; 150g<\/p>","protected":false},"featured_media":34001,"template":"","meta":[],"product_brand":[],"product_cat":[229],"product_tag":[],"class_list":{"0":"post-33149","1":"product","2":"type-product","3":"status-publish","4":"has-post-thumbnail","6":"product_cat-suho-sadje-ali-oreski","9":"first","10":"instock","11":"shipping-taxable","12":"purchasable","13":"product-type-simple"},"_links":{"self":[{"href":"https:\/\/www.jelenov-greben.si\/trgovina\/en\/wp-json\/wp\/v2\/product\/33149","targetHints":{"allow":["GET"]}}],"collection":[{"href":"https:\/\/www.jelenov-greben.si\/trgovina\/en\/wp-json\/wp\/v2\/product"}],"about":[{"href":"https:\/\/www.jelenov-greben.si\/trgovina\/en\/wp-json\/wp\/v2\/types\/product"}],"wp:featuredmedia":[{"embeddable":true,"href":"https:\/\/www.jelenov-greben.si\/trgovina\/en\/wp-json\/wp\/v2\/media\/34001"}],"wp:attachment":[{"href":"https:\/\/www.jelenov-greben.si\/trgovina\/en\/wp-json\/wp\/v2\/media?parent=33149"}],"wp:term":[{"taxonomy":"product_brand","embeddable":true,"href":"https:\/\/www.jelenov-greben.si\/trgovina\/en\/wp-json\/wp\/v2\/product_brand?post=33149"},{"taxonomy":"product_cat","embeddable":true,"href":"https:\/\/www.jelenov-greben.si\/trgovina\/en\/wp-json\/wp\/v2\/product_cat?post=33149"},{"taxonomy":"product_tag","embeddable":true,"href":"https:\/\/www.jelenov-greben.si\/trgovina\/en\/wp-json\/wp\/v2\/product_tag?post=33149"}],"curies":[{"name":"wp","href":"https:\/\/api.w.org\/{rel}","templated":true}]}}