{"id":33204,"date":"2024-02-14T14:41:39","date_gmt":"2024-02-14T13:41:39","guid":{"rendered":"https:\/\/www.jelenov-greben.si\/trgovina\/?post_type=product&#038;p=33204"},"modified":"2024-02-14T14:42:20","modified_gmt":"2024-02-14T13:42:20","slug":"obroc-za-lase","status":"publish","type":"product","link":"https:\/\/www.jelenov-greben.si\/trgovina\/en\/product\/obroc-za-lase\/","title":{"rendered":"OBRO\u010c ZA LASE &#8221;MA\u0160NJICA&#8221;"},"content":{"rendered":"<p>lesen obro\u010d \/ obro\u010d za obhajilo \/obro\u010d za birmo \/obro\u010d za poroko \/ trak za poroko \/ trak za birmo \/ obro\u010d \/ trak \/ modni dodatek \/ nakit \/<\/p>","protected":false},"excerpt":{"rendered":"<p>Lesen obro\u010d z ma\u0161nico in izrezanim sr\u010dkom<\/p>","protected":false},"featured_media":33208,"template":"","meta":[],"product_brand":[],"product_cat":[238,264],"product_tag":[],"class_list":{"0":"post-33204","1":"product","2":"type-product","3":"status-publish","4":"has-post-thumbnail","6":"product_cat-lasersko-graviranje","7":"product_cat-lasersko-graviranje-lasersko-graviranje-2","10":"first","11":"instock","12":"shipping-taxable","13":"purchasable","14":"product-type-variable"},"_links":{"self":[{"href":"https:\/\/www.jelenov-greben.si\/trgovina\/en\/wp-json\/wp\/v2\/product\/33204","targetHints":{"allow":["GET"]}}],"collection":[{"href":"https:\/\/www.jelenov-greben.si\/trgovina\/en\/wp-json\/wp\/v2\/product"}],"about":[{"href":"https:\/\/www.jelenov-greben.si\/trgovina\/en\/wp-json\/wp\/v2\/types\/product"}],"wp:featuredmedia":[{"embeddable":true,"href":"https:\/\/www.jelenov-greben.si\/trgovina\/en\/wp-json\/wp\/v2\/media\/33208"}],"wp:attachment":[{"href":"https:\/\/www.jelenov-greben.si\/trgovina\/en\/wp-json\/wp\/v2\/media?parent=33204"}],"wp:term":[{"taxonomy":"product_brand","embeddable":true,"href":"https:\/\/www.jelenov-greben.si\/trgovina\/en\/wp-json\/wp\/v2\/product_brand?post=33204"},{"taxonomy":"product_cat","embeddable":true,"href":"https:\/\/www.jelenov-greben.si\/trgovina\/en\/wp-json\/wp\/v2\/product_cat?post=33204"},{"taxonomy":"product_tag","embeddable":true,"href":"https:\/\/www.jelenov-greben.si\/trgovina\/en\/wp-json\/wp\/v2\/product_tag?post=33204"}],"curies":[{"name":"wp","href":"https:\/\/api.w.org\/{rel}","templated":true}]}}