{"id":33410,"date":"2024-09-03T12:49:06","date_gmt":"2024-09-03T11:49:06","guid":{"rendered":"https:\/\/www.jelenov-greben.si\/trgovina\/?post_type=product&#038;p=33410"},"modified":"2026-04-10T13:14:06","modified_gmt":"2026-04-10T12:14:06","slug":"hruskov-sok-02l","status":"publish","type":"product","link":"https:\/\/www.jelenov-greben.si\/trgovina\/en\/product\/hruskov-sok-02l\/","title":{"rendered":"HRU\u0160KOV SOK 0,2L"},"content":{"rendered":"<p>doma\u010d hru\u0161kov sok | hru\u0161ke | viljamovke | hru\u0161kovc<\/p>","protected":false},"excerpt":{"rendered":"<p>Doma\u010d hru\u0161kov sok vsebuje:<\/p>\n<p>HRU\u0160KE (min. 60% sadni dele\u017e), voda, sladkor, abskorbinska kislina. Pasteriziran.<\/p>\n<p>HRANILNA TABELA:\u00a0 \u00a0 100g \u017eivila<\/p>\n<ul>\n<li>Energijska vrednost:\u00a0 \u00a043kcal<\/li>\n<li>Beljakovine:\u00a0 0,4g<\/li>\n<li>Ogljikovi hidrati 10,1g\u00a0 od tega sladkorji 9,0g<\/li>\n<li>Ma\u0161\u010dobe: 0,1g<\/li>\n<\/ul>\n<p>&nbsp;<\/p>","protected":false},"featured_media":35422,"template":"","meta":[],"product_brand":[],"product_cat":[233],"product_tag":[],"class_list":{"0":"post-33410","1":"product","2":"type-product","3":"status-publish","4":"has-post-thumbnail","6":"product_cat-sokovi","9":"first","10":"outofstock","11":"shipping-taxable","12":"purchasable","13":"product-type-simple"},"_links":{"self":[{"href":"https:\/\/www.jelenov-greben.si\/trgovina\/en\/wp-json\/wp\/v2\/product\/33410","targetHints":{"allow":["GET"]}}],"collection":[{"href":"https:\/\/www.jelenov-greben.si\/trgovina\/en\/wp-json\/wp\/v2\/product"}],"about":[{"href":"https:\/\/www.jelenov-greben.si\/trgovina\/en\/wp-json\/wp\/v2\/types\/product"}],"wp:featuredmedia":[{"embeddable":true,"href":"https:\/\/www.jelenov-greben.si\/trgovina\/en\/wp-json\/wp\/v2\/media\/35422"}],"wp:attachment":[{"href":"https:\/\/www.jelenov-greben.si\/trgovina\/en\/wp-json\/wp\/v2\/media?parent=33410"}],"wp:term":[{"taxonomy":"product_brand","embeddable":true,"href":"https:\/\/www.jelenov-greben.si\/trgovina\/en\/wp-json\/wp\/v2\/product_brand?post=33410"},{"taxonomy":"product_cat","embeddable":true,"href":"https:\/\/www.jelenov-greben.si\/trgovina\/en\/wp-json\/wp\/v2\/product_cat?post=33410"},{"taxonomy":"product_tag","embeddable":true,"href":"https:\/\/www.jelenov-greben.si\/trgovina\/en\/wp-json\/wp\/v2\/product_tag?post=33410"}],"curies":[{"name":"wp","href":"https:\/\/api.w.org\/{rel}","templated":true}]}}