{"id":33414,"date":"2024-09-03T13:03:43","date_gmt":"2024-09-03T12:03:43","guid":{"rendered":"https:\/\/www.jelenov-greben.si\/trgovina\/?post_type=product&#038;p=33414"},"modified":"2025-09-27T08:31:41","modified_gmt":"2025-09-27T07:31:41","slug":"visnjev-sok-1l","status":"publish","type":"product","link":"https:\/\/www.jelenov-greben.si\/trgovina\/en\/product\/visnjev-sok-1l\/","title":{"rendered":"VI\u0160NJEV SOK 1L"},"content":{"rendered":"<p>doma\u010di vi\u0161njev sok| vi\u0161njev sok| doma\u010d sok iz vi\u0161enj |vi\u0161nje<\/p>","protected":false},"excerpt":{"rendered":"<p>Doma\u010di vi\u0161njev sok vsebuje:<\/p>\n<p>VI\u0160NJE(min. 60% sadni dele\u017e), voda, sladkor, askorbinska kislina. Pasteriziran.<\/p>\n<p>HRANILNA TABELA:\u00a0 \u00a0 100g \u017eivila<\/p>\n<ul>\n<li>Energijska vrednost:\u00a0 \u00a080kcal<\/li>\n<li>Beljakovine:\u00a0 0,6g<\/li>\n<li>Ogljikovi hidrati 20g\u00a0 od tega sladkorji 18,0g<\/li>\n<li>Ma\u0161\u010dobe: 0,3g<\/li>\n<\/ul>\n<p>&nbsp;<\/p>","protected":false},"featured_media":33415,"template":"","meta":[],"product_brand":[],"product_cat":[233],"product_tag":[],"class_list":{"0":"post-33414","1":"product","2":"type-product","3":"status-publish","4":"has-post-thumbnail","6":"product_cat-sokovi","9":"first","10":"outofstock","11":"shipping-taxable","12":"purchasable","13":"product-type-simple"},"_links":{"self":[{"href":"https:\/\/www.jelenov-greben.si\/trgovina\/en\/wp-json\/wp\/v2\/product\/33414","targetHints":{"allow":["GET"]}}],"collection":[{"href":"https:\/\/www.jelenov-greben.si\/trgovina\/en\/wp-json\/wp\/v2\/product"}],"about":[{"href":"https:\/\/www.jelenov-greben.si\/trgovina\/en\/wp-json\/wp\/v2\/types\/product"}],"wp:featuredmedia":[{"embeddable":true,"href":"https:\/\/www.jelenov-greben.si\/trgovina\/en\/wp-json\/wp\/v2\/media\/33415"}],"wp:attachment":[{"href":"https:\/\/www.jelenov-greben.si\/trgovina\/en\/wp-json\/wp\/v2\/media?parent=33414"}],"wp:term":[{"taxonomy":"product_brand","embeddable":true,"href":"https:\/\/www.jelenov-greben.si\/trgovina\/en\/wp-json\/wp\/v2\/product_brand?post=33414"},{"taxonomy":"product_cat","embeddable":true,"href":"https:\/\/www.jelenov-greben.si\/trgovina\/en\/wp-json\/wp\/v2\/product_cat?post=33414"},{"taxonomy":"product_tag","embeddable":true,"href":"https:\/\/www.jelenov-greben.si\/trgovina\/en\/wp-json\/wp\/v2\/product_tag?post=33414"}],"curies":[{"name":"wp","href":"https:\/\/api.w.org\/{rel}","templated":true}]}}