{"id":34390,"date":"2026-01-28T14:15:55","date_gmt":"2026-01-28T13:15:55","guid":{"rendered":"https:\/\/www.jelenov-greben.si\/trgovina\/?post_type=product&#038;p=34390"},"modified":"2026-02-27T13:42:55","modified_gmt":"2026-02-27T12:42:55","slug":"paket-zate-draga","status":"publish","type":"product","link":"https:\/\/www.jelenov-greben.si\/trgovina\/en\/product\/paket-zate-draga\/","title":{"rendered":"PAKET &#8221;ZATE DRAGA&#8221;"},"content":{"rendered":"","protected":false},"excerpt":{"rendered":"<p>Paket vsebuje:<\/p>\n<ul>\n<li>Jagodno marmelado z ro\u017emarinom<\/li>\n<li>doma\u010de pi\u0161kotke v obliki sr\u010dkov polnjene z jagodno marmelado<\/li>\n<li>leseni uhani v obliki sr\u010dkov ( brez nikla)<\/li>\n<li>lesena kuhla z ljubezenskim verzom in izrezanim sr\u010dkom<\/li>\n<li>zapakirano v premium embala\u017eo<\/li>\n<\/ul>","protected":false},"featured_media":34391,"template":"","meta":[],"product_brand":[],"product_cat":[236],"product_tag":[],"class_list":{"0":"post-34390","1":"product","2":"type-product","3":"status-publish","4":"has-post-thumbnail","6":"product_cat-sestavljeni-paketi","9":"first","10":"instock","11":"shipping-taxable","12":"purchasable","13":"product-type-simple"},"_links":{"self":[{"href":"https:\/\/www.jelenov-greben.si\/trgovina\/en\/wp-json\/wp\/v2\/product\/34390","targetHints":{"allow":["GET"]}}],"collection":[{"href":"https:\/\/www.jelenov-greben.si\/trgovina\/en\/wp-json\/wp\/v2\/product"}],"about":[{"href":"https:\/\/www.jelenov-greben.si\/trgovina\/en\/wp-json\/wp\/v2\/types\/product"}],"wp:featuredmedia":[{"embeddable":true,"href":"https:\/\/www.jelenov-greben.si\/trgovina\/en\/wp-json\/wp\/v2\/media\/34391"}],"wp:attachment":[{"href":"https:\/\/www.jelenov-greben.si\/trgovina\/en\/wp-json\/wp\/v2\/media?parent=34390"}],"wp:term":[{"taxonomy":"product_brand","embeddable":true,"href":"https:\/\/www.jelenov-greben.si\/trgovina\/en\/wp-json\/wp\/v2\/product_brand?post=34390"},{"taxonomy":"product_cat","embeddable":true,"href":"https:\/\/www.jelenov-greben.si\/trgovina\/en\/wp-json\/wp\/v2\/product_cat?post=34390"},{"taxonomy":"product_tag","embeddable":true,"href":"https:\/\/www.jelenov-greben.si\/trgovina\/en\/wp-json\/wp\/v2\/product_tag?post=34390"}],"curies":[{"name":"wp","href":"https:\/\/api.w.org\/{rel}","templated":true}]}}