{"id":35483,"date":"2026-04-28T11:31:58","date_gmt":"2026-04-28T10:31:58","guid":{"rendered":"https:\/\/www.jelenov-greben.si\/trgovina\/?post_type=product&#038;p=35483"},"modified":"2026-04-28T11:34:52","modified_gmt":"2026-04-28T10:34:52","slug":"sladka-marmelada","status":"publish","type":"product","link":"https:\/\/www.jelenov-greben.si\/trgovina\/en\/product\/sladka-marmelada\/","title":{"rendered":"SLADKA MARMELADA"},"content":{"rendered":"<p>poro\u010dna darila | darila za svate | darila za goste | poroka | wedding | wedding gifts | gift | jelenov greben poro\u010dna darila |<\/p>","protected":false},"excerpt":{"rendered":"<p>Sladka marmelada,\u00a0 ki bo o\u010darala va\u0161e goste na poroki.<\/p>\n<p>Marmelada z leseno \u017eli\u010dko z gravuro LJUBEZEN JE SLADKA v li\u010dno zapakirani valoviti lepenki.<\/p>\n<p>pod besedilo napi\u0161ita vajina imena in datum poroke<\/p>\n<p>vsebina: 106g<\/p>\n<p>Okus marmelade izberita sama<\/p>\n<p>\u010cas izdelave darilc je 3 do 7 dni.<\/p>\n<p>&nbsp;<\/p>","protected":false},"featured_media":35484,"template":"","meta":[],"product_brand":[],"product_cat":[269,236],"product_tag":[],"class_list":{"0":"post-35483","1":"product","2":"type-product","3":"status-publish","4":"has-post-thumbnail","6":"product_cat-poroka","7":"product_cat-sestavljeni-paketi","9":"wcpa_has_options","11":"first","12":"instock","13":"shipping-taxable","14":"purchasable","15":"product-type-variable"},"_links":{"self":[{"href":"https:\/\/www.jelenov-greben.si\/trgovina\/en\/wp-json\/wp\/v2\/product\/35483","targetHints":{"allow":["GET"]}}],"collection":[{"href":"https:\/\/www.jelenov-greben.si\/trgovina\/en\/wp-json\/wp\/v2\/product"}],"about":[{"href":"https:\/\/www.jelenov-greben.si\/trgovina\/en\/wp-json\/wp\/v2\/types\/product"}],"wp:featuredmedia":[{"embeddable":true,"href":"https:\/\/www.jelenov-greben.si\/trgovina\/en\/wp-json\/wp\/v2\/media\/35484"}],"wp:attachment":[{"href":"https:\/\/www.jelenov-greben.si\/trgovina\/en\/wp-json\/wp\/v2\/media?parent=35483"}],"wp:term":[{"taxonomy":"product_brand","embeddable":true,"href":"https:\/\/www.jelenov-greben.si\/trgovina\/en\/wp-json\/wp\/v2\/product_brand?post=35483"},{"taxonomy":"product_cat","embeddable":true,"href":"https:\/\/www.jelenov-greben.si\/trgovina\/en\/wp-json\/wp\/v2\/product_cat?post=35483"},{"taxonomy":"product_tag","embeddable":true,"href":"https:\/\/www.jelenov-greben.si\/trgovina\/en\/wp-json\/wp\/v2\/product_tag?post=35483"}],"curies":[{"name":"wp","href":"https:\/\/api.w.org\/{rel}","templated":true}]}}