{"id":32713,"date":"2023-10-06T12:29:07","date_gmt":"2023-10-06T11:29:07","guid":{"rendered":"https:\/\/www.jelenov-greben.si\/trgovina\/?page_id=32713"},"modified":"2026-03-31T12:45:11","modified_gmt":"2026-03-31T11:45:11","slug":"kontakt-2","status":"publish","type":"page","link":"https:\/\/www.jelenov-greben.si\/trgovina\/kontakt-2\/","title":{"rendered":"KONTAKT"},"content":{"rendered":"\t\t<div data-elementor-type=\"wp-page\" data-elementor-id=\"32713\" class=\"elementor elementor-32713\">\n\t\t\t\t\t\t<section class=\"elementor-section elementor-top-section elementor-element elementor-element-d3b7f6a elementor-section-boxed elementor-section-height-default elementor-section-height-default\" data-id=\"d3b7f6a\" data-element_type=\"section\" data-e-type=\"section\">\n\t\t\t\t\t\t<div class=\"elementor-container elementor-column-gap-default\">\n\t\t\t\t\t<div class=\"elementor-column elementor-col-100 elementor-top-column elementor-element elementor-element-a0c00f3\" data-id=\"a0c00f3\" data-element_type=\"column\" data-e-type=\"column\">\n\t\t\t<div class=\"elementor-widget-wrap elementor-element-populated\">\n\t\t\t\t\t\t<div class=\"elementor-element elementor-element-a1ca00e elementor-widget elementor-widget-heading\" data-id=\"a1ca00e\" data-element_type=\"widget\" data-e-type=\"widget\" data-widget_type=\"heading.default\">\n\t\t\t\t<div class=\"elementor-widget-container\">\n\t\t\t\t\t<h2 class=\"elementor-heading-title elementor-size-default\">O NAS<\/h2>\t\t\t\t<\/div>\n\t\t\t\t<\/div>\n\t\t\t\t<div class=\"elementor-element elementor-element-2290520 elementor-widget elementor-widget-text-editor\" data-id=\"2290520\" data-element_type=\"widget\" data-e-type=\"widget\" data-widget_type=\"text-editor.default\">\n\t\t\t\t<div class=\"elementor-widget-container\">\n\t\t\t\t\t\t\t\t\t<p data-path-to-node=\"3\">Smo dru\u017einsko podjetje <strong>Jelenov greben (dru\u017eine Je\u017eovnik)<\/strong> z ve\u010d kot 30-letno tradicijo izdelovanja doma\u010dih izdelkov.<\/p><p data-path-to-node=\"3\">Na\u0161a zgodba se za\u010dne leta 1989 z gojenjem \u0161ampinjonov, to je bil na\u0161 prvi produkt po katerem smo znani \u0161e danes.<\/p><p data-path-to-node=\"3\">Na\u0161a zgodba temelji na kakovosti, ro\u010dnem delu in spo\u0161tovanju naravnih materialov, kar nas \u017ee vrsto let uvr\u0161\u010da med prepoznavne ponudnike poslovnih daril.<\/p><p data-path-to-node=\"5\">Leta 2021 smo odprli<b data-path-to-node=\"5\" data-index-in-node=\"29\"> Turisti\u010dni center PIKI, <\/b>kjer lahko obiskovalci skozi velika zastekljena okna v \u017eivo opazujejo proces nastajanja na\u0161ih dobrot in izdelkov.\u00a0<\/p><p data-path-to-node=\"7\"><strong>Zakaj izbrati ravno na\u0161a darila?<\/strong><\/p><p data-path-to-node=\"7\">Specializirani smo za izdelavo <b data-path-to-node=\"7\" data-index-in-node=\"31\">osebnih in poslovnih daril<\/b>, ki pustijo vtis. Na\u0161a prednost je popolna prilagodljivost:<\/p><p data-path-to-node=\"8,0,0\"><b data-path-to-node=\"8,0,0\" data-index-in-node=\"0\">Ro\u010dna izdelava:<\/b> Vsak izdelek gre skozi na\u0161e roke, kar zagotavlja vrhunsko kakovost.<\/p><p data-path-to-node=\"8,1,0\"><b data-path-to-node=\"8,1,0\" data-index-in-node=\"0\">Personalizacija z lasersko gravuro:<\/b> Z lastno tehnologijo laserskega graviranja izdelkom dodamo osebno noto od va\u0161ega logotipa do posvetila po \u017eelji.<\/p><p data-path-to-node=\"8,2,0\"><b data-path-to-node=\"8,2,0\" data-index-in-node=\"0\">Celovita storitev:<\/b> Ker sami izdelujemo tudi embala\u017eo, je vsako darilo li\u010dno zapakirano in pripravljeno, da razveseli prejemnika.<br \/>Vabimo vas, da nas obi\u0161\u010dete, pokukate v na\u0161o proizvodnjo in skupaj z nami ustvarite darilo z zgodbo.<\/p>\t\t\t\t\t\t\t\t<\/div>\n\t\t\t\t<\/div>\n\t\t\t\t\t<\/div>\n\t\t<\/div>\n\t\t\t\t\t<\/div>\n\t\t<\/section>\n\t\t\t\t<section class=\"elementor-section elementor-top-section elementor-element elementor-element-283bd62 elementor-section-boxed elementor-section-height-default elementor-section-height-default\" data-id=\"283bd62\" data-element_type=\"section\" data-e-type=\"section\">\n\t\t\t\t\t\t<div class=\"elementor-container elementor-column-gap-default\">\n\t\t\t\t\t<div class=\"elementor-column elementor-col-100 elementor-top-column elementor-element elementor-element-01eee4a\" data-id=\"01eee4a\" data-element_type=\"column\" data-e-type=\"column\">\n\t\t\t<div class=\"elementor-widget-wrap elementor-element-populated\">\n\t\t\t\t\t\t<div class=\"elementor-element elementor-element-9239722 elementor-button-success elementor-align-center elementor-widget elementor-widget-button\" data-id=\"9239722\" data-element_type=\"widget\" data-e-type=\"widget\" data-widget_type=\"button.default\">\n\t\t\t\t<div class=\"elementor-widget-container\">\n\t\t\t\t\t\t\t\t\t<div class=\"elementor-button-wrapper\">\n\t\t\t\t\t<a class=\"elementor-button elementor-button-link elementor-size-sm\" href=\"https:\/\/www.jelenov-greben.si\/sl\/ptc\/\">\n\t\t\t\t\t\t<span class=\"elementor-button-content-wrapper\">\n\t\t\t\t\t\t<span class=\"elementor-button-icon\">\n\t\t\t\t<i aria-hidden=\"true\" class=\"fas fa-heart\"><\/i>\t\t\t<\/span>\n\t\t\t\t\t\t\t\t\t<span class=\"elementor-button-text\">OGLED CENTRA<\/span>\n\t\t\t\t\t<\/span>\n\t\t\t\t\t<\/a>\n\t\t\t\t<\/div>\n\t\t\t\t\t\t\t\t<\/div>\n\t\t\t\t<\/div>\n\t\t\t\t\t<\/div>\n\t\t<\/div>\n\t\t\t\t\t<\/div>\n\t\t<\/section>\n\t\t\t\t<section class=\"elementor-section elementor-top-section elementor-element elementor-element-0d9e9a2 elementor-section-boxed elementor-section-height-default elementor-section-height-default\" data-id=\"0d9e9a2\" data-element_type=\"section\" data-e-type=\"section\">\n\t\t\t\t\t\t<div class=\"elementor-container elementor-column-gap-default\">\n\t\t\t\t\t<div class=\"elementor-column elementor-col-100 elementor-top-column elementor-element elementor-element-b25eca3\" data-id=\"b25eca3\" data-element_type=\"column\" data-e-type=\"column\">\n\t\t\t<div class=\"elementor-widget-wrap elementor-element-populated\">\n\t\t\t\t\t\t<div class=\"elementor-element elementor-element-1f69989 elementor-widget elementor-widget-image\" data-id=\"1f69989\" data-element_type=\"widget\" data-e-type=\"widget\" data-widget_type=\"image.default\">\n\t\t\t\t<div class=\"elementor-widget-container\">\n\t\t\t\t\t\t\t\t\t\t\t\t\t\t\t<img fetchpriority=\"high\" decoding=\"async\" width=\"1024\" height=\"562\" src=\"https:\/\/www.jelenov-greben.si\/trgovina\/wp-content\/uploads\/2026\/03\/1000106481_314689c89a1a913cd94cd1473ac81d4b-10_2_2025-8_27_10-AM-1024x562.jpg\" class=\"attachment-large size-large wp-image-35054\" alt=\"\" srcset=\"https:\/\/www.jelenov-greben.si\/trgovina\/wp-content\/uploads\/2026\/03\/1000106481_314689c89a1a913cd94cd1473ac81d4b-10_2_2025-8_27_10-AM-1024x562.jpg 1024w, https:\/\/www.jelenov-greben.si\/trgovina\/wp-content\/uploads\/2026\/03\/1000106481_314689c89a1a913cd94cd1473ac81d4b-10_2_2025-8_27_10-AM-300x165.jpg 300w, https:\/\/www.jelenov-greben.si\/trgovina\/wp-content\/uploads\/2026\/03\/1000106481_314689c89a1a913cd94cd1473ac81d4b-10_2_2025-8_27_10-AM-768x422.jpg 768w, https:\/\/www.jelenov-greben.si\/trgovina\/wp-content\/uploads\/2026\/03\/1000106481_314689c89a1a913cd94cd1473ac81d4b-10_2_2025-8_27_10-AM-1536x844.jpg 1536w, https:\/\/www.jelenov-greben.si\/trgovina\/wp-content\/uploads\/2026\/03\/1000106481_314689c89a1a913cd94cd1473ac81d4b-10_2_2025-8_27_10-AM-2048x1125.jpg 2048w, https:\/\/www.jelenov-greben.si\/trgovina\/wp-content\/uploads\/2026\/03\/1000106481_314689c89a1a913cd94cd1473ac81d4b-10_2_2025-8_27_10-AM-18x10.jpg 18w, https:\/\/www.jelenov-greben.si\/trgovina\/wp-content\/uploads\/2026\/03\/1000106481_314689c89a1a913cd94cd1473ac81d4b-10_2_2025-8_27_10-AM-1320x725.jpg 1320w, https:\/\/www.jelenov-greben.si\/trgovina\/wp-content\/uploads\/2026\/03\/1000106481_314689c89a1a913cd94cd1473ac81d4b-10_2_2025-8_27_10-AM-600x329.jpg 600w, https:\/\/www.jelenov-greben.si\/trgovina\/wp-content\/uploads\/2026\/03\/1000106481_314689c89a1a913cd94cd1473ac81d4b-10_2_2025-8_27_10-AM-scaled-e1774530247443.jpg 1560w\" sizes=\"(max-width: 1024px) 100vw, 1024px\" \/>\t\t\t\t\t\t\t\t\t\t\t\t\t\t\t<\/div>\n\t\t\t\t<\/div>\n\t\t\t\t\t<\/div>\n\t\t<\/div>\n\t\t\t\t\t<\/div>\n\t\t<\/section>\n\t\t\t\t<section class=\"elementor-section elementor-top-section elementor-element elementor-element-e110e64 elementor-section-boxed elementor-section-height-default elementor-section-height-default\" data-id=\"e110e64\" data-element_type=\"section\" data-e-type=\"section\">\n\t\t\t\t\t\t<div class=\"elementor-container elementor-column-gap-default\">\n\t\t\t\t\t<div class=\"elementor-column elementor-col-50 elementor-top-column elementor-element elementor-element-6d38750\" data-id=\"6d38750\" data-element_type=\"column\" data-e-type=\"column\">\n\t\t\t<div class=\"elementor-widget-wrap elementor-element-populated\">\n\t\t\t\t\t\t<div class=\"elementor-element elementor-element-c93a5c1 elementor-widget elementor-widget-heading\" data-id=\"c93a5c1\" data-element_type=\"widget\" data-e-type=\"widget\" data-widget_type=\"heading.default\">\n\t\t\t\t<div class=\"elementor-widget-container\">\n\t\t\t\t\t<h2 class=\"elementor-heading-title elementor-size-default\">TURISTI\u010cNI CENTER PIKI\n\nJelenov greben<\/h2>\t\t\t\t<\/div>\n\t\t\t\t<\/div>\n\t\t\t\t<section class=\"elementor-section elementor-inner-section elementor-element elementor-element-dd019d8 elementor-section-boxed elementor-section-height-default elementor-section-height-default\" data-id=\"dd019d8\" data-element_type=\"section\" data-e-type=\"section\">\n\t\t\t\t\t\t<div class=\"elementor-container elementor-column-gap-default\">\n\t\t\t\t\t<div class=\"elementor-column elementor-col-50 elementor-inner-column elementor-element elementor-element-5ef71ac\" data-id=\"5ef71ac\" data-element_type=\"column\" data-e-type=\"column\">\n\t\t\t<div class=\"elementor-widget-wrap elementor-element-populated\">\n\t\t\t\t\t\t<div class=\"elementor-element elementor-element-54020f8 elementor-widget elementor-widget-heading\" data-id=\"54020f8\" data-element_type=\"widget\" data-e-type=\"widget\" data-widget_type=\"heading.default\">\n\t\t\t\t<div class=\"elementor-widget-container\">\n\t\t\t\t\t<h2 class=\"elementor-heading-title elementor-size-default\"><b>NASLOV:<\/b><\/h2>\t\t\t\t<\/div>\n\t\t\t\t<\/div>\n\t\t\t\t<div class=\"elementor-element elementor-element-49679d1 elementor-widget elementor-widget-text-editor\" data-id=\"49679d1\" data-element_type=\"widget\" data-e-type=\"widget\" data-widget_type=\"text-editor.default\">\n\t\t\t\t<div class=\"elementor-widget-container\">\n\t\t\t\t\t\t\t\t\t<p>OLIMJE 102,<\/p><p>3254 POD\u010cETRTEK<\/p><p>SLOVENIJA\u00a0<\/p>\t\t\t\t\t\t\t\t<\/div>\n\t\t\t\t<\/div>\n\t\t\t\t<div class=\"elementor-element elementor-element-be92329 elementor-widget elementor-widget-heading\" data-id=\"be92329\" data-element_type=\"widget\" data-e-type=\"widget\" data-widget_type=\"heading.default\">\n\t\t\t\t<div class=\"elementor-widget-container\">\n\t\t\t\t\t<h2 class=\"elementor-heading-title elementor-size-default\"><b>KONTAKT<\/b><\/h2>\t\t\t\t<\/div>\n\t\t\t\t<\/div>\n\t\t\t\t<div class=\"elementor-element elementor-element-1b5385e elementor-widget elementor-widget-text-editor\" data-id=\"1b5385e\" data-element_type=\"widget\" data-e-type=\"widget\" data-widget_type=\"text-editor.default\">\n\t\t\t\t<div class=\"elementor-widget-container\">\n\t\t\t\t\t\t\t\t\t<p>+386 (0)65 55 1022<\/p><p>+386 (0)3 777 77 15<\/p>\t\t\t\t\t\t\t\t<\/div>\n\t\t\t\t<\/div>\n\t\t\t\t<div class=\"elementor-element elementor-element-0eef30d elementor-widget elementor-widget-text-editor\" data-id=\"0eef30d\" data-element_type=\"widget\" data-e-type=\"widget\" data-widget_type=\"text-editor.default\">\n\t\t\t\t<div class=\"elementor-widget-container\">\n\t\t\t\t\t\t\t\t\t<p>e-naslov:<\/p><p>ptc@jelenov-greben.si<\/p>\t\t\t\t\t\t\t\t<\/div>\n\t\t\t\t<\/div>\n\t\t\t\t\t<\/div>\n\t\t<\/div>\n\t\t\t\t<div class=\"elementor-column elementor-col-50 elementor-inner-column elementor-element elementor-element-c64a921\" data-id=\"c64a921\" data-element_type=\"column\" data-e-type=\"column\">\n\t\t\t<div class=\"elementor-widget-wrap elementor-element-populated\">\n\t\t\t\t\t\t<div class=\"elementor-element elementor-element-7f5deb9 elementor-widget elementor-widget-google_maps\" data-id=\"7f5deb9\" data-element_type=\"widget\" data-e-type=\"widget\" data-widget_type=\"google_maps.default\">\n\t\t\t\t<div class=\"elementor-widget-container\">\n\t\t\t\t\t\t\t<div class=\"elementor-custom-embed\">\n\t\t\t<iframe loading=\"lazy\"\n\t\t\t\t\tsrc=\"https:\/\/maps.google.com\/maps?q=Proizvodno%20-%20turisti%C4%8Dni%20center%20Jelenov%20greben%2C%20Olimje%20102%2C%203254%20Pod%C4%8Detrtek&#038;t=m&#038;z=12&#038;output=embed&#038;iwloc=near\"\n\t\t\t\t\ttitle=\"Proizvodno - turisti\u010dni center Jelenov greben, Olimje 102, 3254 Pod\u010detrtek\"\n\t\t\t\t\taria-label=\"Proizvodno - turisti\u010dni center Jelenov greben, Olimje 102, 3254 Pod\u010detrtek\"\n\t\t\t><\/iframe>\n\t\t<\/div>\n\t\t\t\t\t\t<\/div>\n\t\t\t\t<\/div>\n\t\t\t\t\t<\/div>\n\t\t<\/div>\n\t\t\t\t\t<\/div>\n\t\t<\/section>\n\t\t\t\t\t<\/div>\n\t\t<\/div>\n\t\t\t\t<div class=\"elementor-column elementor-col-50 elementor-top-column elementor-element elementor-element-61d8baf\" data-id=\"61d8baf\" data-element_type=\"column\" data-e-type=\"column\">\n\t\t\t<div class=\"elementor-widget-wrap elementor-element-populated\">\n\t\t\t\t\t\t<section class=\"elementor-section elementor-inner-section elementor-element elementor-element-070ce18 elementor-section-boxed elementor-section-height-default elementor-section-height-default\" data-id=\"070ce18\" data-element_type=\"section\" data-e-type=\"section\">\n\t\t\t\t\t\t<div class=\"elementor-container elementor-column-gap-default\">\n\t\t\t\t\t<div class=\"elementor-column elementor-col-50 elementor-inner-column elementor-element elementor-element-8672367\" data-id=\"8672367\" data-element_type=\"column\" data-e-type=\"column\">\n\t\t\t<div class=\"elementor-widget-wrap elementor-element-populated\">\n\t\t\t\t\t\t<div class=\"elementor-element elementor-element-4a77049 elementor-widget elementor-widget-heading\" data-id=\"4a77049\" data-element_type=\"widget\" data-e-type=\"widget\" data-widget_type=\"heading.default\">\n\t\t\t\t<div class=\"elementor-widget-container\">\n\t\t\t\t\t<h2 class=\"elementor-heading-title elementor-size-default\"><b>ODPIRALNI \u010cAS\n<\/b><\/h2>\t\t\t\t<\/div>\n\t\t\t\t<\/div>\n\t\t\t\t<div class=\"elementor-element elementor-element-0106748 elementor-widget elementor-widget-text-editor\" data-id=\"0106748\" data-element_type=\"widget\" data-e-type=\"widget\" data-widget_type=\"text-editor.default\">\n\t\t\t\t<div class=\"elementor-widget-container\">\n\t\t\t\t\t\t\t\t\t<p><b>TRGOVINA NA\u00a0<\/b><\/p><p><b>TURISTI\u010cNEM CENTRU PIKI<\/b><\/p>\t\t\t\t\t\t\t\t<\/div>\n\t\t\t\t<\/div>\n\t\t\t\t<div class=\"elementor-element elementor-element-ab52c22 elementor-widget elementor-widget-text-editor\" data-id=\"ab52c22\" data-element_type=\"widget\" data-e-type=\"widget\" data-widget_type=\"text-editor.default\">\n\t\t\t\t<div class=\"elementor-widget-container\">\n\t\t\t\t\t\t\t\t\t<p>TOREK &#8211; SOBOTA<\/p><p>od 8:00 do 16:00<\/p><p>\u00a0<\/p><p>PONEDELJEK IN NEDLJA ZAPRTO<\/p>\t\t\t\t\t\t\t\t<\/div>\n\t\t\t\t<\/div>\n\t\t\t\t<div class=\"elementor-element elementor-element-89da682 elementor-widget elementor-widget-text-editor\" data-id=\"89da682\" data-element_type=\"widget\" data-e-type=\"widget\" data-widget_type=\"text-editor.default\">\n\t\t\t\t<div class=\"elementor-widget-container\">\n\t\t\t\t\t\t\t\t\t<p><b>TRGOVINA NA\u00a0<\/b><\/p><p><b>JELENOVEM GREBENU<\/b><\/p><p>\u00a0<\/p>\t\t\t\t\t\t\t\t<\/div>\n\t\t\t\t<\/div>\n\t\t\t\t<div class=\"elementor-element elementor-element-e1cda12 elementor-widget elementor-widget-text-editor\" data-id=\"e1cda12\" data-element_type=\"widget\" data-e-type=\"widget\" data-widget_type=\"text-editor.default\">\n\t\t\t\t<div class=\"elementor-widget-container\">\n\t\t\t\t\t\t\t\t\t<p>PONEDELJEK &#8211; NEDELJA<\/p><p>od 8:00 do 18:00<\/p>\t\t\t\t\t\t\t\t<\/div>\n\t\t\t\t<\/div>\n\t\t\t\t\t<\/div>\n\t\t<\/div>\n\t\t\t\t<div class=\"elementor-column elementor-col-50 elementor-inner-column elementor-element elementor-element-9a221b1\" data-id=\"9a221b1\" data-element_type=\"column\" data-e-type=\"column\">\n\t\t\t<div class=\"elementor-widget-wrap elementor-element-populated\">\n\t\t\t\t\t\t<div class=\"elementor-element elementor-element-dfe57e3 elementor-widget elementor-widget-image\" data-id=\"dfe57e3\" data-element_type=\"widget\" data-e-type=\"widget\" data-widget_type=\"image.default\">\n\t\t\t\t<div class=\"elementor-widget-container\">\n\t\t\t\t\t\t\t\t\t\t\t\t\t\t\t<img decoding=\"async\" width=\"1024\" height=\"683\" src=\"https:\/\/www.jelenov-greben.si\/trgovina\/wp-content\/uploads\/2026\/03\/MLP_3294-1024x683.jpg\" class=\"attachment-large size-large wp-image-34477\" alt=\"\" srcset=\"https:\/\/www.jelenov-greben.si\/trgovina\/wp-content\/uploads\/2026\/03\/MLP_3294-1024x683.jpg 1024w, https:\/\/www.jelenov-greben.si\/trgovina\/wp-content\/uploads\/2026\/03\/MLP_3294-300x200.jpg 300w, https:\/\/www.jelenov-greben.si\/trgovina\/wp-content\/uploads\/2026\/03\/MLP_3294-768x512.jpg 768w, https:\/\/www.jelenov-greben.si\/trgovina\/wp-content\/uploads\/2026\/03\/MLP_3294-1536x1024.jpg 1536w, https:\/\/www.jelenov-greben.si\/trgovina\/wp-content\/uploads\/2026\/03\/MLP_3294-2048x1365.jpg 2048w, https:\/\/www.jelenov-greben.si\/trgovina\/wp-content\/uploads\/2026\/03\/MLP_3294-18x12.jpg 18w, https:\/\/www.jelenov-greben.si\/trgovina\/wp-content\/uploads\/2026\/03\/MLP_3294-1320x880.jpg 1320w, https:\/\/www.jelenov-greben.si\/trgovina\/wp-content\/uploads\/2026\/03\/MLP_3294-600x400.jpg 600w, https:\/\/www.jelenov-greben.si\/trgovina\/wp-content\/uploads\/2026\/03\/MLP_3294-scaled-e1772714360388.jpg 1560w\" sizes=\"(max-width: 1024px) 100vw, 1024px\" \/>\t\t\t\t\t\t\t\t\t\t\t\t\t\t\t<\/div>\n\t\t\t\t<\/div>\n\t\t\t\t<div class=\"elementor-element elementor-element-7eee425 elementor-widget elementor-widget-image\" data-id=\"7eee425\" data-element_type=\"widget\" data-e-type=\"widget\" data-widget_type=\"image.default\">\n\t\t\t\t<div class=\"elementor-widget-container\">\n\t\t\t\t\t\t\t\t\t\t\t\t\t\t\t<img decoding=\"async\" width=\"1024\" height=\"683\" src=\"https:\/\/www.jelenov-greben.si\/trgovina\/wp-content\/uploads\/2020\/06\/MLP_3311-1024x683.jpg\" class=\"attachment-large size-large wp-image-33448\" alt=\"\" srcset=\"https:\/\/www.jelenov-greben.si\/trgovina\/wp-content\/uploads\/2020\/06\/MLP_3311-1024x683.jpg 1024w, https:\/\/www.jelenov-greben.si\/trgovina\/wp-content\/uploads\/2020\/06\/MLP_3311-300x200.jpg 300w, https:\/\/www.jelenov-greben.si\/trgovina\/wp-content\/uploads\/2020\/06\/MLP_3311-768x512.jpg 768w, https:\/\/www.jelenov-greben.si\/trgovina\/wp-content\/uploads\/2020\/06\/MLP_3311-1536x1024.jpg 1536w, https:\/\/www.jelenov-greben.si\/trgovina\/wp-content\/uploads\/2020\/06\/MLP_3311-2048x1365.jpg 2048w, https:\/\/www.jelenov-greben.si\/trgovina\/wp-content\/uploads\/2020\/06\/MLP_3311-18x12.jpg 18w, https:\/\/www.jelenov-greben.si\/trgovina\/wp-content\/uploads\/2020\/06\/MLP_3311-1320x880.jpg 1320w, https:\/\/www.jelenov-greben.si\/trgovina\/wp-content\/uploads\/2020\/06\/MLP_3311-600x400.jpg 600w, https:\/\/www.jelenov-greben.si\/trgovina\/wp-content\/uploads\/2020\/06\/MLP_3311-scaled-e1726564714701.jpg 1260w\" sizes=\"(max-width: 1024px) 100vw, 1024px\" \/>\t\t\t\t\t\t\t\t\t\t\t\t\t\t\t<\/div>\n\t\t\t\t<\/div>\n\t\t\t\t\t<\/div>\n\t\t<\/div>\n\t\t\t\t\t<\/div>\n\t\t<\/section>\n\t\t\t\t\t<\/div>\n\t\t<\/div>\n\t\t\t\t\t<\/div>\n\t\t<\/section>\n\t\t\t\t<section class=\"elementor-section elementor-top-section elementor-element elementor-element-cb728ef elementor-section-boxed elementor-section-height-default elementor-section-height-default\" data-id=\"cb728ef\" data-element_type=\"section\" data-e-type=\"section\">\n\t\t\t\t\t\t<div class=\"elementor-container elementor-column-gap-default\">\n\t\t\t\t\t<div class=\"elementor-column elementor-col-100 elementor-top-column elementor-element elementor-element-c6aeadf\" data-id=\"c6aeadf\" data-element_type=\"column\" data-e-type=\"column\">\n\t\t\t<div class=\"elementor-widget-wrap elementor-element-populated\">\n\t\t\t\t\t\t<section class=\"elementor-section elementor-inner-section elementor-element elementor-element-d72524d elementor-section-boxed elementor-section-height-default elementor-section-height-default\" data-id=\"d72524d\" data-element_type=\"section\" data-e-type=\"section\">\n\t\t\t\t\t\t<div class=\"elementor-container elementor-column-gap-default\">\n\t\t\t\t\t<div class=\"elementor-column elementor-col-25 elementor-inner-column elementor-element elementor-element-5557e23\" data-id=\"5557e23\" data-element_type=\"column\" data-e-type=\"column\">\n\t\t\t<div class=\"elementor-widget-wrap elementor-element-populated\">\n\t\t\t\t\t\t<div class=\"elementor-element elementor-element-76b9955 elementor-view-default elementor-widget elementor-widget-icon\" data-id=\"76b9955\" data-element_type=\"widget\" data-e-type=\"widget\" data-widget_type=\"icon.default\">\n\t\t\t\t<div class=\"elementor-widget-container\">\n\t\t\t\t\t\t\t<div class=\"elementor-icon-wrapper\">\n\t\t\t<a class=\"elementor-icon\" href=\"https:\/\/www.instagram.com\/turisticnicenter_piki\/\">\n\t\t\t<i aria-hidden=\"true\" class=\"fab fa-instagram\"><\/i>\t\t\t<\/a>\n\t\t<\/div>\n\t\t\t\t\t\t<\/div>\n\t\t\t\t<\/div>\n\t\t\t\t<div class=\"elementor-element elementor-element-29267a6 elementor-widget elementor-widget-text-editor\" data-id=\"29267a6\" data-element_type=\"widget\" data-e-type=\"widget\" data-widget_type=\"text-editor.default\">\n\t\t\t\t<div class=\"elementor-widget-container\">\n\t\t\t\t\t\t\t\t\t<p>Turisticnicenter_piki<\/p>\t\t\t\t\t\t\t\t<\/div>\n\t\t\t\t<\/div>\n\t\t\t\t\t<\/div>\n\t\t<\/div>\n\t\t\t\t<div class=\"elementor-column elementor-col-25 elementor-inner-column elementor-element elementor-element-7f70d08\" data-id=\"7f70d08\" data-element_type=\"column\" data-e-type=\"column\">\n\t\t\t<div class=\"elementor-widget-wrap elementor-element-populated\">\n\t\t\t\t\t\t<div class=\"elementor-element elementor-element-dd74004 elementor-view-default elementor-widget elementor-widget-icon\" data-id=\"dd74004\" data-element_type=\"widget\" data-e-type=\"widget\" data-widget_type=\"icon.default\">\n\t\t\t\t<div class=\"elementor-widget-container\">\n\t\t\t\t\t\t\t<div class=\"elementor-icon-wrapper\">\n\t\t\t<a class=\"elementor-icon\" href=\"https:\/\/www.facebook.com\/tcpiki\">\n\t\t\t<i aria-hidden=\"true\" class=\"fab fa-facebook-f\"><\/i>\t\t\t<\/a>\n\t\t<\/div>\n\t\t\t\t\t\t<\/div>\n\t\t\t\t<\/div>\n\t\t\t\t<div class=\"elementor-element elementor-element-7eb6af9 elementor-widget elementor-widget-text-editor\" data-id=\"7eb6af9\" data-element_type=\"widget\" data-e-type=\"widget\" data-widget_type=\"text-editor.default\">\n\t\t\t\t<div class=\"elementor-widget-container\">\n\t\t\t\t\t\t\t\t\t<p>Turisti\u010dni center Piki<\/p>\t\t\t\t\t\t\t\t<\/div>\n\t\t\t\t<\/div>\n\t\t\t\t\t<\/div>\n\t\t<\/div>\n\t\t\t\t<div class=\"elementor-column elementor-col-25 elementor-inner-column elementor-element elementor-element-d082228\" data-id=\"d082228\" data-element_type=\"column\" data-e-type=\"column\">\n\t\t\t<div class=\"elementor-widget-wrap\">\n\t\t\t\t\t\t\t<\/div>\n\t\t<\/div>\n\t\t\t\t<div class=\"elementor-column elementor-col-25 elementor-inner-column elementor-element elementor-element-444446f\" data-id=\"444446f\" data-element_type=\"column\" data-e-type=\"column\">\n\t\t\t<div class=\"elementor-widget-wrap\">\n\t\t\t\t\t\t\t<\/div>\n\t\t<\/div>\n\t\t\t\t\t<\/div>\n\t\t<\/section>\n\t\t\t\t\t<\/div>\n\t\t<\/div>\n\t\t\t\t\t<\/div>\n\t\t<\/section>\n\t\t\t\t<\/div>\n\t\t","protected":false},"excerpt":{"rendered":"<p>O NAS Smo dru\u017einsko podjetje Jelenov greben (dru\u017eine Je\u017eovnik) z ve\u010d kot 30-letno tradicijo izdelovanja doma\u010dih izdelkov. Na\u0161a zgodba se za\u010dne leta 1989 z gojenjem \u0161ampinjonov, to je bil na\u0161 prvi produkt po katerem smo znani \u0161e danes. Na\u0161a zgodba temelji na kakovosti, ro\u010dnem delu in spo\u0161tovanju naravnih materialov, kar nas \u017ee vrsto let uvr\u0161\u010da [&hellip;]<\/p>\n","protected":false},"author":3,"featured_media":0,"parent":0,"menu_order":0,"comment_status":"closed","ping_status":"closed","template":"","meta":{"footnotes":""},"class_list":["post-32713","page","type-page","status-publish","hentry"],"_links":{"self":[{"href":"https:\/\/www.jelenov-greben.si\/trgovina\/wp-json\/wp\/v2\/pages\/32713","targetHints":{"allow":["GET"]}}],"collection":[{"href":"https:\/\/www.jelenov-greben.si\/trgovina\/wp-json\/wp\/v2\/pages"}],"about":[{"href":"https:\/\/www.jelenov-greben.si\/trgovina\/wp-json\/wp\/v2\/types\/page"}],"author":[{"embeddable":true,"href":"https:\/\/www.jelenov-greben.si\/trgovina\/wp-json\/wp\/v2\/users\/3"}],"replies":[{"embeddable":true,"href":"https:\/\/www.jelenov-greben.si\/trgovina\/wp-json\/wp\/v2\/comments?post=32713"}],"version-history":[{"count":43,"href":"https:\/\/www.jelenov-greben.si\/trgovina\/wp-json\/wp\/v2\/pages\/32713\/revisions"}],"predecessor-version":[{"id":35273,"href":"https:\/\/www.jelenov-greben.si\/trgovina\/wp-json\/wp\/v2\/pages\/32713\/revisions\/35273"}],"wp:attachment":[{"href":"https:\/\/www.jelenov-greben.si\/trgovina\/wp-json\/wp\/v2\/media?parent=32713"}],"curies":[{"name":"wp","href":"https:\/\/api.w.org\/{rel}","templated":true}]}}