{"id":30908,"date":"2023-01-12T11:13:26","date_gmt":"2023-01-12T10:13:26","guid":{"rendered":"https:\/\/www.jelenov-greben.si\/trgovina\/?post_type=product&#038;p=30908"},"modified":"2026-04-01T08:29:02","modified_gmt":"2026-04-01T07:29:02","slug":"akacijev-med-veliko-pakiranje-890g","status":"publish","type":"product","link":"https:\/\/www.jelenov-greben.si\/trgovina\/izdelek\/akacijev-med-veliko-pakiranje-890g\/","title":{"rendered":"AKACIJEV MED  890g"},"content":{"rendered":"<p><span data-sheets-value=\"{&quot;1&quot;:2,&quot;2&quot;:&quot;Teko\u010d, ne\u017eno rumen med, milega okusa in brez izrazitega vonja. Velja kot odli\u010den namaz na kruh in nepogre\u0161ljivo sladilo za \u010daj, kavo in sadne torte. Akacijev med velja kot odli\u010den dodatek za pomiritev. &quot;}\" data-sheets-userformat=\"{&quot;2&quot;:14337,&quot;3&quot;:{&quot;1&quot;:0,&quot;3&quot;:1},&quot;14&quot;:{&quot;1&quot;:2,&quot;2&quot;:0},&quot;15&quot;:&quot;Arial&quot;,&quot;16&quot;:10}\">Teko\u010d, ne\u017eno rumen med, milega okusa in brez izrazitega vonja. Velja kot odli\u010den namaz na kruh in nepogre\u0161ljivo sladilo za \u010daj, kavo in sadne torte. Akacijev med velja kot odli\u010den dodatek za pomiritev. <\/span><\/p>\n","protected":false},"excerpt":{"rendered":"<p><span data-sheets-value=\"{&quot;1&quot;:2,&quot;2&quot;:&quot;Teko\u010d, ne\u017eno rumen med, milega okusa in brez izrazitega vonja. Velja kot odli\u010den namaz na kruh in nepogre\u0161ljivo sladilo za \u010daj, kavo in sadne torte. Akacijev med velja kot odli\u010den dodatek za pomiritev. &quot;}\" data-sheets-userformat=\"{&quot;2&quot;:14337,&quot;3&quot;:{&quot;1&quot;:0,&quot;3&quot;:1},&quot;14&quot;:{&quot;1&quot;:2,&quot;2&quot;:0},&quot;15&quot;:&quot;Arial&quot;,&quot;16&quot;:10}\"><strong>Akacijev med<\/strong> velja kot odli\u010dno \u017eivilo za pomiritev.<\/span><\/p>\n<p>vsebina: 890g<\/p>\n","protected":false},"featured_media":35278,"template":"","meta":[],"product_brand":[],"product_cat":[202],"product_tag":[],"class_list":{"0":"post-30908","1":"product","2":"type-product","3":"status-publish","4":"has-post-thumbnail","6":"product_cat-med","7":"product_shipping_class-paket-m","10":"first","11":"instock","12":"shipping-taxable","13":"purchasable","14":"product-type-simple"},"_links":{"self":[{"href":"https:\/\/www.jelenov-greben.si\/trgovina\/wp-json\/wp\/v2\/product\/30908","targetHints":{"allow":["GET"]}}],"collection":[{"href":"https:\/\/www.jelenov-greben.si\/trgovina\/wp-json\/wp\/v2\/product"}],"about":[{"href":"https:\/\/www.jelenov-greben.si\/trgovina\/wp-json\/wp\/v2\/types\/product"}],"wp:featuredmedia":[{"embeddable":true,"href":"https:\/\/www.jelenov-greben.si\/trgovina\/wp-json\/wp\/v2\/media\/35278"}],"wp:attachment":[{"href":"https:\/\/www.jelenov-greben.si\/trgovina\/wp-json\/wp\/v2\/media?parent=30908"}],"wp:term":[{"taxonomy":"product_brand","embeddable":true,"href":"https:\/\/www.jelenov-greben.si\/trgovina\/wp-json\/wp\/v2\/product_brand?post=30908"},{"taxonomy":"product_cat","embeddable":true,"href":"https:\/\/www.jelenov-greben.si\/trgovina\/wp-json\/wp\/v2\/product_cat?post=30908"},{"taxonomy":"product_tag","embeddable":true,"href":"https:\/\/www.jelenov-greben.si\/trgovina\/wp-json\/wp\/v2\/product_tag?post=30908"}],"curies":[{"name":"wp","href":"https:\/\/api.w.org\/{rel}","templated":true}]}}