{"id":30917,"date":"2023-01-12T11:40:30","date_gmt":"2023-01-12T11:40:30","guid":{"rendered":"https:\/\/www.jelenov-greben.si\/trgovina\/izdelek\/lipov-med-veliko-pakiranje-890-g\/"},"modified":"2026-04-01T08:25:07","modified_gmt":"2026-04-01T07:25:07","slug":"lipov-med-veliko-pakiranje-890-g","status":"publish","type":"product","link":"https:\/\/www.jelenov-greben.si\/trgovina\/izdelek\/lipov-med-veliko-pakiranje-890-g\/","title":{"rendered":"LIPOV MED 890 g"},"content":{"rendered":"","protected":false},"excerpt":{"rendered":"<p>Lipov med je v teko\u010dem stanju svetlo rumene barve, z zna\u010dilnim vonjem in okusom, ki spominja na lipovo cvetje s pridihom mete. Je idealen med za sladkanje \u010dajev, ker nima izrazitega okusa in se hitro raztopi. Tako kot ostali medi, tudi lipov med pomaga pri prehladu in izka\u0161ljevanju, spro\u0161\u010danju in uravnavanju krvnega pritiska.<\/p>\n","protected":false},"featured_media":35277,"template":"","meta":[],"product_brand":[],"product_cat":[202],"product_tag":[],"class_list":{"0":"post-30917","1":"product","2":"type-product","3":"status-publish","4":"has-post-thumbnail","6":"product_cat-med","9":"first","10":"instock","11":"shipping-taxable","12":"purchasable","13":"product-type-simple"},"_links":{"self":[{"href":"https:\/\/www.jelenov-greben.si\/trgovina\/wp-json\/wp\/v2\/product\/30917","targetHints":{"allow":["GET"]}}],"collection":[{"href":"https:\/\/www.jelenov-greben.si\/trgovina\/wp-json\/wp\/v2\/product"}],"about":[{"href":"https:\/\/www.jelenov-greben.si\/trgovina\/wp-json\/wp\/v2\/types\/product"}],"wp:featuredmedia":[{"embeddable":true,"href":"https:\/\/www.jelenov-greben.si\/trgovina\/wp-json\/wp\/v2\/media\/35277"}],"wp:attachment":[{"href":"https:\/\/www.jelenov-greben.si\/trgovina\/wp-json\/wp\/v2\/media?parent=30917"}],"wp:term":[{"taxonomy":"product_brand","embeddable":true,"href":"https:\/\/www.jelenov-greben.si\/trgovina\/wp-json\/wp\/v2\/product_brand?post=30917"},{"taxonomy":"product_cat","embeddable":true,"href":"https:\/\/www.jelenov-greben.si\/trgovina\/wp-json\/wp\/v2\/product_cat?post=30917"},{"taxonomy":"product_tag","embeddable":true,"href":"https:\/\/www.jelenov-greben.si\/trgovina\/wp-json\/wp\/v2\/product_tag?post=30917"}],"curies":[{"name":"wp","href":"https:\/\/api.w.org\/{rel}","templated":true}]}}