{"id":30918,"date":"2023-01-12T11:40:31","date_gmt":"2023-01-12T10:40:31","guid":{"rendered":"https:\/\/www.jelenov-greben.si\/trgovina\/izdelek\/gozdni-med-majhno-pakiranje-245g\/"},"modified":"2025-03-18T13:47:53","modified_gmt":"2025-03-18T12:47:53","slug":"gozdni-med-majhno-pakiranje-245g","status":"publish","type":"product","link":"https:\/\/www.jelenov-greben.si\/trgovina\/izdelek\/gozdni-med-majhno-pakiranje-245g\/","title":{"rendered":"GOZDNI MED 245g"},"content":{"rendered":"<p><span data-sheets-value=\"{&quot;1&quot;:2,&quot;2&quot;:&quot;Gozdni med v sebi zdru\u017euje najbolj\u0161e, kar se skriva v gozdu. V gozdnem medu boste zaznali aromo po smoli, orehih, le\u0161nikih, zeli\u0161\u010dih, karameli in suhem sadju. Od drugih vrst medu se razlikuje po posebni kemijski sestavi, saj je gozdni med naravna me\u0161anica nektarskega in maninega medu. &quot;}\" data-sheets-userformat=\"{&quot;2&quot;:14337,&quot;3&quot;:{&quot;1&quot;:0,&quot;3&quot;:1},&quot;14&quot;:{&quot;1&quot;:2,&quot;2&quot;:16711680},&quot;15&quot;:&quot;Titillium Web&quot;,&quot;16&quot;:11}\">Gozdni med v sebi zdru\u017euje najbolj\u0161e, kar se skriva v gozdu. V gozdnem medu boste zaznali aromo po smoli, orehih, le\u0161nikih, zeli\u0161\u010dih, karameli in suhem sadju. Od drugih vrst medu se razlikuje po posebni kemijski sestavi, saj je gozdni med naravna me\u0161anica nektarskega in maninega medu. <\/span><\/p>\n","protected":false},"excerpt":{"rendered":"<p><em><span data-sheets-value=\"{&quot;1&quot;:2,&quot;2&quot;:&quot;Gozdni med v sebi zdru\u017euje najbolj\u0161e, kar se skriva v gozdu. V gozdnem medu boste zaznali aromo po smoli, orehih, le\u0161nikih, zeli\u0161\u010dih, karameli in suhem sadju. Od drugih vrst medu se razlikuje po posebni kemijski sestavi, saj je gozdni med naravna me\u0161anica nektarskega in maninega medu. &quot;}\" data-sheets-userformat=\"{&quot;2&quot;:14337,&quot;3&quot;:{&quot;1&quot;:0,&quot;3&quot;:1},&quot;14&quot;:{&quot;1&quot;:2,&quot;2&quot;:16711680},&quot;15&quot;:&quot;Titillium Web&quot;,&quot;16&quot;:11}\">Gozdni med v sebi zdru\u017euje najbolj\u0161e, kar se skriva v gozdu. <\/span><\/em><\/p>\n<p><em><span data-sheets-value=\"{&quot;1&quot;:2,&quot;2&quot;:&quot;Gozdni med v sebi zdru\u017euje najbolj\u0161e, kar se skriva v gozdu. V gozdnem medu boste zaznali aromo po smoli, orehih, le\u0161nikih, zeli\u0161\u010dih, karameli in suhem sadju. Od drugih vrst medu se razlikuje po posebni kemijski sestavi, saj je gozdni med naravna me\u0161anica nektarskega in maninega medu. &quot;}\" data-sheets-userformat=\"{&quot;2&quot;:14337,&quot;3&quot;:{&quot;1&quot;:0,&quot;3&quot;:1},&quot;14&quot;:{&quot;1&quot;:2,&quot;2&quot;:16711680},&quot;15&quot;:&quot;Titillium Web&quot;,&quot;16&quot;:11}\">V gozdnem medu boste zaznali aromo po smoli, orehih, le\u0161nikih, zeli\u0161\u010dih in suhem sadju.<\/span><\/em><\/p>\n<p>&nbsp;<\/p>\n","protected":false},"featured_media":33141,"template":"","meta":[],"product_brand":[],"product_cat":[202],"product_tag":[],"class_list":{"0":"post-30918","1":"product","2":"type-product","3":"status-publish","4":"has-post-thumbnail","6":"product_cat-med","9":"first","10":"instock","11":"shipping-taxable","12":"purchasable","13":"product-type-simple"},"_links":{"self":[{"href":"https:\/\/www.jelenov-greben.si\/trgovina\/wp-json\/wp\/v2\/product\/30918","targetHints":{"allow":["GET"]}}],"collection":[{"href":"https:\/\/www.jelenov-greben.si\/trgovina\/wp-json\/wp\/v2\/product"}],"about":[{"href":"https:\/\/www.jelenov-greben.si\/trgovina\/wp-json\/wp\/v2\/types\/product"}],"wp:featuredmedia":[{"embeddable":true,"href":"https:\/\/www.jelenov-greben.si\/trgovina\/wp-json\/wp\/v2\/media\/33141"}],"wp:attachment":[{"href":"https:\/\/www.jelenov-greben.si\/trgovina\/wp-json\/wp\/v2\/media?parent=30918"}],"wp:term":[{"taxonomy":"product_brand","embeddable":true,"href":"https:\/\/www.jelenov-greben.si\/trgovina\/wp-json\/wp\/v2\/product_brand?post=30918"},{"taxonomy":"product_cat","embeddable":true,"href":"https:\/\/www.jelenov-greben.si\/trgovina\/wp-json\/wp\/v2\/product_cat?post=30918"},{"taxonomy":"product_tag","embeddable":true,"href":"https:\/\/www.jelenov-greben.si\/trgovina\/wp-json\/wp\/v2\/product_tag?post=30918"}],"curies":[{"name":"wp","href":"https:\/\/api.w.org\/{rel}","templated":true}]}}