{"id":30938,"date":"2023-01-12T11:40:32","date_gmt":"2023-01-12T11:40:32","guid":{"rendered":"https:\/\/www.jelenov-greben.si\/trgovina\/izdelek\/med-trojcek-mali-akacijev-med-med-z-orehi-med-z-lesniki-3-106g\/"},"modified":"2025-03-18T13:46:49","modified_gmt":"2025-03-18T12:46:49","slug":"med-trojcek-mali-akacijev-med-med-z-orehi-med-z-lesniki-3-106g","status":"publish","type":"product","link":"https:\/\/www.jelenov-greben.si\/trgovina\/izdelek\/med-trojcek-mali-akacijev-med-med-z-orehi-med-z-lesniki-3-106g\/","title":{"rendered":"MED TROJ\u010cEK 3* 106g"},"content":{"rendered":"<p>Slovenski med, pakiran v embala\u017ei iz valovite lepenke z leseno \u017eli\u010dko.<\/p>\n<p>Mali cvetli\u010dni med, med z orehi, kostanjev med &#8211;\u00a0 3* 106g<\/p>\n","protected":false},"excerpt":{"rendered":"<p>Slovenski med, pakiran v embala\u017ei iz valovite lepenke z leseno \u017eli\u010dko. Mali cvetli\u010dni med, med z orehi, kostanjev med &#8211;\u00a0 3* 106g<\/p>\n","protected":false},"featured_media":32102,"template":"","meta":[],"product_brand":[],"product_cat":[202],"product_tag":[],"class_list":{"0":"post-30938","1":"product","2":"type-product","3":"status-publish","4":"has-post-thumbnail","6":"product_cat-med","9":"first","10":"instock","11":"shipping-taxable","12":"purchasable","13":"product-type-simple"},"_links":{"self":[{"href":"https:\/\/www.jelenov-greben.si\/trgovina\/wp-json\/wp\/v2\/product\/30938","targetHints":{"allow":["GET"]}}],"collection":[{"href":"https:\/\/www.jelenov-greben.si\/trgovina\/wp-json\/wp\/v2\/product"}],"about":[{"href":"https:\/\/www.jelenov-greben.si\/trgovina\/wp-json\/wp\/v2\/types\/product"}],"wp:featuredmedia":[{"embeddable":true,"href":"https:\/\/www.jelenov-greben.si\/trgovina\/wp-json\/wp\/v2\/media\/32102"}],"wp:attachment":[{"href":"https:\/\/www.jelenov-greben.si\/trgovina\/wp-json\/wp\/v2\/media?parent=30938"}],"wp:term":[{"taxonomy":"product_brand","embeddable":true,"href":"https:\/\/www.jelenov-greben.si\/trgovina\/wp-json\/wp\/v2\/product_brand?post=30938"},{"taxonomy":"product_cat","embeddable":true,"href":"https:\/\/www.jelenov-greben.si\/trgovina\/wp-json\/wp\/v2\/product_cat?post=30938"},{"taxonomy":"product_tag","embeddable":true,"href":"https:\/\/www.jelenov-greben.si\/trgovina\/wp-json\/wp\/v2\/product_tag?post=30938"}],"curies":[{"name":"wp","href":"https:\/\/api.w.org\/{rel}","templated":true}]}}