{"id":30940,"date":"2023-01-12T11:40:33","date_gmt":"2023-01-12T11:40:33","guid":{"rendered":"https:\/\/www.jelenov-greben.si\/trgovina\/izdelek\/med-s-suhim-sadjem-med-s-suhimi-marelicami-245g\/"},"modified":"2025-03-18T13:43:57","modified_gmt":"2025-03-18T12:43:57","slug":"med-s-suhim-sadjem-med-s-suhimi-marelicami-245g","status":"publish","type":"product","link":"https:\/\/www.jelenov-greben.si\/trgovina\/izdelek\/med-s-suhim-sadjem-med-s-suhimi-marelicami-245g\/","title":{"rendered":"MED S SUHIMI MARELICAMI 212ml"},"content":{"rendered":"<p><span data-sheets-value=\"{&quot;1&quot;:2,&quot;2&quot;:&quot;Me\u0161anica doma\u010dih suhih marelic in akacijevega medu je kombinacija, ki bo razvajala va\u0161e brbon\u010dice. Z vsako zajeto \u017elico boste u\u017eivali v novem okusu, med pa bo poskrbel tudi za dodatno mero vitaminov in mineralov, saj velja kot doma\u010de sredstvo za krepitev imunskega sistema. Odli\u010dno se poda k jogurtom, sladoledu, sadnim kupam,\u2026&quot;}\" data-sheets-userformat=\"{&quot;2&quot;:513,&quot;3&quot;:{&quot;1&quot;:0},&quot;12&quot;:0}\">Me\u0161anica doma\u010dih suhih marelic in akacijevega medu je kombinacija, ki bo razvajala va\u0161e brbon\u010dice. Z vsako zajeto \u017elico boste u\u017eivali v novem okusu, med pa bo poskrbel tudi za dodatno mero vitaminov in mineralov, saj velja kot doma\u010de sredstvo za krepitev imunskega sistema. Odli\u010dno se poda k jogurtom, sladoledu, sadnim kupam,\u2026<\/span><\/p>\n<p>&nbsp;<\/p>\n<p>Darilo za dedka\/ darilo za babico\/ darilo za o\u010deta \/ darilo za mamo\/\u00a0 poslovna darila \/ darilo za rojstni dan \/ darilo za posebne prilo\u017enosti \/ darilo za poroko \/ poro\u010dno darilo \/ darilo \/ darilo za star\u0161e<\/p>\n","protected":false},"excerpt":{"rendered":"<p><span data-sheets-value=\"{&quot;1&quot;:2,&quot;2&quot;:&quot;Me\u0161anica doma\u010dih suhih marelic in akacijevega medu je kombinacija, ki bo razvajala va\u0161e brbon\u010dice. Z vsako zajeto \u017elico boste u\u017eivali v novem okusu, med pa bo poskrbel tudi za dodatno mero vitaminov in mineralov, saj velja kot doma\u010de sredstvo za krepitev imunskega sistema. Odli\u010dno se poda k jogurtom, sladoledu, sadnim kupam,\u2026&quot;}\" data-sheets-userformat=\"{&quot;2&quot;:513,&quot;3&quot;:{&quot;1&quot;:0},&quot;12&quot;:0}\">Me\u0161anica doma\u010dih suhih marelic in akacijevega medu je kombinacija, ki bo razvajala va\u0161e brbon\u010dice.\u00a0<\/span><\/p>\n<p>vsebina: 212g<\/p>\n<p>&nbsp;<\/p>\n","protected":false},"featured_media":32289,"template":"","meta":[],"product_brand":[],"product_cat":[202],"product_tag":[],"class_list":{"0":"post-30940","1":"product","2":"type-product","3":"status-publish","4":"has-post-thumbnail","6":"product_cat-med","9":"first","10":"instock","11":"shipping-taxable","12":"purchasable","13":"product-type-simple"},"_links":{"self":[{"href":"https:\/\/www.jelenov-greben.si\/trgovina\/wp-json\/wp\/v2\/product\/30940","targetHints":{"allow":["GET"]}}],"collection":[{"href":"https:\/\/www.jelenov-greben.si\/trgovina\/wp-json\/wp\/v2\/product"}],"about":[{"href":"https:\/\/www.jelenov-greben.si\/trgovina\/wp-json\/wp\/v2\/types\/product"}],"wp:featuredmedia":[{"embeddable":true,"href":"https:\/\/www.jelenov-greben.si\/trgovina\/wp-json\/wp\/v2\/media\/32289"}],"wp:attachment":[{"href":"https:\/\/www.jelenov-greben.si\/trgovina\/wp-json\/wp\/v2\/media?parent=30940"}],"wp:term":[{"taxonomy":"product_brand","embeddable":true,"href":"https:\/\/www.jelenov-greben.si\/trgovina\/wp-json\/wp\/v2\/product_brand?post=30940"},{"taxonomy":"product_cat","embeddable":true,"href":"https:\/\/www.jelenov-greben.si\/trgovina\/wp-json\/wp\/v2\/product_cat?post=30940"},{"taxonomy":"product_tag","embeddable":true,"href":"https:\/\/www.jelenov-greben.si\/trgovina\/wp-json\/wp\/v2\/product_tag?post=30940"}],"curies":[{"name":"wp","href":"https:\/\/api.w.org\/{rel}","templated":true}]}}