{"id":30945,"date":"2023-01-12T11:40:33","date_gmt":"2023-01-12T11:40:33","guid":{"rendered":"https:\/\/www.jelenov-greben.si\/trgovina\/izdelek\/med-z-oreski-akacijev-med-z-orehi-245g\/"},"modified":"2023-10-10T08:04:21","modified_gmt":"2023-10-10T07:04:21","slug":"med-z-oreski-akacijev-med-z-orehi-245g","status":"publish","type":"product","link":"https:\/\/www.jelenov-greben.si\/trgovina\/izdelek\/med-z-oreski-akacijev-med-z-orehi-245g\/","title":{"rendered":"OVIJALKA ZA MED"},"content":{"rendered":"<p>\u017dli\u010dka za med \/ ovijalka za med \/ medena \u017eli\u010dka \/ lesena ovijalka \/ med \/ poro\u010dno darilo \/ poslovna darila \/ darilo<\/p>\n","protected":false},"excerpt":{"rendered":"<p>Ovijalka za med z gravuro &#8221;Jelenov greben&#8221;<\/p>\n<p>Za ve\u010dje koli\u010dine vam lahko graviramo napis po \u017eelji,\u00a0 v opombe napi\u0161ite va\u0161e \u017eelje ali nas kontaktirajte.<\/p>\n","protected":false},"featured_media":31961,"template":"","meta":[],"product_brand":[],"product_cat":[202],"product_tag":[],"class_list":{"0":"post-30945","1":"product","2":"type-product","3":"status-publish","4":"has-post-thumbnail","6":"product_cat-med","9":"first","10":"instock","11":"shipping-taxable","12":"purchasable","13":"product-type-simple"},"_links":{"self":[{"href":"https:\/\/www.jelenov-greben.si\/trgovina\/wp-json\/wp\/v2\/product\/30945","targetHints":{"allow":["GET"]}}],"collection":[{"href":"https:\/\/www.jelenov-greben.si\/trgovina\/wp-json\/wp\/v2\/product"}],"about":[{"href":"https:\/\/www.jelenov-greben.si\/trgovina\/wp-json\/wp\/v2\/types\/product"}],"wp:featuredmedia":[{"embeddable":true,"href":"https:\/\/www.jelenov-greben.si\/trgovina\/wp-json\/wp\/v2\/media\/31961"}],"wp:attachment":[{"href":"https:\/\/www.jelenov-greben.si\/trgovina\/wp-json\/wp\/v2\/media?parent=30945"}],"wp:term":[{"taxonomy":"product_brand","embeddable":true,"href":"https:\/\/www.jelenov-greben.si\/trgovina\/wp-json\/wp\/v2\/product_brand?post=30945"},{"taxonomy":"product_cat","embeddable":true,"href":"https:\/\/www.jelenov-greben.si\/trgovina\/wp-json\/wp\/v2\/product_cat?post=30945"},{"taxonomy":"product_tag","embeddable":true,"href":"https:\/\/www.jelenov-greben.si\/trgovina\/wp-json\/wp\/v2\/product_tag?post=30945"}],"curies":[{"name":"wp","href":"https:\/\/api.w.org\/{rel}","templated":true}]}}