{"id":30946,"date":"2023-01-12T11:40:33","date_gmt":"2023-01-12T10:40:33","guid":{"rendered":"https:\/\/www.jelenov-greben.si\/trgovina\/izdelek\/zlati-med-akacijev-med-z-22-karatnim-zlatim-prahom-106g\/"},"modified":"2026-03-05T08:54:29","modified_gmt":"2026-03-05T07:54:29","slug":"zlati-med-akacijev-med-z-22-karatnim-zlatim-prahom-106g","status":"publish","type":"product","link":"https:\/\/www.jelenov-greben.si\/trgovina\/izdelek\/zlati-med-akacijev-med-z-22-karatnim-zlatim-prahom-106g\/","title":{"rendered":"MED Z 22-KARATNIM ZLATIM PRAHOM"},"content":{"rendered":"<p><span data-sheets-value=\"{&quot;1&quot;:2,&quot;2&quot;:&quot;Naravnemu doma\u010demu akacijevem medu je dodano \u010disto 22-karatno jedilno zlato, kateremu \u017ee od nekdaj pripisujejo blagodejno nadnaravno mo\u010d. Zlati med lahko uporabimo kot dodatek k hrani in pija\u010di, kot dekoracijo sla\u0161\u010dic in drugih jedi. Vsebuje ve\u010d fruktoze kot glukoze, zato ga lahko uporabljajo tudi la\u017eji sladkorni bolniki. &quot;}\" data-sheets-userformat=\"{&quot;2&quot;:513,&quot;3&quot;:{&quot;1&quot;:0},&quot;12&quot;:0}\">Naravnemu doma\u010demu akacijevem medu je dodano \u010disto 22-karatno jedilno zlato, kateremu \u017ee od nekdaj pripisujejo blagodejno nadnaravno mo\u010d. Zlati med lahko uporabimo kot dodatek k hrani in pija\u010di, kot dekoracijo sla\u0161\u010dic in drugih jedi. Vsebuje ve\u010d fruktoze kot glukoze, zato ga lahko uporabljajo tudi la\u017eji sladkorni bolniki. <\/span><\/p>\n","protected":false},"excerpt":{"rendered":"<p><strong>Akacijev med z 22ka zlatim prahom<\/strong> v elegantni embala\u017ei z leseno gravirano \u017eli\u010dko<\/p>\n<p>vsebina: 106g<\/p>\n","protected":false},"featured_media":34449,"template":"","meta":[],"product_brand":[],"product_cat":[202],"product_tag":[],"class_list":{"0":"post-30946","1":"product","2":"type-product","3":"status-publish","4":"has-post-thumbnail","6":"product_cat-med","9":"first","10":"instock","11":"shipping-taxable","12":"purchasable","13":"product-type-simple"},"_links":{"self":[{"href":"https:\/\/www.jelenov-greben.si\/trgovina\/wp-json\/wp\/v2\/product\/30946","targetHints":{"allow":["GET"]}}],"collection":[{"href":"https:\/\/www.jelenov-greben.si\/trgovina\/wp-json\/wp\/v2\/product"}],"about":[{"href":"https:\/\/www.jelenov-greben.si\/trgovina\/wp-json\/wp\/v2\/types\/product"}],"wp:featuredmedia":[{"embeddable":true,"href":"https:\/\/www.jelenov-greben.si\/trgovina\/wp-json\/wp\/v2\/media\/34449"}],"wp:attachment":[{"href":"https:\/\/www.jelenov-greben.si\/trgovina\/wp-json\/wp\/v2\/media?parent=30946"}],"wp:term":[{"taxonomy":"product_brand","embeddable":true,"href":"https:\/\/www.jelenov-greben.si\/trgovina\/wp-json\/wp\/v2\/product_brand?post=30946"},{"taxonomy":"product_cat","embeddable":true,"href":"https:\/\/www.jelenov-greben.si\/trgovina\/wp-json\/wp\/v2\/product_cat?post=30946"},{"taxonomy":"product_tag","embeddable":true,"href":"https:\/\/www.jelenov-greben.si\/trgovina\/wp-json\/wp\/v2\/product_tag?post=30946"}],"curies":[{"name":"wp","href":"https:\/\/api.w.org\/{rel}","templated":true}]}}