{"id":30950,"date":"2023-01-12T11:40:34","date_gmt":"2023-01-12T11:40:34","guid":{"rendered":"https:\/\/www.jelenov-greben.si\/trgovina\/izdelek\/gozdni-caj90g\/"},"modified":"2023-05-31T13:58:21","modified_gmt":"2023-05-31T12:58:21","slug":"gozdni-caj90g","status":"publish","type":"product","link":"https:\/\/www.jelenov-greben.si\/trgovina\/izdelek\/gozdni-caj90g\/","title":{"rendered":"GOZDNI \u010cAJ"},"content":{"rendered":"<p>Doma\u010di \u010daji z omamno aromo in ne\u017enim okusom za hladne dni.<\/p>\n","protected":false},"excerpt":{"rendered":"<ul>\n<li><strong>Gozdni \u010daj<\/strong> z o<span data-sheets-value=\"{&quot;1&quot;:2,&quot;2&quot;:&quot;Opojna aroma, omamni okus Sestavine: hibiskus, \u0161ipek, jabolka, bezeg in pomaran\u010dna lupina.&quot;}\">pojno aromo in omamnim okusom<\/span><\/li>\n<li><span data-sheets-value=\"{&quot;1&quot;:2,&quot;2&quot;:&quot;Opojna aroma, omamni okus Sestavine: hibiskus, \u0161ipek, jabolka, bezeg in pomaran\u010dna lupina.&quot;}\"> Sestavine: hibiskus, \u0161ipek, jabolka, bezeg in pomaran\u010dna lupina<\/span><\/li>\n<li>neto koli\u010dina: 90 g<\/li>\n<li><strong>PRIPAVA<\/strong>: \u010dajno \u017eli\u010dko \u010daja prelijte z 2 dl vro\u010de vode. Pustite v vodi 8 min.<\/li>\n<li>Poreklo: Slovenija<\/li>\n<li>ne vsebuje alergenov<\/li>\n<\/ul>\n","protected":false},"featured_media":31708,"template":"","meta":[],"product_brand":[],"product_cat":[188],"product_tag":[],"class_list":{"0":"post-30950","1":"product","2":"type-product","3":"status-publish","4":"has-post-thumbnail","6":"product_cat-caji","9":"first","10":"instock","11":"shipping-taxable","12":"purchasable","13":"product-type-simple"},"_links":{"self":[{"href":"https:\/\/www.jelenov-greben.si\/trgovina\/wp-json\/wp\/v2\/product\/30950","targetHints":{"allow":["GET"]}}],"collection":[{"href":"https:\/\/www.jelenov-greben.si\/trgovina\/wp-json\/wp\/v2\/product"}],"about":[{"href":"https:\/\/www.jelenov-greben.si\/trgovina\/wp-json\/wp\/v2\/types\/product"}],"wp:featuredmedia":[{"embeddable":true,"href":"https:\/\/www.jelenov-greben.si\/trgovina\/wp-json\/wp\/v2\/media\/31708"}],"wp:attachment":[{"href":"https:\/\/www.jelenov-greben.si\/trgovina\/wp-json\/wp\/v2\/media?parent=30950"}],"wp:term":[{"taxonomy":"product_brand","embeddable":true,"href":"https:\/\/www.jelenov-greben.si\/trgovina\/wp-json\/wp\/v2\/product_brand?post=30950"},{"taxonomy":"product_cat","embeddable":true,"href":"https:\/\/www.jelenov-greben.si\/trgovina\/wp-json\/wp\/v2\/product_cat?post=30950"},{"taxonomy":"product_tag","embeddable":true,"href":"https:\/\/www.jelenov-greben.si\/trgovina\/wp-json\/wp\/v2\/product_tag?post=30950"}],"curies":[{"name":"wp","href":"https:\/\/api.w.org\/{rel}","templated":true}]}}