{"id":30953,"date":"2023-01-12T11:40:34","date_gmt":"2023-01-12T10:40:34","guid":{"rendered":"https:\/\/www.jelenov-greben.si\/trgovina\/izdelek\/cajne-epruvete\/"},"modified":"2025-09-27T13:01:25","modified_gmt":"2025-09-27T12:01:25","slug":"cajne-epruvete","status":"publish","type":"product","link":"https:\/\/www.jelenov-greben.si\/trgovina\/izdelek\/cajne-epruvete\/","title":{"rendered":"\u010cAJ V EPRUVETAH"},"content":{"rendered":"<p>Pet epruvet doma\u010dih \u010dajev.<\/p>\n<p>SAMOSTANSKI: me\u0161anica zdravilnih zeli\u0161\u010d iz<br \/>\nbotani\u010dnega vrta pri Samostanu Olimje<br \/>\nGOZDNI: hibiskus, jabolka, bezeg, \u0161ipek,<br \/>\npomaran\u010dna lupina<br \/>\nZELI\u0160\u010cNI: me\u0161anica zeli\u0161\u010d iz babi\u010dinega vrta<br \/>\n(melisa, meta, lipa, ognji\u010d, bezeg jerebika,<br \/>\nplodovi \u010drnega trna)<br \/>\nMETA: poprova meta za pomiritev<br \/>\nKAMILICA: vsestranska zdravilna ro\u017eica<\/p>\n","protected":false},"excerpt":{"rendered":"<p><strong>\u010caji v epruvetah:<\/strong><\/p>\n<p>Pet epruvetk z doma\u010dimi \u010daji iz Samostana Olimje.<\/p>\n<p>SESTAVINE:<\/p>\n<ul>\n<li>SAMOSTANSKI: me\u0161ani zeli\u0161\u010dni \u010daj iz Samostana Olimje<\/li>\n<li>GOZDNI: hibiskus, jabolka, bezeg, \u0161ipek, pomaran\u010dna lupina<\/li>\n<li>ZELI\u0160\u010cNI: me\u0161ana vrtna zeli\u0161\u010da<\/li>\n<li>META<\/li>\n<li>KAMILICA<\/li>\n<\/ul>\n<p>Neto koli\u010dina: 50 g<\/p>\n<p>Poreklo: Slovenija<\/p>\n","protected":false},"featured_media":34041,"template":"","meta":[],"product_brand":[],"product_cat":[188],"product_tag":[],"class_list":{"0":"post-30953","1":"product","2":"type-product","3":"status-publish","4":"has-post-thumbnail","6":"product_cat-caji","9":"first","10":"instock","11":"shipping-taxable","12":"purchasable","13":"product-type-simple"},"_links":{"self":[{"href":"https:\/\/www.jelenov-greben.si\/trgovina\/wp-json\/wp\/v2\/product\/30953","targetHints":{"allow":["GET"]}}],"collection":[{"href":"https:\/\/www.jelenov-greben.si\/trgovina\/wp-json\/wp\/v2\/product"}],"about":[{"href":"https:\/\/www.jelenov-greben.si\/trgovina\/wp-json\/wp\/v2\/types\/product"}],"wp:featuredmedia":[{"embeddable":true,"href":"https:\/\/www.jelenov-greben.si\/trgovina\/wp-json\/wp\/v2\/media\/34041"}],"wp:attachment":[{"href":"https:\/\/www.jelenov-greben.si\/trgovina\/wp-json\/wp\/v2\/media?parent=30953"}],"wp:term":[{"taxonomy":"product_brand","embeddable":true,"href":"https:\/\/www.jelenov-greben.si\/trgovina\/wp-json\/wp\/v2\/product_brand?post=30953"},{"taxonomy":"product_cat","embeddable":true,"href":"https:\/\/www.jelenov-greben.si\/trgovina\/wp-json\/wp\/v2\/product_cat?post=30953"},{"taxonomy":"product_tag","embeddable":true,"href":"https:\/\/www.jelenov-greben.si\/trgovina\/wp-json\/wp\/v2\/product_tag?post=30953"}],"curies":[{"name":"wp","href":"https:\/\/api.w.org\/{rel}","templated":true}]}}