{"id":30956,"date":"2023-01-12T11:40:34","date_gmt":"2023-01-12T10:40:34","guid":{"rendered":"https:\/\/www.jelenov-greben.si\/trgovina\/izdelek\/zimski-paket\/"},"modified":"2025-04-02T14:29:50","modified_gmt":"2025-04-02T13:29:50","slug":"zimski-paket","status":"publish","type":"product","link":"https:\/\/www.jelenov-greben.si\/trgovina\/izdelek\/zimski-paket\/","title":{"rendered":"ZIMSKI PAKET"},"content":{"rendered":"<p><strong>Darilo za dedka\/ darilo za mamo\/ darilo za babico\/ darilo za o\u010deta \/ poslovna darila \/ darilo za rojstni dan \/ darilo za posebne prilo\u017enosti \/ darilo za poroko \/ poro\u010dno darilo \/ darilo \/ darilo za star\u0161e \/ darilo za poslovne partnerje \/ darilo za zlato poroko \/ darilo za abrahama \/<\/strong><strong>darilo za poslovne partnerje \/ made in Slovenia \/ Slovenija \/ darilo \/<\/strong><\/p>\n","protected":false},"excerpt":{"rendered":"<p>Paket vsebuje doma\u010di \u010daj (gozdni ali zeli\u0161\u010dni) in akacijev med z leseno \u017eli\u010dko, zapakirano v eleganca S embala\u017eo<\/p>\n","protected":false},"featured_media":30895,"template":"","meta":[],"product_brand":[],"product_cat":[188,236],"product_tag":[],"class_list":{"0":"post-30956","1":"product","2":"type-product","3":"status-publish","4":"has-post-thumbnail","6":"product_cat-caji","7":"product_cat-sestavljeni-paketi","10":"first","11":"instock","12":"shipping-taxable","13":"purchasable","14":"product-type-simple"},"_links":{"self":[{"href":"https:\/\/www.jelenov-greben.si\/trgovina\/wp-json\/wp\/v2\/product\/30956","targetHints":{"allow":["GET"]}}],"collection":[{"href":"https:\/\/www.jelenov-greben.si\/trgovina\/wp-json\/wp\/v2\/product"}],"about":[{"href":"https:\/\/www.jelenov-greben.si\/trgovina\/wp-json\/wp\/v2\/types\/product"}],"wp:featuredmedia":[{"embeddable":true,"href":"https:\/\/www.jelenov-greben.si\/trgovina\/wp-json\/wp\/v2\/media\/30895"}],"wp:attachment":[{"href":"https:\/\/www.jelenov-greben.si\/trgovina\/wp-json\/wp\/v2\/media?parent=30956"}],"wp:term":[{"taxonomy":"product_brand","embeddable":true,"href":"https:\/\/www.jelenov-greben.si\/trgovina\/wp-json\/wp\/v2\/product_brand?post=30956"},{"taxonomy":"product_cat","embeddable":true,"href":"https:\/\/www.jelenov-greben.si\/trgovina\/wp-json\/wp\/v2\/product_cat?post=30956"},{"taxonomy":"product_tag","embeddable":true,"href":"https:\/\/www.jelenov-greben.si\/trgovina\/wp-json\/wp\/v2\/product_tag?post=30956"}],"curies":[{"name":"wp","href":"https:\/\/api.w.org\/{rel}","templated":true}]}}