{"id":30958,"date":"2023-01-12T11:40:34","date_gmt":"2023-01-12T10:40:34","guid":{"rendered":"https:\/\/www.jelenov-greben.si\/trgovina\/izdelek\/domace-marmelade-bucna-marmelada-245-g\/"},"modified":"2024-01-30T12:00:36","modified_gmt":"2024-01-30T11:00:36","slug":"domace-marmelade-bucna-marmelada-245-g","status":"publish","type":"product","link":"https:\/\/www.jelenov-greben.si\/trgovina\/izdelek\/domace-marmelade-bucna-marmelada-245-g\/","title":{"rendered":"DOMA\u010cA BU\u010cNA MARMELADA 245 g"},"content":{"rendered":"","protected":false},"excerpt":{"rendered":"<p><span data-sheets-value=\"{&quot;1&quot;:2,&quot;2&quot;:&quot;Marmelada iz mu\u0161katnih bu\u010d z limono,rumom in\\r\\ncimetom. Na voljo v kozarcih po 106 ml in 245 ml.&quot;}\" data-sheets-userformat=\"{&quot;2&quot;:513,&quot;3&quot;:{&quot;1&quot;:0},&quot;12&quot;:0}\">Marmelada iz mu\u0161katnih bu\u010d in cimeta je zagotovo na\u0161a najbolj prodajna marmelada, saj ima omamen okus, katera navdu\u0161i vsakogar.<\/span><\/p>\n","protected":false},"featured_media":31109,"template":"","meta":[],"product_brand":[],"product_cat":[181],"product_tag":[],"class_list":{"0":"post-30958","1":"product","2":"type-product","3":"status-publish","4":"has-post-thumbnail","6":"product_cat-marmelade","9":"first","10":"instock","11":"shipping-taxable","12":"purchasable","13":"product-type-simple"},"_links":{"self":[{"href":"https:\/\/www.jelenov-greben.si\/trgovina\/wp-json\/wp\/v2\/product\/30958","targetHints":{"allow":["GET"]}}],"collection":[{"href":"https:\/\/www.jelenov-greben.si\/trgovina\/wp-json\/wp\/v2\/product"}],"about":[{"href":"https:\/\/www.jelenov-greben.si\/trgovina\/wp-json\/wp\/v2\/types\/product"}],"wp:featuredmedia":[{"embeddable":true,"href":"https:\/\/www.jelenov-greben.si\/trgovina\/wp-json\/wp\/v2\/media\/31109"}],"wp:attachment":[{"href":"https:\/\/www.jelenov-greben.si\/trgovina\/wp-json\/wp\/v2\/media?parent=30958"}],"wp:term":[{"taxonomy":"product_brand","embeddable":true,"href":"https:\/\/www.jelenov-greben.si\/trgovina\/wp-json\/wp\/v2\/product_brand?post=30958"},{"taxonomy":"product_cat","embeddable":true,"href":"https:\/\/www.jelenov-greben.si\/trgovina\/wp-json\/wp\/v2\/product_cat?post=30958"},{"taxonomy":"product_tag","embeddable":true,"href":"https:\/\/www.jelenov-greben.si\/trgovina\/wp-json\/wp\/v2\/product_tag?post=30958"}],"curies":[{"name":"wp","href":"https:\/\/api.w.org\/{rel}","templated":true}]}}