{"id":30988,"date":"2023-01-12T11:40:37","date_gmt":"2023-01-12T10:40:37","guid":{"rendered":"https:\/\/www.jelenov-greben.si\/trgovina\/izdelek\/marmelada-dvojec-velikidva-okusa-marmelad-2245g\/"},"modified":"2024-05-16T10:57:16","modified_gmt":"2024-05-16T09:57:16","slug":"marmelada-dvojec-velikidva-okusa-marmelad-2245g","status":"publish","type":"product","link":"https:\/\/www.jelenov-greben.si\/trgovina\/izdelek\/marmelada-dvojec-velikidva-okusa-marmelad-2245g\/","title":{"rendered":"MARMELADA DVOJ\u010cEK 2 x 245g"},"content":{"rendered":"<p>Dve marmeladi, pakirani v embala\u017eo iz valovite lepenke in leseno \u017eli\u010dko.<\/p>\n","protected":false},"excerpt":{"rendered":"<p>Dve marmeladi, pakirani v embala\u017eo iz valovite lepenke in leseno \u017eli\u010dko.<\/p>\n","protected":false},"featured_media":30884,"template":"","meta":[],"product_brand":[],"product_cat":[181],"product_tag":[],"class_list":{"0":"post-30988","1":"product","2":"type-product","3":"status-publish","4":"has-post-thumbnail","6":"product_cat-marmelade","9":"first","10":"instock","11":"shipping-taxable","12":"purchasable","13":"product-type-simple"},"_links":{"self":[{"href":"https:\/\/www.jelenov-greben.si\/trgovina\/wp-json\/wp\/v2\/product\/30988","targetHints":{"allow":["GET"]}}],"collection":[{"href":"https:\/\/www.jelenov-greben.si\/trgovina\/wp-json\/wp\/v2\/product"}],"about":[{"href":"https:\/\/www.jelenov-greben.si\/trgovina\/wp-json\/wp\/v2\/types\/product"}],"wp:featuredmedia":[{"embeddable":true,"href":"https:\/\/www.jelenov-greben.si\/trgovina\/wp-json\/wp\/v2\/media\/30884"}],"wp:attachment":[{"href":"https:\/\/www.jelenov-greben.si\/trgovina\/wp-json\/wp\/v2\/media?parent=30988"}],"wp:term":[{"taxonomy":"product_brand","embeddable":true,"href":"https:\/\/www.jelenov-greben.si\/trgovina\/wp-json\/wp\/v2\/product_brand?post=30988"},{"taxonomy":"product_cat","embeddable":true,"href":"https:\/\/www.jelenov-greben.si\/trgovina\/wp-json\/wp\/v2\/product_cat?post=30988"},{"taxonomy":"product_tag","embeddable":true,"href":"https:\/\/www.jelenov-greben.si\/trgovina\/wp-json\/wp\/v2\/product_tag?post=30988"}],"curies":[{"name":"wp","href":"https:\/\/api.w.org\/{rel}","templated":true}]}}