{"id":30989,"date":"2023-01-12T11:40:37","date_gmt":"2023-01-12T10:40:37","guid":{"rendered":"https:\/\/www.jelenov-greben.si\/trgovina\/izdelek\/marmelada-trojcek-mali-trije-okusi-marmelad-3106g\/"},"modified":"2024-05-16T10:58:18","modified_gmt":"2024-05-16T09:58:18","slug":"marmelada-trojcek-mali-trije-okusi-marmelad-3106g","status":"publish","type":"product","link":"https:\/\/www.jelenov-greben.si\/trgovina\/izdelek\/marmelada-trojcek-mali-trije-okusi-marmelad-3106g\/","title":{"rendered":"MARMELADA TROJ\u010cEK 3x106g"},"content":{"rendered":"<p>trije okusi marmelad, pakirano v embala\u017eo iz valovite lepenke in leseno \u017eli\u010dko<\/p>\n","protected":false},"excerpt":{"rendered":"<p>Troj\u010dek marmelad v darilni valoviti lepenki<\/p>\n<p>vsebina: 3 x 106g<\/p>\n","protected":false},"featured_media":31766,"template":"","meta":[],"product_brand":[],"product_cat":[181],"product_tag":[],"class_list":{"0":"post-30989","1":"product","2":"type-product","3":"status-publish","4":"has-post-thumbnail","6":"product_cat-marmelade","9":"first","10":"instock","11":"shipping-taxable","12":"purchasable","13":"product-type-simple"},"_links":{"self":[{"href":"https:\/\/www.jelenov-greben.si\/trgovina\/wp-json\/wp\/v2\/product\/30989","targetHints":{"allow":["GET"]}}],"collection":[{"href":"https:\/\/www.jelenov-greben.si\/trgovina\/wp-json\/wp\/v2\/product"}],"about":[{"href":"https:\/\/www.jelenov-greben.si\/trgovina\/wp-json\/wp\/v2\/types\/product"}],"wp:featuredmedia":[{"embeddable":true,"href":"https:\/\/www.jelenov-greben.si\/trgovina\/wp-json\/wp\/v2\/media\/31766"}],"wp:attachment":[{"href":"https:\/\/www.jelenov-greben.si\/trgovina\/wp-json\/wp\/v2\/media?parent=30989"}],"wp:term":[{"taxonomy":"product_brand","embeddable":true,"href":"https:\/\/www.jelenov-greben.si\/trgovina\/wp-json\/wp\/v2\/product_brand?post=30989"},{"taxonomy":"product_cat","embeddable":true,"href":"https:\/\/www.jelenov-greben.si\/trgovina\/wp-json\/wp\/v2\/product_cat?post=30989"},{"taxonomy":"product_tag","embeddable":true,"href":"https:\/\/www.jelenov-greben.si\/trgovina\/wp-json\/wp\/v2\/product_tag?post=30989"}],"curies":[{"name":"wp","href":"https:\/\/api.w.org\/{rel}","templated":true}]}}