{"id":31015,"date":"2023-01-12T11:40:40","date_gmt":"2023-01-12T11:40:40","guid":{"rendered":"https:\/\/www.jelenov-greben.si\/trgovina\/izdelek\/viljamovka-viljamovka-200-ml-200-ml\/"},"modified":"2026-04-21T07:43:12","modified_gmt":"2026-04-21T06:43:12","slug":"viljamovka-viljamovka-200-ml-200-ml","status":"publish","type":"product","link":"https:\/\/www.jelenov-greben.si\/trgovina\/izdelek\/viljamovka-viljamovka-200-ml-200-ml\/","title":{"rendered":"VILJAMOVKA Z 22KA ZLATOM IN HRU\u0160KAMI"},"content":{"rendered":"<p>Sestavljeno darilno pakiranje, v katerem so doma\u010di izdelki z Jelenovega grebena. Odli\u010dno darilo za bli\u017enje, sorodnike, prijatelje, poslovne partnerje ali zase. Na voljo so \u017ee sestavljeni paketi, lahko pa si pakete po svojih \u017eeljah in okusih prilagodite in sestavite sami.<\/p>\n<p><strong>Darilo za dedka\/ darilo za o\u010deta \/ poslovna darila \/ darilo za rojstni dan \/ darilo za posebne prilo\u017enosti \/ darilo za poroko \/ poro\u010dno darilo \/ darilo \/ darilo za star\u0161e \/ darilo za poslovne partnerje\/<\/strong><strong> made in Slovenia \/ Slovenija \/ darilo \/<\/strong><\/p>\n<p>&nbsp;<\/p>\n","protected":false},"excerpt":{"rendered":"<p>Viljamovka z 22ka zlatim prahom in mini hru\u0161kami<\/p>\n<p>vsebina:212ml<\/p>\n","protected":false},"featured_media":31875,"template":"","meta":[],"product_brand":[],"product_cat":[219],"product_tag":[],"class_list":{"0":"post-31015","1":"product","2":"type-product","3":"status-publish","4":"has-post-thumbnail","6":"product_cat-zgane-pijace","9":"first","10":"instock","11":"shipping-taxable","12":"purchasable","13":"product-type-simple"},"_links":{"self":[{"href":"https:\/\/www.jelenov-greben.si\/trgovina\/wp-json\/wp\/v2\/product\/31015","targetHints":{"allow":["GET"]}}],"collection":[{"href":"https:\/\/www.jelenov-greben.si\/trgovina\/wp-json\/wp\/v2\/product"}],"about":[{"href":"https:\/\/www.jelenov-greben.si\/trgovina\/wp-json\/wp\/v2\/types\/product"}],"wp:featuredmedia":[{"embeddable":true,"href":"https:\/\/www.jelenov-greben.si\/trgovina\/wp-json\/wp\/v2\/media\/31875"}],"wp:attachment":[{"href":"https:\/\/www.jelenov-greben.si\/trgovina\/wp-json\/wp\/v2\/media?parent=31015"}],"wp:term":[{"taxonomy":"product_brand","embeddable":true,"href":"https:\/\/www.jelenov-greben.si\/trgovina\/wp-json\/wp\/v2\/product_brand?post=31015"},{"taxonomy":"product_cat","embeddable":true,"href":"https:\/\/www.jelenov-greben.si\/trgovina\/wp-json\/wp\/v2\/product_cat?post=31015"},{"taxonomy":"product_tag","embeddable":true,"href":"https:\/\/www.jelenov-greben.si\/trgovina\/wp-json\/wp\/v2\/product_tag?post=31015"}],"curies":[{"name":"wp","href":"https:\/\/api.w.org\/{rel}","templated":true}]}}