{"id":31034,"date":"2023-01-12T11:40:42","date_gmt":"2023-01-12T11:40:42","guid":{"rendered":"https:\/\/www.jelenov-greben.si\/trgovina\/izdelek\/sadje-v-zganju-marelice-v-zganju-212-ml\/"},"modified":"2024-05-31T10:55:50","modified_gmt":"2024-05-31T09:55:50","slug":"sadje-v-zganju-marelice-v-zganju-212-ml","status":"publish","type":"product","link":"https:\/\/www.jelenov-greben.si\/trgovina\/izdelek\/sadje-v-zganju-marelice-v-zganju-212-ml\/","title":{"rendered":"MARELICE V \u017dGANJU 212 ml"},"content":{"rendered":"","protected":false},"excerpt":{"rendered":"<p>Marelice namo\u010dene v doma\u010dem sadjevcu<\/p>\n","protected":false},"featured_media":31903,"template":"","meta":[],"product_brand":[],"product_cat":[219],"product_tag":[],"class_list":{"0":"post-31034","1":"product","2":"type-product","3":"status-publish","4":"has-post-thumbnail","6":"product_cat-zgane-pijace","9":"first","10":"instock","11":"shipping-taxable","12":"purchasable","13":"product-type-simple"},"_links":{"self":[{"href":"https:\/\/www.jelenov-greben.si\/trgovina\/wp-json\/wp\/v2\/product\/31034","targetHints":{"allow":["GET"]}}],"collection":[{"href":"https:\/\/www.jelenov-greben.si\/trgovina\/wp-json\/wp\/v2\/product"}],"about":[{"href":"https:\/\/www.jelenov-greben.si\/trgovina\/wp-json\/wp\/v2\/types\/product"}],"wp:featuredmedia":[{"embeddable":true,"href":"https:\/\/www.jelenov-greben.si\/trgovina\/wp-json\/wp\/v2\/media\/31903"}],"wp:attachment":[{"href":"https:\/\/www.jelenov-greben.si\/trgovina\/wp-json\/wp\/v2\/media?parent=31034"}],"wp:term":[{"taxonomy":"product_brand","embeddable":true,"href":"https:\/\/www.jelenov-greben.si\/trgovina\/wp-json\/wp\/v2\/product_brand?post=31034"},{"taxonomy":"product_cat","embeddable":true,"href":"https:\/\/www.jelenov-greben.si\/trgovina\/wp-json\/wp\/v2\/product_cat?post=31034"},{"taxonomy":"product_tag","embeddable":true,"href":"https:\/\/www.jelenov-greben.si\/trgovina\/wp-json\/wp\/v2\/product_tag?post=31034"}],"curies":[{"name":"wp","href":"https:\/\/api.w.org\/{rel}","templated":true}]}}