{"id":31043,"date":"2023-01-12T11:40:42","date_gmt":"2023-01-12T11:40:42","guid":{"rendered":"https:\/\/www.jelenov-greben.si\/trgovina\/izdelek\/posamicno-pakiranje-marelicni-sok200-ml\/"},"modified":"2025-03-18T10:30:23","modified_gmt":"2025-03-18T09:30:23","slug":"posamicno-pakiranje-marelicni-sok200-ml","status":"publish","type":"product","link":"https:\/\/www.jelenov-greben.si\/trgovina\/izdelek\/posamicno-pakiranje-marelicni-sok200-ml\/","title":{"rendered":"MARELI\u010cNI SOK 0,2L"},"content":{"rendered":"<p>doma\u010di mareli\u010dni sok | mareli\u010dni sok | sok iz marelic | doma\u010di sokovi<\/p>\n","protected":false},"excerpt":{"rendered":"<p>Doma\u010d mareli\u010dni sok vsebuje:<\/p>\n<p>MARELICA (min. 60% sadni dele\u017e), voda, sladkor, antioksidant: askorbinska kislina. Pasteriziran.<\/p>\n<p>HRANILNA TABELA:\u00a0 \u00a0 100g \u017eivila<\/p>\n<ul>\n<li>Energijska vrednost:\u00a0 \u00a080kcal<\/li>\n<li>Beljakovine:\u00a0 0,6g<\/li>\n<li>Ogljikovi hidrati 19,1g\u00a0 od tega sladkorji 17g<\/li>\n<li>Ma\u0161\u010dobe: 0,1g<\/li>\n<\/ul>\n<p>&nbsp;<\/p>\n","protected":false},"featured_media":32033,"template":"","meta":[],"product_brand":[],"product_cat":[233],"product_tag":[],"class_list":{"0":"post-31043","1":"product","2":"type-product","3":"status-publish","4":"has-post-thumbnail","6":"product_cat-sokovi","9":"first","10":"outofstock","11":"shipping-taxable","12":"purchasable","13":"product-type-simple"},"_links":{"self":[{"href":"https:\/\/www.jelenov-greben.si\/trgovina\/wp-json\/wp\/v2\/product\/31043","targetHints":{"allow":["GET"]}}],"collection":[{"href":"https:\/\/www.jelenov-greben.si\/trgovina\/wp-json\/wp\/v2\/product"}],"about":[{"href":"https:\/\/www.jelenov-greben.si\/trgovina\/wp-json\/wp\/v2\/types\/product"}],"wp:featuredmedia":[{"embeddable":true,"href":"https:\/\/www.jelenov-greben.si\/trgovina\/wp-json\/wp\/v2\/media\/32033"}],"wp:attachment":[{"href":"https:\/\/www.jelenov-greben.si\/trgovina\/wp-json\/wp\/v2\/media?parent=31043"}],"wp:term":[{"taxonomy":"product_brand","embeddable":true,"href":"https:\/\/www.jelenov-greben.si\/trgovina\/wp-json\/wp\/v2\/product_brand?post=31043"},{"taxonomy":"product_cat","embeddable":true,"href":"https:\/\/www.jelenov-greben.si\/trgovina\/wp-json\/wp\/v2\/product_cat?post=31043"},{"taxonomy":"product_tag","embeddable":true,"href":"https:\/\/www.jelenov-greben.si\/trgovina\/wp-json\/wp\/v2\/product_tag?post=31043"}],"curies":[{"name":"wp","href":"https:\/\/api.w.org\/{rel}","templated":true}]}}