{"id":31058,"date":"2023-01-12T11:40:43","date_gmt":"2023-01-12T11:40:43","guid":{"rendered":"https:\/\/www.jelenov-greben.si\/trgovina\/izdelek\/bucno-olje-in-kisdomace-bucno-olje-in-jabolcni-kis-2100-ml\/"},"modified":"2023-03-31T06:46:20","modified_gmt":"2023-03-31T05:46:20","slug":"bucno-olje-in-kisdomace-bucno-olje-in-jabolcni-kis-2100-ml","status":"publish","type":"product","link":"https:\/\/www.jelenov-greben.si\/trgovina\/izdelek\/bucno-olje-in-kisdomace-bucno-olje-in-jabolcni-kis-2100-ml\/","title":{"rendered":"BU\u010cNO OLJE IN JABOL\u010cNI KIS V NOSILKI 2*106 ml"},"content":{"rendered":"<p>Doma\u010de bu\u010dno olje in jabol\u010dni kis v lesenem namiznem pakiranju<\/p>\n","protected":false},"excerpt":{"rendered":"<p>Doma\u010de bu\u010dno olje in jabol\u010dni kis v lesenem namiznem pakiranju<\/p>\n","protected":false},"featured_media":32138,"template":"","meta":[],"product_brand":[],"product_cat":[189],"product_tag":[],"class_list":{"0":"post-31058","1":"product","2":"type-product","3":"status-publish","4":"has-post-thumbnail","6":"product_cat-kis-in-bucno-olje","9":"first","10":"instock","11":"shipping-taxable","12":"purchasable","13":"product-type-variable"},"_links":{"self":[{"href":"https:\/\/www.jelenov-greben.si\/trgovina\/wp-json\/wp\/v2\/product\/31058","targetHints":{"allow":["GET"]}}],"collection":[{"href":"https:\/\/www.jelenov-greben.si\/trgovina\/wp-json\/wp\/v2\/product"}],"about":[{"href":"https:\/\/www.jelenov-greben.si\/trgovina\/wp-json\/wp\/v2\/types\/product"}],"wp:featuredmedia":[{"embeddable":true,"href":"https:\/\/www.jelenov-greben.si\/trgovina\/wp-json\/wp\/v2\/media\/32138"}],"wp:attachment":[{"href":"https:\/\/www.jelenov-greben.si\/trgovina\/wp-json\/wp\/v2\/media?parent=31058"}],"wp:term":[{"taxonomy":"product_brand","embeddable":true,"href":"https:\/\/www.jelenov-greben.si\/trgovina\/wp-json\/wp\/v2\/product_brand?post=31058"},{"taxonomy":"product_cat","embeddable":true,"href":"https:\/\/www.jelenov-greben.si\/trgovina\/wp-json\/wp\/v2\/product_cat?post=31058"},{"taxonomy":"product_tag","embeddable":true,"href":"https:\/\/www.jelenov-greben.si\/trgovina\/wp-json\/wp\/v2\/product_tag?post=31058"}],"curies":[{"name":"wp","href":"https:\/\/api.w.org\/{rel}","templated":true}]}}