{"id":31670,"date":"2023-02-02T09:34:52","date_gmt":"2023-02-02T08:34:52","guid":{"rendered":"https:\/\/www.jelenov-greben.si\/trgovina\/?post_type=product&#038;p=31670"},"modified":"2026-02-27T13:44:05","modified_gmt":"2026-02-27T12:44:05","slug":"mesani-domaci-piskoti-v-kozarcu","status":"publish","type":"product","link":"https:\/\/www.jelenov-greben.si\/trgovina\/izdelek\/mesani-domaci-piskoti-v-kozarcu\/","title":{"rendered":"POLJUB\u010cKI V KOZARCU"},"content":{"rendered":"<p>sladki slaj\u0161i najslaj\u0161i poljub\u010dki iz beljakov\u00a0 v steklenem kozarcu<\/p>\n","protected":false},"excerpt":{"rendered":"<p>sladki slaj\u0161i najslaj\u0161i poljub\u010dki iz beljakov\u00a0 v steklenem kozarcu<\/p>\n","protected":false},"featured_media":32526,"template":"","meta":[],"product_brand":[],"product_cat":[218],"product_tag":[],"class_list":{"0":"post-31670","1":"product","2":"type-product","3":"status-publish","4":"has-post-thumbnail","6":"product_cat-piskoti","9":"first","10":"outofstock","11":"shipping-taxable","12":"purchasable","13":"product-type-simple"},"_links":{"self":[{"href":"https:\/\/www.jelenov-greben.si\/trgovina\/wp-json\/wp\/v2\/product\/31670","targetHints":{"allow":["GET"]}}],"collection":[{"href":"https:\/\/www.jelenov-greben.si\/trgovina\/wp-json\/wp\/v2\/product"}],"about":[{"href":"https:\/\/www.jelenov-greben.si\/trgovina\/wp-json\/wp\/v2\/types\/product"}],"wp:featuredmedia":[{"embeddable":true,"href":"https:\/\/www.jelenov-greben.si\/trgovina\/wp-json\/wp\/v2\/media\/32526"}],"wp:attachment":[{"href":"https:\/\/www.jelenov-greben.si\/trgovina\/wp-json\/wp\/v2\/media?parent=31670"}],"wp:term":[{"taxonomy":"product_brand","embeddable":true,"href":"https:\/\/www.jelenov-greben.si\/trgovina\/wp-json\/wp\/v2\/product_brand?post=31670"},{"taxonomy":"product_cat","embeddable":true,"href":"https:\/\/www.jelenov-greben.si\/trgovina\/wp-json\/wp\/v2\/product_cat?post=31670"},{"taxonomy":"product_tag","embeddable":true,"href":"https:\/\/www.jelenov-greben.si\/trgovina\/wp-json\/wp\/v2\/product_tag?post=31670"}],"curies":[{"name":"wp","href":"https:\/\/api.w.org\/{rel}","templated":true}]}}