{"id":32354,"date":"2023-05-31T13:00:32","date_gmt":"2023-05-31T12:00:32","guid":{"rendered":"https:\/\/www.jelenov-greben.si\/trgovina\/?post_type=product&#038;p=32354"},"modified":"2023-10-11T10:05:15","modified_gmt":"2023-10-11T09:05:15","slug":"32354","status":"publish","type":"product","link":"https:\/\/www.jelenov-greben.si\/trgovina\/izdelek\/32354\/","title":{"rendered":"KUHINJSKA DESKA Z GRAVIRANIM VERZOM"},"content":{"rendered":"<p><strong>Darilo za dedka\/ darilo za o\u010deta \/ poslovna darila \/ darilo za rojstni dan \/ darilo za posebne prilo\u017enosti \/ darilo za poroko \/ poro\u010dno darilo \/ darilo \/ darilo za star\u0161e \/ darilo za poslovne partnerje \/ \/ made in Slovenia \/ Slovenija \/ darilo \/ masivne deke \/ lesene deske \/kuhinjske deske \/kuhinja\u00a0<\/strong><\/p>\n","protected":false},"excerpt":{"rendered":"<p>\u010cudovito unikatno darilo za prijatelje, dru\u017eino ali pa kar zase.<\/p>\n<ul>\n<li>Na deski je lasersko vgraviran verz \u201cNaj \u010dlovek pol sveta obte\u010de, najbolj\u0161i kruh doma se spe\u010de!\u201d.<\/li>\n<li>unikatna deska<\/li>\n<li>z mo\u017enostjo svoje gravure z dopla\u010dilo<\/li>\n<\/ul>\n<p>&nbsp;<\/p>\n<p>za ve\u010d info. nas kontaktirajte na\u00a0<a href=\"https:\/\/www.google.com\/search?client=avast-a-1&amp;q=turisti%C4%8Dni+center+piki&amp;oq=turisti%C4%8Dni+center+piki&amp;aqs=avast..69i57j69i61.4313j0j4&amp;ie=UTF-8#\" data-dtype=\"d3ph\" data-local-attribute=\"d3ph\" data-ved=\"2ahUKEwitkMyGvoj9AhVQNOwKHVJQDLMQkAgoAHoECFgQAw\"><span aria-label=\"Pokli\u010di telefonsko \u0161tevilko 065 551 022\">065 551 022<\/span><\/a>\u00a0ali na mail\u00a0<b>ptc@jelenov-greben.si<\/b><\/p>\n<p>&nbsp;<\/p>\n","protected":false},"featured_media":32353,"template":"","meta":[],"product_brand":[59],"product_cat":[199],"product_tag":[],"class_list":{"0":"post-32354","1":"product","2":"type-product","3":"status-publish","4":"has-post-thumbnail","6":"product_brand-jelenov-greben","7":"product_cat-masivne-deske","10":"first","11":"instock","12":"shipping-taxable","13":"purchasable","14":"product-type-simple"},"_links":{"self":[{"href":"https:\/\/www.jelenov-greben.si\/trgovina\/wp-json\/wp\/v2\/product\/32354","targetHints":{"allow":["GET"]}}],"collection":[{"href":"https:\/\/www.jelenov-greben.si\/trgovina\/wp-json\/wp\/v2\/product"}],"about":[{"href":"https:\/\/www.jelenov-greben.si\/trgovina\/wp-json\/wp\/v2\/types\/product"}],"wp:featuredmedia":[{"embeddable":true,"href":"https:\/\/www.jelenov-greben.si\/trgovina\/wp-json\/wp\/v2\/media\/32353"}],"wp:attachment":[{"href":"https:\/\/www.jelenov-greben.si\/trgovina\/wp-json\/wp\/v2\/media?parent=32354"}],"wp:term":[{"taxonomy":"product_brand","embeddable":true,"href":"https:\/\/www.jelenov-greben.si\/trgovina\/wp-json\/wp\/v2\/product_brand?post=32354"},{"taxonomy":"product_cat","embeddable":true,"href":"https:\/\/www.jelenov-greben.si\/trgovina\/wp-json\/wp\/v2\/product_cat?post=32354"},{"taxonomy":"product_tag","embeddable":true,"href":"https:\/\/www.jelenov-greben.si\/trgovina\/wp-json\/wp\/v2\/product_tag?post=32354"}],"curies":[{"name":"wp","href":"https:\/\/api.w.org\/{rel}","templated":true}]}}